{"id":154296,"date":"2021-01-15T14:26:50","date_gmt":"2021-01-15T14:26:50","guid":{"rendered":"https:\/\/codengine3.ch\/?product=import-placeholder-for-203814"},"modified":"2021-01-15T14:26:53","modified_gmt":"2021-01-15T14:26:53","slug":"petit-manuel-de-meteo-montagne","status":"publish","type":"product","link":"https:\/\/pizbube.ch\/en\/shop\/petit-manuel-de-meteo-montagne\/","title":{"rendered":"Petit manuel de m\u00e9t\u00e9o montagne"},"content":{"rendered":"<p>Ce guide explique les ph\u00e9nom\u00e8nes climatiques rencontr\u00e9s en montagne, il permet<br \/>\n\u00e0 tout pratiquant de pr\u00e9voir le temps et d&#8217;adopter sur le terrain les bons<br \/>\ncomportements face aux menaces m\u00e9t\u00e9orologiques.  <\/p>\n<p>Quel temps va-t-il faire &#8211; Comment anticiper une chute de neige, mesurer<br \/>\nl&#8217;ampleur d&#8217;un orage, \u00e9viter la foudre &#8211; Comment synth\u00e9tiser bulletins m\u00e9t\u00e9o,<br \/>\ncartes techniques, images satellitaires, m\u00e9t\u00e9o sur Internet et&#8230; bon sens &#8211;<br \/>\nTout randonneur, alpiniste, parapentiste ou simple promeneur s&#8217;est un jour<br \/>\npos\u00e9 ces questions &#8211; Le climat de montagne a ses particularit\u00e9s, la pr\u00e9vision<br \/>\nses m\u00e9thodes. C&#8217;est pourquoi Jean-Jacques Thillet a con\u00e7u un guide explicatif<br \/>\net accessible \u00e0 tous, un outil concret pour savoir lire le ciel et pr\u00e9server<br \/>\nsa s\u00e9curit\u00e9.  <\/p>","protected":false},"excerpt":{"rendered":"<p>Ce guide explique les ph\u00e9nom\u00e8nes climatiques rencontr\u00e9s en montagne, il permet \u00e0 tout pratiquant de pr\u00e9voir le temps et d&#8217;adopter sur le terrain les bons comportements face aux menaces m\u00e9t\u00e9orologiques. Quel temps va-t-il faire &#8211; Comment anticiper une chute de neige, mesurer l&#8217;ampleur d&#8217;un orage, \u00e9viter la foudre &#8211; Comment synth\u00e9tiser bulletins m\u00e9t\u00e9o, cartes techniques, [&#8230;]\n","protected":false},"featured_media":31506,"template":"","meta":[],"product_brand":[],"product_cat":[21538],"product_tag":[],"class_list":{"0":"post-154296","1":"product","2":"type-product","3":"status-publish","4":"has-post-thumbnail","6":"product_cat-lehrbuecher","7":"pa_autor-thillet-schueller","8":"pa_erscheinungsjahr-21693","9":"pa_region-orientierung-wetter-ausbildung","10":"pa_sprache-fr","12":"first","13":"instock","14":"taxable","15":"shipping-taxable","16":"purchasable","17":"product-type-simple"},"_links":{"self":[{"href":"https:\/\/pizbube.ch\/en\/wp-json\/wp\/v2\/product\/154296","targetHints":{"allow":["GET"]}}],"collection":[{"href":"https:\/\/pizbube.ch\/en\/wp-json\/wp\/v2\/product"}],"about":[{"href":"https:\/\/pizbube.ch\/en\/wp-json\/wp\/v2\/types\/product"}],"wp:featuredmedia":[{"embeddable":true,"href":"https:\/\/pizbube.ch\/en\/wp-json\/wp\/v2\/media\/31506"}],"wp:attachment":[{"href":"https:\/\/pizbube.ch\/en\/wp-json\/wp\/v2\/media?parent=154296"}],"wp:term":[{"taxonomy":"product_brand","embeddable":true,"href":"https:\/\/pizbube.ch\/en\/wp-json\/wp\/v2\/product_brand?post=154296"},{"taxonomy":"product_cat","embeddable":true,"href":"https:\/\/pizbube.ch\/en\/wp-json\/wp\/v2\/product_cat?post=154296"},{"taxonomy":"product_tag","embeddable":true,"href":"https:\/\/pizbube.ch\/en\/wp-json\/wp\/v2\/product_tag?post=154296"}],"curies":[{"name":"wp","href":"https:\/\/api.w.org\/{rel}","templated":true}]}}