{"id":154297,"date":"2021-01-15T14:26:50","date_gmt":"2021-01-15T14:26:50","guid":{"rendered":"https:\/\/codengine3.ch\/?product=import-placeholder-for-205592"},"modified":"2021-01-15T14:42:26","modified_gmt":"2021-01-15T14:42:26","slug":"manuel-de-meteorologie-pour-randonneurs-et-alpinistes","status":"publish","type":"product","link":"https:\/\/pizbube.ch\/en\/shop\/manuel-de-meteorologie-pour-randonneurs-et-alpinistes\/","title":{"rendered":"Manuel de m\u00e9t\u00e9orologie pour randonneurs et alpinistes"},"content":{"rendered":"<p>De la table des mati\u00e8res:<br \/>\nCirculation g\u00e9n\u00e9rale<br \/>\nSituations m\u00e9t\u00e9orologiques typiques pour les Alpes<br \/>\nDangers en montagne r\u00e9sultant de ph\u00e9nom\u00e8nes m\u00e9t\u00e9orologiques<br \/>\nQuelques r\u00e8gles m\u00e9t\u00e9orologiques<br \/>\nPr\u00e9visions m\u00e9t\u00e9orologiques Peu d&#8217;activit\u00e9s sportives de plein air d\u00e9pendent<br \/>\nautant des caprices du temps que l&#8217;alpinisme. Le temps est un facteur tr\u00e8s<br \/>\nimportant, qui &#8218;abandon d&#8217;une course en montagne. Chaque ann\u00e9e, des alpinistes<br \/>\nse retrouvent en difficult\u00e9 en montagne car ils n&#8217;ont pas pr\u00eat\u00e9 une attention<br \/>\nsuffisante \u00e0 la m\u00e9t\u00e9o ou manquent des connaissances et de l&#8217;exp\u00e9rience<br \/>\nn\u00e9cessaires pour interpr\u00e9ter correctement les signes du ciel. Cet ouvrage, se<br \/>\nbasant sur les \u00e9ditions de 1982 et de 1991 du Pr\u00e9cis de m\u00e9t\u00e9orologie, d\u00e9livre<br \/>\nles connaissances de base qui permettent de mieux comprendre les ph\u00e9nom\u00e8nes<br \/>\nm\u00e9t\u00e9orologiques et donc de mieux pr\u00e9voir l&#8217;\u00e9volution du temps. Il aide le<br \/>\nrandonneur \u00e0 d\u00e9terminer s&#8217;il doit reporter la course pr\u00e9vue ou, une fois en<br \/>\nmontagne, \u00e0 reconna\u00eetre suffisamment t\u00f4t les dangers li\u00e9s \u00e0 la m\u00e9t\u00e9o et \u00e0 agir<br \/>\nen cons\u00e9quence. Pour toute personne s\u00e9journant en montagne, surveiller sans<br \/>\nrel\u00e2che l&#8217;\u00e9volution du temps devrait aller de soi. Car le temps change bien<br \/>\nplus soudainement et radicalement dans l&#8217;espace alpin qu&#8217;en plaine. Il est<br \/>\ndonc d&#8217;autant plus important de r\u00e9agir avec calme et r\u00e9flexion aux sautes<br \/>\nd&#8217;humeur surprenantes et impr\u00e9vues du ciel.  <\/p>\n<p>L&#8217;auteur, Peter Albisser, alpiniste et collaborateur de l&#8217;Institut suisse de<br \/>\nm\u00e9t\u00e9orologie, a r\u00e9ussi \u00e0 pr\u00e9senter au lecteur en quelque 130 pages toute la<br \/>\ncomplexit\u00e9 de la m\u00e9t\u00e9orologie d&#8217;une mani\u00e8re simple, claire et concise. Son<br \/>\nouvrage contient en outre pr\u00e8s de 60 photographies et dessins, ainsi que des<br \/>\ntableaux et des r\u00e9sum\u00e9s. L&#8217;auteur montre \u00e9galement que tout ouvrage \u00e0<br \/>\ncaract\u00e8re scientifique n&#8217;est pas forc\u00e9ment une somme th\u00e9orique r\u00e9barbative.<br \/>\nAinsi, le lecteur apprend, entre autres, comment mesurer la temp\u00e9rature<br \/>\neffectivement ressentie. Mais peut-\u00eatre savez-vous d\u00e9j\u00e0 pourquoi, en Haute-<br \/>\nEngadine, le vent de la Maloja semble contredire la r\u00e8gle en soufflant vers<br \/>\nl&#8217;aval au cours de la journ\u00e9e?<\/p>","protected":false},"excerpt":{"rendered":"<p>De la table des mati\u00e8res: Circulation g\u00e9n\u00e9rale Situations m\u00e9t\u00e9orologiques typiques pour les Alpes Dangers en montagne r\u00e9sultant de ph\u00e9nom\u00e8nes m\u00e9t\u00e9orologiques Quelques r\u00e8gles m\u00e9t\u00e9orologiques Pr\u00e9visions m\u00e9t\u00e9orologiques Peu d&#8217;activit\u00e9s sportives de plein air d\u00e9pendent autant des caprices du temps que l&#8217;alpinisme. Le temps est un facteur tr\u00e8s important, qui &#8218;abandon d&#8217;une course en montagne. Chaque ann\u00e9e, des [&#8230;]\n","protected":false},"featured_media":34365,"template":"","meta":[],"product_brand":[],"product_cat":[21538],"product_tag":[],"class_list":{"0":"post-154297","1":"product","2":"type-product","3":"status-publish","4":"has-post-thumbnail","6":"product_cat-lehrbuecher","7":"pa_autor-albisser","8":"pa_erscheinungsjahr-21610","9":"pa_region-orientierung-wetter-ausbildung","10":"pa_sprache-fr","12":"first","13":"instock","14":"taxable","15":"shipping-taxable","16":"purchasable","17":"product-type-simple"},"_links":{"self":[{"href":"https:\/\/pizbube.ch\/en\/wp-json\/wp\/v2\/product\/154297","targetHints":{"allow":["GET"]}}],"collection":[{"href":"https:\/\/pizbube.ch\/en\/wp-json\/wp\/v2\/product"}],"about":[{"href":"https:\/\/pizbube.ch\/en\/wp-json\/wp\/v2\/types\/product"}],"wp:featuredmedia":[{"embeddable":true,"href":"https:\/\/pizbube.ch\/en\/wp-json\/wp\/v2\/media\/34365"}],"wp:attachment":[{"href":"https:\/\/pizbube.ch\/en\/wp-json\/wp\/v2\/media?parent=154297"}],"wp:term":[{"taxonomy":"product_brand","embeddable":true,"href":"https:\/\/pizbube.ch\/en\/wp-json\/wp\/v2\/product_brand?post=154297"},{"taxonomy":"product_cat","embeddable":true,"href":"https:\/\/pizbube.ch\/en\/wp-json\/wp\/v2\/product_cat?post=154297"},{"taxonomy":"product_tag","embeddable":true,"href":"https:\/\/pizbube.ch\/en\/wp-json\/wp\/v2\/product_tag?post=154297"}],"curies":[{"name":"wp","href":"https:\/\/api.w.org\/{rel}","templated":true}]}}