{"id":154298,"date":"2021-01-15T14:26:50","date_gmt":"2021-01-15T14:26:50","guid":{"rendered":"https:\/\/codengine3.ch\/?product=import-placeholder-for-207818"},"modified":"2021-08-02T17:48:32","modified_gmt":"2021-08-02T15:48:32","slug":"ernst-reiss-erstbesteiger-des-lhotse","status":"publish","type":"product","link":"https:\/\/pizbube.ch\/en\/shop\/ernst-reiss-erstbesteiger-des-lhotse\/","title":{"rendered":"Ernst Reiss &#8211; Erstbesteiger des Lhotse"},"content":{"rendered":"<p>Neben der Erstbesteigung des Lhotse (8516 m) gelangen Ernst Reiss (1920\u20132010)<br \/>\nauch in den Alpen grosse Erstbegehungen, unter anderen die S\u00fcdostwand des<br \/>\nKleinen Wellhorns und die Nordostwand des Gspaltenhorns. Oft war er dabei mit<br \/>\nseinem Seilgef\u00e4hrten D\u00f6lf Reist unterwegs. Auf zwei Expeditionen in die<br \/>\nperuanischen Anden gelangen Reiss 1959 und 1965 mehrere Erstbesteigungen.<\/p>\n<p>In einfachen Verh\u00e4ltnissen in Davos aufgewachsen, blieb Ernst Reiss trotz<br \/>\nseiner Erfolge ein bescheidener Mensch, der sich nie ins Rampenlicht stellte.<br \/>\nDer gelernte Metallarbeiter war Mitglied der Naturfreunde und des Schweizer<br \/>\nAlpen-Club; der \u00d6sterreichische Alpenklub, eine Vereinigung leistungsstarker<br \/>\nBergsteiger, nahm ihn als Ehrenmitglied auf. Er schrieb gern und verfasste<br \/>\nh\u00e4ufig Berichte f\u00fcr die alpine Presse und die Zeitung \u00abSport\u00bb. Der Berner<br \/>\nOberl\u00e4nder Schriftsteller Erwin Heimann ermunterte ihn zu seinem<br \/>\nautobiografischen Werk \u00abMein Weg als Bergsteiger\u00bb. Das Buch erz\u00e4hlt<br \/>\nanschaulich und spannend von seinem Werdegang als Alpinist von den B\u00fcndner<br \/>\nBergen bis zu den h\u00f6chsten Gipfeln der Welt.<\/p>\n<p>Reiss schaffe damit \u00abeine Br\u00fccke vom Bergerlebnis zur Literatur\u00bb, schreibt<br \/>\nHeimann im Vorwort des Buchs. Es ist das literarische Dokument einer Zeit, in<br \/>\nder sich der Alpinismus in der Schweiz und international rasch entwickelte,<br \/>\naber noch frei war von der heutigen Kommerzialisierung. Expeditionen waren<br \/>\nlangwierige und abenteuerliche Unterfangen, die Rettungstechnik war auch in<br \/>\nden Alpen noch wenig entwickelt. Ernst Reiss nahm bis ins hohe Alter regen<br \/>\nAnteil an der Entwicklung des Alpinismus, pflegte einen grossen Freundeskreis<br \/>\nund blieb stets ein kritischer Geist. \u00abIch habe ein reiches Leben gehabt\u00bb,<br \/>\nsagte er kurz vor seinem Tod. Eine Neuausgabe seines Buches, erg\u00e4nzt mit einer<br \/>\naktualisierenden Einf\u00fchrung und neueren Texten rechtfertigt sich als<br \/>\nalpinhistorisches Zeitdokument, spannende Lekt\u00fcre und W\u00fcrdigung einer grossen<br \/>\nPers\u00f6nlichkeit.<\/p>","protected":false},"excerpt":{"rendered":"<p>Neben der Erstbesteigung des Lhotse (8516 m) gelangen Ernst Reiss (1920\u20132010) auch in den Alpen grosse Erstbegehungen, unter anderen die S\u00fcdostwand des Kleinen Wellhorns und die Nordostwand des Gspaltenhorns. Oft war er dabei mit seinem Seilgef\u00e4hrten D\u00f6lf Reist unterwegs. Auf zwei Expeditionen in die peruanischen Anden gelangen Reiss 1959 und 1965 mehrere Erstbesteigungen. In einfachen [&#8230;]\n","protected":false},"featured_media":38512,"template":"","meta":[],"product_brand":[],"product_cat":[21542],"product_tag":[],"class_list":{"0":"post-154298","1":"product","2":"type-product","3":"status-publish","4":"has-post-thumbnail","6":"product_cat-sachbuecher-dokumentationen","7":"pa_autor-reiss-zopfi","8":"pa_erscheinungsjahr-21621","9":"pa_region-schweiz","10":"pa_sprache-de","12":"first","13":"onbackorder","14":"taxable","15":"shipping-taxable","16":"purchasable","17":"product-type-simple"},"_links":{"self":[{"href":"https:\/\/pizbube.ch\/en\/wp-json\/wp\/v2\/product\/154298","targetHints":{"allow":["GET"]}}],"collection":[{"href":"https:\/\/pizbube.ch\/en\/wp-json\/wp\/v2\/product"}],"about":[{"href":"https:\/\/pizbube.ch\/en\/wp-json\/wp\/v2\/types\/product"}],"wp:featuredmedia":[{"embeddable":true,"href":"https:\/\/pizbube.ch\/en\/wp-json\/wp\/v2\/media\/38512"}],"wp:attachment":[{"href":"https:\/\/pizbube.ch\/en\/wp-json\/wp\/v2\/media?parent=154298"}],"wp:term":[{"taxonomy":"product_brand","embeddable":true,"href":"https:\/\/pizbube.ch\/en\/wp-json\/wp\/v2\/product_brand?post=154298"},{"taxonomy":"product_cat","embeddable":true,"href":"https:\/\/pizbube.ch\/en\/wp-json\/wp\/v2\/product_cat?post=154298"},{"taxonomy":"product_tag","embeddable":true,"href":"https:\/\/pizbube.ch\/en\/wp-json\/wp\/v2\/product_tag?post=154298"}],"curies":[{"name":"wp","href":"https:\/\/api.w.org\/{rel}","templated":true}]}}