{"id":154300,"date":"2021-01-15T14:26:51","date_gmt":"2021-01-15T14:26:51","guid":{"rendered":"https:\/\/codengine3.ch\/?product=import-placeholder-for-206366"},"modified":"2024-04-04T12:28:55","modified_gmt":"2024-04-04T10:28:55","slug":"dolomiten-vertikal-das-weltnaturerbe-aus-der-luft","status":"publish","type":"product","link":"https:\/\/pizbube.ch\/en\/shop\/dolomiten-vertikal-das-weltnaturerbe-aus-der-luft\/","title":{"rendered":"Dolomiten vertikal &#8211; Das Weltnaturerbe aus der Luft"},"content":{"rendered":"<p>Ackermann ersetzt den klassischen weiten Panoramablick durch die radikale<br \/>\nVerwendung der Panoramakamera im Hochformat. Kombiniert mit der<br \/>\nVogelperspektive, verleiht dies den Ansichten gro\u00dfe r\u00e4umliche Tiefe und H\u00f6he.<\/p>\n<p>Es entstehen Bilder, die mit den bisherigen Sehgewohnheiten brechen. Dabei<br \/>\nscheint diese Art der Fotografie wie f\u00fcr die Dolomiten geschaffen zu sein:<br \/>\nKaum einer anderen Berglandschaft ist die Vertikalit\u00e4t so zu eigen wie diesem<br \/>\nGebirge mit seinem unmittelbaren Nebeneinander von bl\u00fchenden Almen, steilen<br \/>\nKaren und himmelragenden Zacken, T\u00fcrmen und Zinnen.<\/p>\n<p>Dem Bildteil vorangestellt ist eine landeskundliche Einf\u00fchrung der S\u00fcdtiroler<br \/>\nAutorin Ingrid Runggaldier Moroder.<\/p>\n<p>Hardcover<br \/>\n112 Seiten; 38 cm x 22 cm<\/p>","protected":false},"excerpt":{"rendered":"<p>Ackermann ersetzt den klassischen weiten Panoramablick durch die radikale Verwendung der Panoramakamera im Hochformat. Kombiniert mit der Vogelperspektive, verleiht dies den Ansichten gro\u00dfe r\u00e4umliche Tiefe und H\u00f6he. Es entstehen Bilder, die mit den bisherigen Sehgewohnheiten brechen. Dabei scheint diese Art der Fotografie wie f\u00fcr die Dolomiten geschaffen zu sein: Kaum einer anderen Berglandschaft ist die [&#8230;]\n","protected":false},"featured_media":172331,"template":"","meta":[],"product_brand":[],"product_cat":[21542],"product_tag":[],"class_list":{"0":"post-154300","1":"product","2":"type-product","3":"status-publish","4":"has-post-thumbnail","6":"product_cat-sachbuecher-dokumentationen","7":"pa_autor-ackermann","8":"pa_erscheinungsjahr-21830","9":"pa_region-italien","10":"pa_sprache-de","12":"first","13":"instock","14":"taxable","15":"shipping-taxable","16":"purchasable","17":"product-type-simple"},"_links":{"self":[{"href":"https:\/\/pizbube.ch\/en\/wp-json\/wp\/v2\/product\/154300","targetHints":{"allow":["GET"]}}],"collection":[{"href":"https:\/\/pizbube.ch\/en\/wp-json\/wp\/v2\/product"}],"about":[{"href":"https:\/\/pizbube.ch\/en\/wp-json\/wp\/v2\/types\/product"}],"wp:featuredmedia":[{"embeddable":true,"href":"https:\/\/pizbube.ch\/en\/wp-json\/wp\/v2\/media\/172331"}],"wp:attachment":[{"href":"https:\/\/pizbube.ch\/en\/wp-json\/wp\/v2\/media?parent=154300"}],"wp:term":[{"taxonomy":"product_brand","embeddable":true,"href":"https:\/\/pizbube.ch\/en\/wp-json\/wp\/v2\/product_brand?post=154300"},{"taxonomy":"product_cat","embeddable":true,"href":"https:\/\/pizbube.ch\/en\/wp-json\/wp\/v2\/product_cat?post=154300"},{"taxonomy":"product_tag","embeddable":true,"href":"https:\/\/pizbube.ch\/en\/wp-json\/wp\/v2\/product_tag?post=154300"}],"curies":[{"name":"wp","href":"https:\/\/api.w.org\/{rel}","templated":true}]}}