{"id":154308,"date":"2021-01-15T14:27:00","date_gmt":"2021-01-15T14:27:00","guid":{"rendered":"https:\/\/codengine3.ch\/?product=import-placeholder-for-204345"},"modified":"2024-08-13T09:28:53","modified_gmt":"2024-08-13T07:28:53","slug":"dickes-b-kletterfuehrer-berlin-brandenburg","status":"publish","type":"product","link":"https:\/\/pizbube.ch\/en\/shop\/dickes-b-kletterfuehrer-berlin-brandenburg\/","title":{"rendered":"Dickes B Kletterf\u00fchrer Berlin Brandenburg"},"content":{"rendered":"<p>Der Kletterf\u00fchrer beschreibt alle m\u00f6glichen und unm\u00f6glichen Klettereien Preussens. Einen solchen F\u00fchrer hat die Welt noch nicht gesehen: Klettern an Bunkern, Br\u00fccken, Ruinen Klettert\u00fcrmen und Findlingen. Und ganz im S\u00fcden der einzige Naturkletterfels des Landes Brandenburg.<\/p>\n<p>Auf 448 Seiten gibt es neben detaillierten Topos Geschichten zu den einzelnen Locations und aufwendig recherchierte Hintergrundinformationen. Au\u00dferdem werden alle Kletter- und Boulderhallen beschrieben. Viele Fotos und Comics verf\u00fchren zum Bl\u00e4ttern und Schmunzeln. Die umfangreiche Ausstattung mit Karten macht die Orientierung kinderleicht. Ein moderner Kletter- und Boulderf\u00fchrer, wie es noch keinen Zweiten gibt!<\/p>\n<p>448 Seiten,<br \/>\n2. Auflage 2023<\/p>","protected":false},"excerpt":{"rendered":"<p>Der Kletterf\u00fchrer beschreibt alle m\u00f6glichen und unm\u00f6glichen Klettereien Preussens. Einen solchen F\u00fchrer hat die Welt noch nicht gesehen: Klettern an Bunkern, Br\u00fccken, Ruinen Klettert\u00fcrmen und Findlingen. Und ganz im S\u00fcden der einzige Naturkletterfels des Landes Brandenburg. Auf 448 Seiten gibt es neben detaillierten Topos Geschichten zu den einzelnen Locations und aufwendig recherchierte Hintergrundinformationen. Au\u00dferdem werden [&#8230;]\n","protected":false},"featured_media":174344,"template":"","meta":[],"product_brand":[],"product_cat":[21539],"product_tag":[],"class_list":{"0":"post-154308","1":"product","2":"type-product","3":"status-publish","4":"has-post-thumbnail","6":"product_cat-fuehrerliteratur-sportklettern-bouldern","7":"pa_autor-krug","8":"pa_erscheinungsjahr-27129","9":"pa_region-deutschland","10":"pa_sprache-de","12":"first","13":"onbackorder","14":"taxable","15":"shipping-taxable","16":"purchasable","17":"product-type-simple"},"_links":{"self":[{"href":"https:\/\/pizbube.ch\/en\/wp-json\/wp\/v2\/product\/154308","targetHints":{"allow":["GET"]}}],"collection":[{"href":"https:\/\/pizbube.ch\/en\/wp-json\/wp\/v2\/product"}],"about":[{"href":"https:\/\/pizbube.ch\/en\/wp-json\/wp\/v2\/types\/product"}],"wp:featuredmedia":[{"embeddable":true,"href":"https:\/\/pizbube.ch\/en\/wp-json\/wp\/v2\/media\/174344"}],"wp:attachment":[{"href":"https:\/\/pizbube.ch\/en\/wp-json\/wp\/v2\/media?parent=154308"}],"wp:term":[{"taxonomy":"product_brand","embeddable":true,"href":"https:\/\/pizbube.ch\/en\/wp-json\/wp\/v2\/product_brand?post=154308"},{"taxonomy":"product_cat","embeddable":true,"href":"https:\/\/pizbube.ch\/en\/wp-json\/wp\/v2\/product_cat?post=154308"},{"taxonomy":"product_tag","embeddable":true,"href":"https:\/\/pizbube.ch\/en\/wp-json\/wp\/v2\/product_tag?post=154308"}],"curies":[{"name":"wp","href":"https:\/\/api.w.org\/{rel}","templated":true}]}}