{"id":154309,"date":"2021-01-15T14:27:01","date_gmt":"2021-01-15T14:27:01","guid":{"rendered":"https:\/\/codengine3.ch\/?product=import-placeholder-for-204594"},"modified":"2022-04-30T09:41:55","modified_gmt":"2022-04-30T07:41:55","slug":"land-der-tausend-berge-geo-kletterfuehrer-sauerland","status":"publish","type":"product","link":"https:\/\/pizbube.ch\/en\/shop\/land-der-tausend-berge-geo-kletterfuehrer-sauerland\/","title":{"rendered":"Land der tausend Berge &#8211; Geo-Kletterf\u00fchrer Sauerland"},"content":{"rendered":"<p>Dies ist der erste Kletterf\u00fchrer f\u00fcr das gesamte Sauerland! Auf 192 Seiten<br \/>\nwerden 12 Klettergebiete detailiert mit Topos und Routenkommentaren<br \/>\ndargestellt. Viele farbige Fotos und lustige Comics machen das Werk zu einem<br \/>\nAugenschmaus.<\/p>\n<p>Sowohl die alten als auch die neuen Gebiete werden im F\u00fchrer vorgestellt. Das<br \/>\nBuch soll auch einen Beitrag f\u00fcr Verst\u00e4ndnis und Akzeptanz des Kletterns als<br \/>\nNatursport von der Bev\u00f6lkerung bis hin zu den Politikern leisten, damit eines<br \/>\nTages auch die historisch bedeutsamen Klettereien von H\u00f6nnetal und Bruchhausen<br \/>\nwieder durchgef\u00fchrt werden k\u00f6nnen.<br \/>\nAm Ende standen 10 neue Gebiete hier im Sauerland, welche in m\u00fchevoller<br \/>\nKleinarbeit bewertet, mit den Naturschutzbeh\u00f6rden abgestimmt und mit<br \/>\nKletterrouten versehen worden sind. Darunter sind wunderbare Feierabendgebiete<br \/>\nmit leichter und gem\u00e4\u00dfigter Kletterei aber auch richtige Krachergebiete mit<br \/>\neiner breiten Auswahl bis hin zu richtigen schweren Sachen, wie zum Beispiel<br \/>\nUnterer Elberskamp, Borghausen und Warstein.<\/p>\n<p>Was das Buch von vielen anderen Kletterf\u00fchrern abhebt, sind die vielen<br \/>\nHintergrundinformationen zu den Felsen von der Entstehungsgeschichte der<br \/>\nGesteine bis hin zur Bedeutung der faszinierenden Strukturen an den einzelnen<br \/>\nFelsen. Der kletternde Geologe Mark Keiter f\u00fchrt uns durch die Wunderwelt der<br \/>\nGesteine. Der Sauerlandf\u00fchrer ist somit der erste Geo-Kletterf\u00fchrer<br \/>\nDeutschlands!<\/p>\n<p>Auflage Juni 2012, DINA-5 Querformat, 192 Seiten, viele Topos, Fotos und<br \/>\nComics. Komplett farbig, mit geologischen und touristischen Informationen!<\/p>","protected":false},"excerpt":{"rendered":"<p>Dies ist der erste Kletterf\u00fchrer f\u00fcr das gesamte Sauerland! Auf 192 Seiten werden 12 Klettergebiete detailiert mit Topos und Routenkommentaren dargestellt. Viele farbige Fotos und lustige Comics machen das Werk zu einem Augenschmaus. Sowohl die alten als auch die neuen Gebiete werden im F\u00fchrer vorgestellt. Das Buch soll auch einen Beitrag f\u00fcr Verst\u00e4ndnis und Akzeptanz [&#8230;]\n","protected":false},"featured_media":32749,"template":"","meta":[],"product_brand":[],"product_cat":[21539],"product_tag":[],"class_list":{"0":"post-154309","1":"product","2":"type-product","3":"status-publish","4":"has-post-thumbnail","6":"product_cat-fuehrerliteratur-sportklettern-bouldern","7":"pa_autor-blach","8":"pa_erscheinungsjahr-21621","9":"pa_region-deutschland","10":"pa_sprache-de","12":"first","13":"outofstock","14":"taxable","15":"shipping-taxable","16":"purchasable","17":"product-type-simple"},"_links":{"self":[{"href":"https:\/\/pizbube.ch\/en\/wp-json\/wp\/v2\/product\/154309","targetHints":{"allow":["GET"]}}],"collection":[{"href":"https:\/\/pizbube.ch\/en\/wp-json\/wp\/v2\/product"}],"about":[{"href":"https:\/\/pizbube.ch\/en\/wp-json\/wp\/v2\/types\/product"}],"wp:featuredmedia":[{"embeddable":true,"href":"https:\/\/pizbube.ch\/en\/wp-json\/wp\/v2\/media\/32749"}],"wp:attachment":[{"href":"https:\/\/pizbube.ch\/en\/wp-json\/wp\/v2\/media?parent=154309"}],"wp:term":[{"taxonomy":"product_brand","embeddable":true,"href":"https:\/\/pizbube.ch\/en\/wp-json\/wp\/v2\/product_brand?post=154309"},{"taxonomy":"product_cat","embeddable":true,"href":"https:\/\/pizbube.ch\/en\/wp-json\/wp\/v2\/product_cat?post=154309"},{"taxonomy":"product_tag","embeddable":true,"href":"https:\/\/pizbube.ch\/en\/wp-json\/wp\/v2\/product_tag?post=154309"}],"curies":[{"name":"wp","href":"https:\/\/api.w.org\/{rel}","templated":true}]}}