{"id":154311,"date":"2021-01-15T14:27:01","date_gmt":"2021-01-15T14:27:01","guid":{"rendered":"https:\/\/codengine3.ch\/?product=import-placeholder-for-204117"},"modified":"2021-01-15T14:29:59","modified_gmt":"2021-01-15T14:29:59","slug":"climb-up-the-fuehrenwand","status":"publish","type":"product","link":"https:\/\/pizbube.ch\/en\/shop\/climb-up-the-fuehrenwand\/","title":{"rendered":"Climb up the F\u00fchrenwand"},"content":{"rendered":"<p>In seinem Tagebuch &#8218;Climb up the F\u00fchrenwand&#8216; erz\u00e4hlt der Extremkletterer<br \/>\nMatthias Trottmann von seiner Erstbegehung einer scheinbar unbezwingbaren<br \/>\nFelswand in Engelberg (Schweiz).<br \/>\nMit eindr\u00fccklichen Bildern und spannenden Berichten zeigt das Tagebuch auf,<br \/>\nwelchen Schwierigkeiten und Herausforderungen er auf seinem Abenteuer im Fels<br \/>\nbegegnet ist.<br \/>\nDer Leser wird zudem \u00fcber die verschiedenen Phasen einer Erstbegehung<br \/>\ninformiert und erf\u00e4hrt interessante Details \u00fcber das f\u00fcr eine solche Tour<br \/>\nben\u00f6tigte Klettermaterial.<br \/>\nDas Resultat des Projektes ist eine der wohl schwierigsten<br \/>\nMehrseilklettertouren der Schweiz, welche nun auf die Rotpunktbegehung wartet.<br \/>\n&#8218;Was jetzt folgt, die freie Begehung der Route, wird nicht minder anstrengend<br \/>\nund spannend. Dies ist aber eine andere Geschichte&#8217;&#8230;<br \/>\nEin kleines spezielles B\u00fcchlein, welches von einem ganz grossen Projekt in<br \/>\neiner der sch\u00f6nsten Landschaft der Schweiz erz\u00e4hlt.<\/p>","protected":false},"excerpt":{"rendered":"<p>In seinem Tagebuch &#8218;Climb up the F\u00fchrenwand&#8216; erz\u00e4hlt der Extremkletterer Matthias Trottmann von seiner Erstbegehung einer scheinbar unbezwingbaren Felswand in Engelberg (Schweiz). Mit eindr\u00fccklichen Bildern und spannenden Berichten zeigt das Tagebuch auf, welchen Schwierigkeiten und Herausforderungen er auf seinem Abenteuer im Fels begegnet ist. Der Leser wird zudem \u00fcber die verschiedenen Phasen einer Erstbegehung informiert [&#8230;]\n","protected":false},"featured_media":31871,"template":"","meta":[],"product_brand":[],"product_cat":[21542],"product_tag":[],"class_list":{"0":"post-154311","1":"product","2":"type-product","3":"status-publish","4":"has-post-thumbnail","6":"product_cat-sachbuecher-dokumentationen","7":"pa_autor-trottmann","8":"pa_erscheinungsjahr-21763","9":"pa_region-schweiz","10":"pa_sprache-de","12":"first","13":"outofstock","14":"taxable","15":"shipping-taxable","16":"purchasable","17":"product-type-simple"},"_links":{"self":[{"href":"https:\/\/pizbube.ch\/en\/wp-json\/wp\/v2\/product\/154311","targetHints":{"allow":["GET"]}}],"collection":[{"href":"https:\/\/pizbube.ch\/en\/wp-json\/wp\/v2\/product"}],"about":[{"href":"https:\/\/pizbube.ch\/en\/wp-json\/wp\/v2\/types\/product"}],"wp:featuredmedia":[{"embeddable":true,"href":"https:\/\/pizbube.ch\/en\/wp-json\/wp\/v2\/media\/31871"}],"wp:attachment":[{"href":"https:\/\/pizbube.ch\/en\/wp-json\/wp\/v2\/media?parent=154311"}],"wp:term":[{"taxonomy":"product_brand","embeddable":true,"href":"https:\/\/pizbube.ch\/en\/wp-json\/wp\/v2\/product_brand?post=154311"},{"taxonomy":"product_cat","embeddable":true,"href":"https:\/\/pizbube.ch\/en\/wp-json\/wp\/v2\/product_cat?post=154311"},{"taxonomy":"product_tag","embeddable":true,"href":"https:\/\/pizbube.ch\/en\/wp-json\/wp\/v2\/product_tag?post=154311"}],"curies":[{"name":"wp","href":"https:\/\/api.w.org\/{rel}","templated":true}]}}