{"id":154312,"date":"2021-01-15T14:27:02","date_gmt":"2021-01-15T14:27:02","guid":{"rendered":"https:\/\/codengine3.ch\/?product=import-placeholder-for-206942"},"modified":"2021-01-15T14:53:37","modified_gmt":"2021-01-15T14:53:37","slug":"das-hoechste","status":"publish","type":"product","link":"https:\/\/pizbube.ch\/en\/shop\/das-hoechste\/","title":{"rendered":"Das H\u00f6chste"},"content":{"rendered":"<p>\nWas Menschen am Everest suchen, finden und verlieren  <\/p>\n<p>Warum wir so verdammt hoch hinaus wollen<br \/>\nSie kommen von \u00fcberall her, geh\u00f6ren unterschiedlichen Religionen und Kulturen<br \/>\nan und haben verschiedene Weltanschauungen. M\u00e4nner und Frauen, die eines<br \/>\ngemeinsam haben: Ihr Ziel ist der h\u00f6chste Berg der Welt. Alle wissen: Der<br \/>\nGipfel ist weit und der Tod nah. Die Extremsituation am Berg konfrontiert sie<br \/>\nmit existenziellen Fragen, die uns alle besch\u00e4ftigen: Fragen nach Zufall und<br \/>\nSchicksal, Angst und Selbst\u00fcbersch\u00e4tzung, Verantwortung und Sinn, Leben und<br \/>\nTod.  <\/p>\n<p>Was geht in Menschen vor, die sich freiwillig in Lebensgefahr begeben, um den<br \/>\nh\u00f6chsten Berg der Welt zu besteigen? Im Fr\u00fchjahr 2010 hat Roger Repplinger an<br \/>\neiner Everest-Expedition teilgenommen. Er beschreibt, wie es ihm im Basislager<br \/>\nauf 5.000 Metern und im Advanced Base Camp auf 6.400 Metern H\u00f6he erging. Er<br \/>\nf\u00fchrte dort mit Bergsteigern, Bergf\u00fchrern und Sherpas intensive Gespr\u00e4che. Er<br \/>\nfragte nach ihrem Umgang mit Gefahr, Ehrgeiz, der Angst vor dem Tod, der<br \/>\nVerantwortung gegen\u00fcber Familie und sich selbst, den Einsichten, die man<br \/>\ngewinnt, wenn man sich seinen \u00c4ngsten stellt; er fragte nach dem, was man am<br \/>\nBerg verliert, und nach Gott.  <\/p>\n<p>Roger Repplinger hat kein Buch nur f\u00fcr Bergsteiger geschrieben, und er f\u00fchrt<br \/>\nuns keine Helden vor. Es geht ihm um die Grundfragen menschlicher Existenz. Am<br \/>\nBerg m\u00fcssen wir Antworten auf Fragen finden, denen wir sonst ausweichen. Am<br \/>\nBerg k\u00f6nnen wir diesen Fragen nicht ausweichen, weil wir mit dem R\u00fccken an der<br \/>\nWand stehen. Und nur wer schon ein paar Antworten hat, kommt nach oben.  <\/p>","protected":false},"excerpt":{"rendered":"<p>Was Menschen am Everest suchen, finden und verlieren Warum wir so verdammt hoch hinaus wollen Sie kommen von \u00fcberall her, geh\u00f6ren unterschiedlichen Religionen und Kulturen an und haben verschiedene Weltanschauungen. M\u00e4nner und Frauen, die eines gemeinsam haben: Ihr Ziel ist der h\u00f6chste Berg der Welt. Alle wissen: Der Gipfel ist weit und der Tod nah. [&#8230;]\n","protected":false},"featured_media":36487,"template":"","meta":[],"product_brand":[],"product_cat":[21542],"product_tag":[],"class_list":{"0":"post-154312","1":"product","2":"type-product","3":"status-publish","4":"has-post-thumbnail","6":"product_cat-sachbuecher-dokumentationen","7":"pa_autor-repplinger","8":"pa_erscheinungsjahr-21610","9":"pa_region-deutschland","10":"pa_sprache-de","12":"first","13":"outofstock","14":"taxable","15":"shipping-taxable","16":"purchasable","17":"product-type-simple"},"_links":{"self":[{"href":"https:\/\/pizbube.ch\/en\/wp-json\/wp\/v2\/product\/154312","targetHints":{"allow":["GET"]}}],"collection":[{"href":"https:\/\/pizbube.ch\/en\/wp-json\/wp\/v2\/product"}],"about":[{"href":"https:\/\/pizbube.ch\/en\/wp-json\/wp\/v2\/types\/product"}],"wp:featuredmedia":[{"embeddable":true,"href":"https:\/\/pizbube.ch\/en\/wp-json\/wp\/v2\/media\/36487"}],"wp:attachment":[{"href":"https:\/\/pizbube.ch\/en\/wp-json\/wp\/v2\/media?parent=154312"}],"wp:term":[{"taxonomy":"product_brand","embeddable":true,"href":"https:\/\/pizbube.ch\/en\/wp-json\/wp\/v2\/product_brand?post=154312"},{"taxonomy":"product_cat","embeddable":true,"href":"https:\/\/pizbube.ch\/en\/wp-json\/wp\/v2\/product_cat?post=154312"},{"taxonomy":"product_tag","embeddable":true,"href":"https:\/\/pizbube.ch\/en\/wp-json\/wp\/v2\/product_tag?post=154312"}],"curies":[{"name":"wp","href":"https:\/\/api.w.org\/{rel}","templated":true}]}}