{"id":154313,"date":"2021-01-15T14:27:10","date_gmt":"2021-01-15T14:27:10","guid":{"rendered":"https:\/\/codengine3.ch\/?product=import-placeholder-for-203853"},"modified":"2021-01-15T14:27:14","modified_gmt":"2021-01-15T14:27:14","slug":"alaska-la-femme-de-denali-dvd","status":"publish","type":"product","link":"https:\/\/pizbube.ch\/en\/shop\/alaska-la-femme-de-denali-dvd\/","title":{"rendered":"Alaska La femme de Denali (DVD )"},"content":{"rendered":"<p>Premi\u00e8re ascension de l&#8217;ar\u00eate de l&#8217;Ind\u00e9pendance, 1976. Quarante jours pass\u00e9s<br \/>\nsur une des montagnes les plus rudes du globe. Des images \u00e0 couper le souffle<br \/>\no\u00f9 alternent les vues grandioses du d\u00e9sert glac\u00e9 et les sc\u00e8nes de la vie<br \/>\nquotidienne : progression des cord\u00e9es, mat\u00e9riel, creusement d&#8217;une grotte<br \/>\nbivouac dans la glace? Le film a \u00e9t\u00e9 prim\u00e9 de nombreuses fois : \u00e0 Trente<br \/>\n(Gentiane d?or ), aux Diablerets, \u00e0 La Plagne&#8230; DVD 60 min.  <\/p>","protected":false},"excerpt":{"rendered":"<p>Premi\u00e8re ascension de l&#8217;ar\u00eate de l&#8217;Ind\u00e9pendance, 1976. Quarante jours pass\u00e9s sur une des montagnes les plus rudes du globe. Des images \u00e0 couper le souffle o\u00f9 alternent les vues grandioses du d\u00e9sert glac\u00e9 et les sc\u00e8nes de la vie quotidienne : progression des cord\u00e9es, mat\u00e9riel, creusement d&#8217;une grotte bivouac dans la glace? Le film a [&#8230;]\n","protected":false},"featured_media":31551,"template":"","meta":[],"product_brand":[],"product_cat":[21628],"product_tag":[],"class_list":{"0":"post-154313","1":"product","2":"type-product","3":"status-publish","4":"has-post-thumbnail","6":"product_cat-video-dvd-multimedia","7":"pa_autor-agresti","8":"pa_erscheinungsjahr-22292","9":"pa_region-amerika-nord","10":"pa_sprache-fr","12":"first","13":"instock","14":"taxable","15":"shipping-taxable","16":"purchasable","17":"product-type-simple"},"_links":{"self":[{"href":"https:\/\/pizbube.ch\/en\/wp-json\/wp\/v2\/product\/154313","targetHints":{"allow":["GET"]}}],"collection":[{"href":"https:\/\/pizbube.ch\/en\/wp-json\/wp\/v2\/product"}],"about":[{"href":"https:\/\/pizbube.ch\/en\/wp-json\/wp\/v2\/types\/product"}],"wp:featuredmedia":[{"embeddable":true,"href":"https:\/\/pizbube.ch\/en\/wp-json\/wp\/v2\/media\/31551"}],"wp:attachment":[{"href":"https:\/\/pizbube.ch\/en\/wp-json\/wp\/v2\/media?parent=154313"}],"wp:term":[{"taxonomy":"product_brand","embeddable":true,"href":"https:\/\/pizbube.ch\/en\/wp-json\/wp\/v2\/product_brand?post=154313"},{"taxonomy":"product_cat","embeddable":true,"href":"https:\/\/pizbube.ch\/en\/wp-json\/wp\/v2\/product_cat?post=154313"},{"taxonomy":"product_tag","embeddable":true,"href":"https:\/\/pizbube.ch\/en\/wp-json\/wp\/v2\/product_tag?post=154313"}],"curies":[{"name":"wp","href":"https:\/\/api.w.org\/{rel}","templated":true}]}}