{"id":154314,"date":"2021-01-15T14:27:18","date_gmt":"2021-01-15T14:27:18","guid":{"rendered":"https:\/\/codengine3.ch\/?product=import-placeholder-for-207622"},"modified":"2021-01-15T16:05:15","modified_gmt":"2021-01-15T16:05:15","slug":"das-versunkene-dorf-dvd","status":"publish","type":"product","link":"https:\/\/pizbube.ch\/en\/shop\/das-versunkene-dorf-dvd\/","title":{"rendered":"Das versunkene Dorf &#8211; DVD"},"content":{"rendered":"<p>\nJeder kennt ihn, den versunkenen Kirchturm im Reschensee. Seine Geschichte<br \/>\nk\u00f6nnen aber immer weniger Leute erz\u00e4hlen. Der Dokumentarfilm \u201eDas versunkene<br \/>\nDorf\u201c begibt sich auf Spurensuche.  <\/p>\n<p>In den 1940er-Jahren spielt sich am Reschenpass eine Trag\u00f6die ab: Fast \u00fcber<br \/>\nNacht wird das Dorf Graun durch ein staatliches Stauseeprojekt unter Wasser<br \/>\ngesetzt. Als der Elektrokonzern Montecatini das Becken, in dem das Dorf steht,<br \/>\nerstmals probeweise und ohne Vorwarnung flutet, leben die meisten Menschen<br \/>\nnoch in ihren H\u00e4usern &#8230; In ber\u00fchrenden Einzelportr\u00e4ts sp\u00fcrt \u201eDas versunkene<br \/>\nDorf\u201c den Fragen nach Heimat und Heimatverlust nach.  <\/p>\n<p>\u00bb Auch italienische und englische Untertitel<br \/>\n\u00bb Mit Bonusmaterial<br \/>\n\u00bb 16 Seiten Booklet mit exklusiven Fotos<br \/>\n\u00bb Teilnahme an \u00fcber 30 Festivals<br \/>\n\u00bb Mehrmals ausgezeichnet (u. a. Preis f\u00fcr den besonderen Film des Bergfilm<br \/>\nFestivals Tegernsee 2018)  <\/p>","protected":false},"excerpt":{"rendered":"<ul>\n<li><a href=\"https:\/\/youtu.be\/zcuWLyiG7q8\" target=\"_blank\" rel=\"noopener\">Video: Trailer &#171;Das versunkene Dorf&#187;<\/a><\/li>\n<\/ul>","protected":false},"featured_media":37975,"template":"","meta":[],"product_brand":[],"product_cat":[21628],"product_tag":[],"class_list":{"0":"post-154314","1":"product","2":"type-product","3":"status-publish","4":"has-post-thumbnail","6":"product_cat-video-dvd-multimedia","7":"pa_autor-lembergh-stecher","8":"pa_erscheinungsjahr-21586","9":"pa_region-italien","10":"pa_sprache-de","12":"first","13":"instock","14":"taxable","15":"shipping-taxable","16":"purchasable","17":"product-type-simple"},"_links":{"self":[{"href":"https:\/\/pizbube.ch\/en\/wp-json\/wp\/v2\/product\/154314","targetHints":{"allow":["GET"]}}],"collection":[{"href":"https:\/\/pizbube.ch\/en\/wp-json\/wp\/v2\/product"}],"about":[{"href":"https:\/\/pizbube.ch\/en\/wp-json\/wp\/v2\/types\/product"}],"wp:featuredmedia":[{"embeddable":true,"href":"https:\/\/pizbube.ch\/en\/wp-json\/wp\/v2\/media\/37975"}],"wp:attachment":[{"href":"https:\/\/pizbube.ch\/en\/wp-json\/wp\/v2\/media?parent=154314"}],"wp:term":[{"taxonomy":"product_brand","embeddable":true,"href":"https:\/\/pizbube.ch\/en\/wp-json\/wp\/v2\/product_brand?post=154314"},{"taxonomy":"product_cat","embeddable":true,"href":"https:\/\/pizbube.ch\/en\/wp-json\/wp\/v2\/product_cat?post=154314"},{"taxonomy":"product_tag","embeddable":true,"href":"https:\/\/pizbube.ch\/en\/wp-json\/wp\/v2\/product_tag?post=154314"}],"curies":[{"name":"wp","href":"https:\/\/api.w.org\/{rel}","templated":true}]}}