{"id":154316,"date":"2021-01-15T14:27:18","date_gmt":"2021-01-15T14:27:18","guid":{"rendered":"https:\/\/codengine3.ch\/?product=import-placeholder-for-208254"},"modified":"2021-01-15T17:51:57","modified_gmt":"2021-01-15T17:51:57","slug":"la-montagne-en-moi-une-vie-dalpiniste-sous-le-signe-du-cervin","status":"publish","type":"product","link":"https:\/\/pizbube.ch\/en\/shop\/la-montagne-en-moi-une-vie-dalpiniste-sous-le-signe-du-cervin\/","title":{"rendered":"La montagne en moi &#8211; Une vie d\u2019alpiniste sous le signe du Cervin"},"content":{"rendered":"<p>Herv\u00e9 Barmasse &#8211; Ancien espoir national de ski, h\u00e9ritier de Walter Bonatti,<br \/>\nl\u2019alpiniste italien raconte avec brio ses ascensions les plus folles.<br \/>\nVingt ans d\u2019aventures v\u00e9cues par \u00ab l\u2019Homme du Cervin \u00bb, sommet dont il a<br \/>\nouvert le plus grand nombre de voies jusqu\u2019\u00e0 ce jour.<\/p>\n<p>\u00ab J\u2019accroche mon hamac. En dessous de moi, le vide, au-dessus, les \u00e9toiles. Je<br \/>\nregarde les lumi\u00e8res de la vall\u00e9e et je me sens en paix. Je ne voudrais \u00eatre<br \/>\nnulle part aileurs. \u00bb \u00c0 16 ans, Herv\u00e9 Barmasse \u00e9tait un espoir du ski italien<br \/>\nquand, en pleine course, il a percut\u00e9 un poteau m\u00e9tallique \u00e0 100 km\/h. Ayant<br \/>\nsurv\u00e9cu, il a d\u00fb se reconstruire, et se r\u00e9inventer un avenir. \u00c0 l\u2019ombre du<br \/>\nCervin qui l\u2019avait vu na\u00eetre, grandir et souffrir, il est devenu alpiniste.<\/p>\n<p>Sur les traces de son p\u00e8re et de son grand-p\u00e8re, il est parti \u00e0 la d\u00e9couverte<br \/>\nde sa montagne int\u00e9rieure et des montagnes du monde. En grimpeur contemporain,<br \/>\nrapide, l\u00e9ger, souvent solitaire. Mais aussi en h\u00e9ritier de l\u2019alpinisme des<br \/>\npionniers, cr\u00e9atif, aventureux, d\u00e9pouill\u00e9. Dans La Montagne en moi (La<br \/>\nMontagna dentro), r\u00e9cit autobiographique, il raconte vingt ans d\u2019aventures et<br \/>\nlivre ses r\u00e9flexions sur l\u2019aventure, le risque, la vie, l\u2019amour. Et la force<br \/>\nde la volont\u00e9.<\/p>","protected":false},"excerpt":{"rendered":"<p>Herv\u00e9 Barmasse &#8211; Ancien espoir national de ski, h\u00e9ritier de Walter Bonatti, l\u2019alpiniste italien raconte avec brio ses ascensions les plus folles. Vingt ans d\u2019aventures v\u00e9cues par \u00ab l\u2019Homme du Cervin \u00bb, sommet dont il a ouvert le plus grand nombre de voies jusqu\u2019\u00e0 ce jour. \u00ab J\u2019accroche mon hamac. En dessous de moi, le [&#8230;]\n","protected":false},"featured_media":39777,"template":"","meta":[],"product_brand":[],"product_cat":[21542],"product_tag":[],"class_list":{"0":"post-154316","1":"product","2":"type-product","3":"status-publish","4":"has-post-thumbnail","6":"product_cat-sachbuecher-dokumentationen","7":"pa_autor-barmasse","8":"pa_erscheinungsjahr-21571","9":"pa_region-italien","10":"pa_sprache-fr","12":"first","13":"instock","14":"taxable","15":"shipping-taxable","16":"purchasable","17":"product-type-simple"},"_links":{"self":[{"href":"https:\/\/pizbube.ch\/en\/wp-json\/wp\/v2\/product\/154316","targetHints":{"allow":["GET"]}}],"collection":[{"href":"https:\/\/pizbube.ch\/en\/wp-json\/wp\/v2\/product"}],"about":[{"href":"https:\/\/pizbube.ch\/en\/wp-json\/wp\/v2\/types\/product"}],"wp:featuredmedia":[{"embeddable":true,"href":"https:\/\/pizbube.ch\/en\/wp-json\/wp\/v2\/media\/39777"}],"wp:attachment":[{"href":"https:\/\/pizbube.ch\/en\/wp-json\/wp\/v2\/media?parent=154316"}],"wp:term":[{"taxonomy":"product_brand","embeddable":true,"href":"https:\/\/pizbube.ch\/en\/wp-json\/wp\/v2\/product_brand?post=154316"},{"taxonomy":"product_cat","embeddable":true,"href":"https:\/\/pizbube.ch\/en\/wp-json\/wp\/v2\/product_cat?post=154316"},{"taxonomy":"product_tag","embeddable":true,"href":"https:\/\/pizbube.ch\/en\/wp-json\/wp\/v2\/product_tag?post=154316"}],"curies":[{"name":"wp","href":"https:\/\/api.w.org\/{rel}","templated":true}]}}