{"id":154323,"date":"2021-01-15T14:27:25","date_gmt":"2021-01-15T14:27:25","guid":{"rendered":"https:\/\/codengine3.ch\/?product=import-placeholder-for-206800"},"modified":"2021-04-13T10:47:35","modified_gmt":"2021-04-13T08:47:35","slug":"huilo-huilo-175000-120000","status":"publish","type":"product","link":"https:\/\/pizbube.ch\/en\/shop\/huilo-huilo-175000-120000\/","title":{"rendered":"Huilo Huilo 1:75&#8217;000 \/ 1:20&#8217;000"},"content":{"rendered":"<p>Reise- und Wanderkarte, S\u00fcdchile, 1:75.000 \/ 1:20.000<\/p>\n<p>1. Aufl. Sept. 2015: Die erste Karte des Naturreservats Huilo Huilo in der<br \/>\nRegi\u00f3n de los R\u00edos, erarbeitet vom Kartografischen Institut der TU Dresden in<br \/>\nZusammenarbeit mit der Stiftung Huilo Huilo. \u00dcbersichtskarte 1:75.000 des<br \/>\ngesamten Schutzgebiets rund um den Doppelvulkan Mocho-Choshuenco.<\/p>\n<p>Detailkarte 1:20.000 des zentralen Bereichs des Reservats rund um die Hotels<br \/>\nHuilo Huilo. GPS-kompatibel, H\u00f6henlinien alle 50 m, mit Wanderwegen,<br \/>\nBergh\u00fctten, Unterk\u00fcnften und Zeltpl\u00e4tzen; Fotos, Zeichnungen der typischen<br \/>\nFlora und Fauna.<\/p>\n<p>Englisch \u2013 Spanisch.<\/p>","protected":false},"excerpt":{"rendered":"<p>Reise- und Wanderkarte, S\u00fcdchile, 1:75.000 \/ 1:20.000 1. Aufl. Sept. 2015: Die erste Karte des Naturreservats Huilo Huilo in der Regi\u00f3n de los R\u00edos, erarbeitet vom Kartografischen Institut der TU Dresden in Zusammenarbeit mit der Stiftung Huilo Huilo. \u00dcbersichtskarte 1:75.000 des gesamten Schutzgebiets rund um den Doppelvulkan Mocho-Choshuenco. Detailkarte 1:20.000 des zentralen Bereichs des Reservats [&#8230;]\n","protected":false},"featured_media":36163,"template":"","meta":[],"product_brand":[],"product_cat":[21543],"product_tag":[],"class_list":{"0":"post-154323","1":"product","2":"type-product","3":"status-publish","4":"has-post-thumbnail","6":"product_cat-landkarten","7":"pa_autor-trekkingchile","8":"pa_erscheinungsjahr-21597","9":"pa_region-amerika-sued","10":"pa_sprache-en-es","12":"first","13":"onbackorder","14":"taxable","15":"shipping-taxable","16":"purchasable","17":"product-type-simple"},"_links":{"self":[{"href":"https:\/\/pizbube.ch\/en\/wp-json\/wp\/v2\/product\/154323","targetHints":{"allow":["GET"]}}],"collection":[{"href":"https:\/\/pizbube.ch\/en\/wp-json\/wp\/v2\/product"}],"about":[{"href":"https:\/\/pizbube.ch\/en\/wp-json\/wp\/v2\/types\/product"}],"wp:featuredmedia":[{"embeddable":true,"href":"https:\/\/pizbube.ch\/en\/wp-json\/wp\/v2\/media\/36163"}],"wp:attachment":[{"href":"https:\/\/pizbube.ch\/en\/wp-json\/wp\/v2\/media?parent=154323"}],"wp:term":[{"taxonomy":"product_brand","embeddable":true,"href":"https:\/\/pizbube.ch\/en\/wp-json\/wp\/v2\/product_brand?post=154323"},{"taxonomy":"product_cat","embeddable":true,"href":"https:\/\/pizbube.ch\/en\/wp-json\/wp\/v2\/product_cat?post=154323"},{"taxonomy":"product_tag","embeddable":true,"href":"https:\/\/pizbube.ch\/en\/wp-json\/wp\/v2\/product_tag?post=154323"}],"curies":[{"name":"wp","href":"https:\/\/api.w.org\/{rel}","templated":true}]}}