{"id":154327,"date":"2021-01-15T14:27:37","date_gmt":"2021-01-15T14:27:37","guid":{"rendered":"https:\/\/codengine3.ch\/?product=import-placeholder-for-207978"},"modified":"2021-08-07T14:06:03","modified_gmt":"2021-08-07T12:06:03","slug":"bloc-france","status":"publish","type":"product","link":"https:\/\/pizbube.ch\/en\/shop\/bloc-france\/","title":{"rendered":"BLOC FRANCE"},"content":{"rendered":"<p>Sandstone \/ Gr\u00e8s \/ Sandstein \/ Arenaria<\/p>\n<p>Bouldertopo; 10 Sandstein-Bouldergebiete in Frankreich zwischen Reims und<br \/>\nMontpellier<\/p>\n<p>Das italienisch\/franz\u00f6sische Autoren-Duo nimmt uns in diesem Buch mit auf die<br \/>\nReise durch 10 weniger bekannte Sandstein-Bouldergebiete in ganz Frankreich.<br \/>\nDie Reise f\u00fchrt vom Norden von Gebieten bei Reims, \u00fcber das Elsass, das<br \/>\nRhonetal entlang bis nach S\u00fcdfrankreich in die N\u00e4he von Montpellier und<br \/>\nMillau.<\/p>\n<p>F\u00fcr alle, denen das Bouldern an Sandstein besonders gef\u00e4llt und die sich auch<br \/>\nimmer wieder gerne auf Entdeckungs-Reise zu neuen Gebieten begeben:<br \/>\nHott\u00e9e du Diable<\/p>\n<p>Secteur Dune<\/p>\n<p>Hott\u00e9e de Gargantua<\/p>\n<p>Laurenzoboulderfels<\/p>\n<p>Hultehouse<\/p>\n<p>Blocs Bo<\/p>\n<p>Roches qui dansent<\/p>\n<p>Bois Laville<\/p>\n<p>Mas de l&#8217;Ayre<\/p>\n<p>Lod\u00e8ve. Le Prieur\u00e9<\/p>\n<p>10 sandstone bouldering hot spots in France between Reims and Montpellier<\/p>\n<p>The Italian\/French authors take us on a journey to some of the lesser known<br \/>\nsandstone bouldering areas in France. The travel starts in the north with<br \/>\nareas around Reims, leads to the Alsace-areas, then along the Rhone valley<br \/>\ndown to a mediterranean area close to Montpellier and Millau.<\/p>\n<p>This book is for all those who like bouldering on sandstone and love to<br \/>\nexplore new areas and to travel to inspiring places.<\/p>","protected":false},"excerpt":{"rendered":"<p>Sandstone \/ Gr\u00e8s \/ Sandstein \/ Arenaria Bouldertopo; 10 Sandstein-Bouldergebiete in Frankreich zwischen Reims und Montpellier Das italienisch\/franz\u00f6sische Autoren-Duo nimmt uns in diesem Buch mit auf die Reise durch 10 weniger bekannte Sandstein-Bouldergebiete in ganz Frankreich. Die Reise f\u00fchrt vom Norden von Gebieten bei Reims, \u00fcber das Elsass, das Rhonetal entlang bis nach S\u00fcdfrankreich in [&#8230;]\n","protected":false},"featured_media":39015,"template":"","meta":[],"product_brand":[],"product_cat":[21539],"product_tag":[],"class_list":{"0":"post-154327","1":"product","2":"type-product","3":"status-publish","4":"has-post-thumbnail","6":"product_cat-fuehrerliteratur-sportklettern-bouldern","7":"pa_autor-santacroce-guillermain","8":"pa_erscheinungsjahr-21550","9":"pa_region-frankreich","10":"pa_sprache-de-en-fr-it-2","12":"first","13":"outofstock","14":"taxable","15":"shipping-taxable","16":"purchasable","17":"product-type-simple"},"_links":{"self":[{"href":"https:\/\/pizbube.ch\/en\/wp-json\/wp\/v2\/product\/154327","targetHints":{"allow":["GET"]}}],"collection":[{"href":"https:\/\/pizbube.ch\/en\/wp-json\/wp\/v2\/product"}],"about":[{"href":"https:\/\/pizbube.ch\/en\/wp-json\/wp\/v2\/types\/product"}],"wp:featuredmedia":[{"embeddable":true,"href":"https:\/\/pizbube.ch\/en\/wp-json\/wp\/v2\/media\/39015"}],"wp:attachment":[{"href":"https:\/\/pizbube.ch\/en\/wp-json\/wp\/v2\/media?parent=154327"}],"wp:term":[{"taxonomy":"product_brand","embeddable":true,"href":"https:\/\/pizbube.ch\/en\/wp-json\/wp\/v2\/product_brand?post=154327"},{"taxonomy":"product_cat","embeddable":true,"href":"https:\/\/pizbube.ch\/en\/wp-json\/wp\/v2\/product_cat?post=154327"},{"taxonomy":"product_tag","embeddable":true,"href":"https:\/\/pizbube.ch\/en\/wp-json\/wp\/v2\/product_tag?post=154327"}],"curies":[{"name":"wp","href":"https:\/\/api.w.org\/{rel}","templated":true}]}}