{"id":154330,"date":"2021-01-15T14:27:43","date_gmt":"2021-01-15T14:27:43","guid":{"rendered":"https:\/\/codengine3.ch\/?product=import-placeholder-for-205037"},"modified":"2021-01-15T14:38:12","modified_gmt":"2021-01-15T14:38:12","slug":"swiss-singletrail-map-38-poschiavo-tirano-1-50-000","status":"publish","type":"product","link":"https:\/\/pizbube.ch\/en\/shop\/swiss-singletrail-map-38-poschiavo-tirano-1-50-000\/","title":{"rendered":"Swiss Singletrail Map 38 Poschiavo\/ Tirano 1: 50 000"},"content":{"rendered":"<p>Region: Berninapass, Val Poschiavo, Veltlin (Tirano-Sondalo-Bormio), Val Viola<br \/>\nBormina, Bormio, Valle Grosina, Edolo<br \/>\nBike-Highlights: Bernina-Poschiavo, Col d&#8217;Anzana, Passo di Varadega<br \/>\nR\u00fcckseite: 9 Tourenvorschl\u00e4ge und viele n\u00fctzliche Informationen<br \/>\nKarte: Original Landeskarte 1:50&#8217;000 (Swisstopo, Lombardei) mit<br \/>\nMountainbikerouten in drei Schwierigkeitsgraden (einfach, mittel, extrem)  <\/p>\n<p>Die Swiss Singletrail Maps sind bekannten Schweizer Mountainbike-Karten im<br \/>\nMassstab 1:50&#8217;000 und gedruckt auf ein reiss- und wasserfestes Spezialpapier.<br \/>\nDie Karten enthalten ein umfangreiches Wegnetz f\u00fcr Mountainbiker in drei<br \/>\nSchwierigkeitsstufen &#8211; und sind damit sowohl f\u00fcr Anf\u00e4nger als auch f\u00fcr<br \/>\nausgewiesene Freerider einsetzbar.  <\/p>\n<p>-alle Karten mit Tourenvorschl\u00e4gen<br \/>\n-Kartenmassstab 1:50&#8217;000, Originalkarte von Swisstopo<br \/>\n-alle Karten farbig<br \/>\n-reiss- und wasserfestes und extrem leichtes Spezialpapier<\/p>","protected":false},"excerpt":{"rendered":"<p>Region: Berninapass, Val Poschiavo, Veltlin (Tirano-Sondalo-Bormio), Val Viola Bormina, Bormio, Valle Grosina, Edolo Bike-Highlights: Bernina-Poschiavo, Col d&#8217;Anzana, Passo di Varadega R\u00fcckseite: 9 Tourenvorschl\u00e4ge und viele n\u00fctzliche Informationen Karte: Original Landeskarte 1:50&#8217;000 (Swisstopo, Lombardei) mit Mountainbikerouten in drei Schwierigkeitsgraden (einfach, mittel, extrem) Die Swiss Singletrail Maps sind bekannten Schweizer Mountainbike-Karten im Massstab 1:50&#8217;000 und gedruckt auf [&#8230;]\n","protected":false},"featured_media":33624,"template":"","meta":[],"product_brand":[],"product_cat":[21543],"product_tag":[],"class_list":{"0":"post-154330","1":"product","2":"type-product","3":"status-publish","4":"has-post-thumbnail","6":"product_cat-landkarten","7":"pa_autor-ssp","8":"pa_erscheinungsjahr-21842","9":"pa_region-schweiz","10":"pa_sprache-d","11":"pa_sprache-i","13":"first","14":"outofstock","15":"taxable","16":"shipping-taxable","17":"purchasable","18":"product-type-simple"},"_links":{"self":[{"href":"https:\/\/pizbube.ch\/en\/wp-json\/wp\/v2\/product\/154330","targetHints":{"allow":["GET"]}}],"collection":[{"href":"https:\/\/pizbube.ch\/en\/wp-json\/wp\/v2\/product"}],"about":[{"href":"https:\/\/pizbube.ch\/en\/wp-json\/wp\/v2\/types\/product"}],"wp:featuredmedia":[{"embeddable":true,"href":"https:\/\/pizbube.ch\/en\/wp-json\/wp\/v2\/media\/33624"}],"wp:attachment":[{"href":"https:\/\/pizbube.ch\/en\/wp-json\/wp\/v2\/media?parent=154330"}],"wp:term":[{"taxonomy":"product_brand","embeddable":true,"href":"https:\/\/pizbube.ch\/en\/wp-json\/wp\/v2\/product_brand?post=154330"},{"taxonomy":"product_cat","embeddable":true,"href":"https:\/\/pizbube.ch\/en\/wp-json\/wp\/v2\/product_cat?post=154330"},{"taxonomy":"product_tag","embeddable":true,"href":"https:\/\/pizbube.ch\/en\/wp-json\/wp\/v2\/product_tag?post=154330"}],"curies":[{"name":"wp","href":"https:\/\/api.w.org\/{rel}","templated":true}]}}