{"id":154332,"date":"2021-01-15T14:27:44","date_gmt":"2021-01-15T14:27:44","guid":{"rendered":"https:\/\/codengine3.ch\/?product=import-placeholder-for-205919"},"modified":"2021-01-15T14:44:57","modified_gmt":"2021-01-15T14:44:57","slug":"legend-of-the-spiderman-dvd","status":"publish","type":"product","link":"https:\/\/pizbube.ch\/en\/shop\/legend-of-the-spiderman-dvd\/","title":{"rendered":"Legend of the Spiderman DVD"},"content":{"rendered":"<p>Discover how the Legend of the Spider-Man was born. Sensational images of the<br \/>\nascents of 5 higher towers of world and with Exclusive interviews of Alain<br \/>\nRobert! A film of a great realization!  <\/p>\n<p>D\u00e9couvrez &#8218;La L\u00e9gende de l&#8217;Homme Araign\u00e9e&#8216;, les plus grands d\u00e9fis d&#8217;Alain<br \/>\nRobert avec interviews exclusives, un film fascinant!  <\/p>\n<p>Subtitles E, D, Sp.; Film lenght 1h01  <\/p>","protected":false},"excerpt":{"rendered":"<p>Discover how the Legend of the Spider-Man was born. Sensational images of the ascents of 5 higher towers of world and with Exclusive interviews of Alain Robert! A film of a great realization! D\u00e9couvrez &#8218;La L\u00e9gende de l&#8217;Homme Araign\u00e9e&#8216;, les plus grands d\u00e9fis d&#8217;Alain Robert avec interviews exclusives, un film fascinant! Subtitles E, D, Sp.; [&#8230;]\n","protected":false},"featured_media":34774,"template":"","meta":[],"product_brand":[],"product_cat":[21628],"product_tag":[],"class_list":{"0":"post-154332","1":"product","2":"type-product","3":"status-publish","4":"has-post-thumbnail","6":"product_cat-video-dvd-multimedia","7":"pa_autor-vanl","8":"pa_erscheinungsjahr-21693","9":"pa_region-frankreich","10":"pa_sprache-d","11":"pa_sprache-e","12":"pa_sprache-f","13":"pa_sprache-sp","15":"first","16":"instock","17":"taxable","18":"shipping-taxable","19":"purchasable","20":"product-type-simple"},"_links":{"self":[{"href":"https:\/\/pizbube.ch\/en\/wp-json\/wp\/v2\/product\/154332","targetHints":{"allow":["GET"]}}],"collection":[{"href":"https:\/\/pizbube.ch\/en\/wp-json\/wp\/v2\/product"}],"about":[{"href":"https:\/\/pizbube.ch\/en\/wp-json\/wp\/v2\/types\/product"}],"wp:featuredmedia":[{"embeddable":true,"href":"https:\/\/pizbube.ch\/en\/wp-json\/wp\/v2\/media\/34774"}],"wp:attachment":[{"href":"https:\/\/pizbube.ch\/en\/wp-json\/wp\/v2\/media?parent=154332"}],"wp:term":[{"taxonomy":"product_brand","embeddable":true,"href":"https:\/\/pizbube.ch\/en\/wp-json\/wp\/v2\/product_brand?post=154332"},{"taxonomy":"product_cat","embeddable":true,"href":"https:\/\/pizbube.ch\/en\/wp-json\/wp\/v2\/product_cat?post=154332"},{"taxonomy":"product_tag","embeddable":true,"href":"https:\/\/pizbube.ch\/en\/wp-json\/wp\/v2\/product_tag?post=154332"}],"curies":[{"name":"wp","href":"https:\/\/api.w.org\/{rel}","templated":true}]}}