{"id":154333,"date":"2021-01-15T14:27:44","date_gmt":"2021-01-15T14:27:44","guid":{"rendered":"https:\/\/codengine3.ch\/?product=import-placeholder-for-205493"},"modified":"2021-01-15T14:41:39","modified_gmt":"2021-01-15T14:41:39","slug":"mainz-wiesbaden-builderingfuehrer","status":"publish","type":"product","link":"https:\/\/pizbube.ch\/en\/shop\/mainz-wiesbaden-builderingfuehrer\/","title":{"rendered":"Mainz Wiesbaden Builderingf\u00fchrer"},"content":{"rendered":"<p>Kletterm\u00f6glichkeiten im st\u00e4dtischen Raum  <\/p>\n<p>Wer in den Landeshauptst\u00e4dten Mainz und Wiesbaden wohnt und sich abends noch<br \/>\nmal kurz die Finger lang ziehen m\u00f6chte, ohne weit fahren zu m\u00fcssen, f\u00fcr den<br \/>\nsind die hier beschriebenen Kletter- und Boulderspots innerhalb und um die<br \/>\nStadtgrenzen herum genau das richtige.  <\/p>\n<p>Neben Br\u00fccken sowie Natursteinmauern und -geb\u00e4uden werden auch einige<br \/>\n&#8218;richtige&#8216; Felsen vorgestellt. Auch Kunstw\u00e4nden und sonstigen Kletteranlagen<br \/>\nder Region ist ein Kapitel gewidmet. Wer schon lange mal den Kneipenbesuch mit<br \/>\neiner kleinen Trainingseinheit kombinieren wollte, f\u00fcr den h\u00e4lt der Autor Tim<br \/>\nJacobs ein Schmankerl der besonderen Art bereit.  <\/p>\n<p>Au\u00dfer dem Klettern und Bouldern widmet sich der 64-seitige F\u00fchrer auch den<br \/>\nCampingm\u00f6glichkeiten der Region und zus\u00e4tzlich werden noch einige Tages und<br \/>\nMehrtageswanderungen in Rheinn\u00e4he vorgestellt.<\/p>","protected":false},"excerpt":{"rendered":"<p>Kletterm\u00f6glichkeiten im st\u00e4dtischen Raum Wer in den Landeshauptst\u00e4dten Mainz und Wiesbaden wohnt und sich abends noch mal kurz die Finger lang ziehen m\u00f6chte, ohne weit fahren zu m\u00fcssen, f\u00fcr den sind die hier beschriebenen Kletter- und Boulderspots innerhalb und um die Stadtgrenzen herum genau das richtige. Neben Br\u00fccken sowie Natursteinmauern und -geb\u00e4uden werden auch einige [&#8230;]\n","protected":false},"featured_media":34219,"template":"","meta":[],"product_brand":[],"product_cat":[21539],"product_tag":[],"class_list":{"0":"post-154333","1":"product","2":"type-product","3":"status-publish","4":"has-post-thumbnail","6":"product_cat-fuehrerliteratur-sportklettern-bouldern","7":"pa_autor-jacobs","8":"pa_erscheinungsjahr-21591","9":"pa_region-deutschland","10":"pa_sprache-de","12":"first","13":"outofstock","14":"taxable","15":"shipping-taxable","16":"purchasable","17":"product-type-simple"},"_links":{"self":[{"href":"https:\/\/pizbube.ch\/en\/wp-json\/wp\/v2\/product\/154333","targetHints":{"allow":["GET"]}}],"collection":[{"href":"https:\/\/pizbube.ch\/en\/wp-json\/wp\/v2\/product"}],"about":[{"href":"https:\/\/pizbube.ch\/en\/wp-json\/wp\/v2\/types\/product"}],"wp:featuredmedia":[{"embeddable":true,"href":"https:\/\/pizbube.ch\/en\/wp-json\/wp\/v2\/media\/34219"}],"wp:attachment":[{"href":"https:\/\/pizbube.ch\/en\/wp-json\/wp\/v2\/media?parent=154333"}],"wp:term":[{"taxonomy":"product_brand","embeddable":true,"href":"https:\/\/pizbube.ch\/en\/wp-json\/wp\/v2\/product_brand?post=154333"},{"taxonomy":"product_cat","embeddable":true,"href":"https:\/\/pizbube.ch\/en\/wp-json\/wp\/v2\/product_cat?post=154333"},{"taxonomy":"product_tag","embeddable":true,"href":"https:\/\/pizbube.ch\/en\/wp-json\/wp\/v2\/product_tag?post=154333"}],"curies":[{"name":"wp","href":"https:\/\/api.w.org\/{rel}","templated":true}]}}