{"id":154339,"date":"2021-01-15T14:28:02","date_gmt":"2021-01-15T14:28:02","guid":{"rendered":"https:\/\/codengine3.ch\/?product=import-placeholder-for-208807"},"modified":"2021-01-15T17:58:02","modified_gmt":"2021-01-15T17:58:02","slug":"gletschermilch-der-ranger-vom-aletsch","status":"publish","type":"product","link":"https:\/\/pizbube.ch\/en\/shop\/gletschermilch-der-ranger-vom-aletsch\/","title":{"rendered":"Gletschermilch &#8211; Der Ranger vom Aletsch"},"content":{"rendered":"<p>Die Lebensgeschichte von Bernhard Margelisch eignet sich f\u00fcr alle, die wissen<br \/>\nwollen, wie das Leben fr\u00fcher war, und die sich f\u00fcr Begebenheiten aus dem<br \/>\n(fr\u00fcheren und heutigen) Wallis interessieren.<\/p>\n<p>Bernhard Margelisch wuchs als Bergbauernbub in einfachsten Verh\u00e4ltnissen auf.<br \/>\nDie Kindheit erlebte er in einer H\u00fctte bei Ried\/M\u00f6rel. Die Eltern konnten<br \/>\nunterschiedlicher kaum sein \u2013 die Mutter verliess die Familie immer wieder, um<br \/>\nVerwandte in der Westschweiz zu betreuen. Der Traumberuf Landwirt wurde<br \/>\nBernhard vorerst verwehrt. Die Ausbildung im Hotelfach zeigte ihm eine Welt<br \/>\nvoller Schein und Trug. So entschied er sich f\u00fcr ein Leben als Berg-bauer und<br \/>\nwurde zu einem der bekanntesten Ziegenz\u00fcchter der Schweiz. Bernhard Margelisch<br \/>\nmacht sich auf diesem Zickzack-Lebensweg viele Gedanken \u00fcber das Leben, die<br \/>\nFrauen, die Religion und unsere Gesellschaft.<\/p>\n<p>Erst sp\u00e4t erf\u00fcllten sich seine Tr\u00e4ume: Er wurde Ranger im Pro Natura Zentrum<br \/>\nAletsch. Der bekannte Journalist Roland Jeanneret hat stundenlange Gespr\u00e4che<br \/>\nmit Bernhard Margelisch gef\u00fchrt. Das Buch erz\u00e4hlt, wie aus dem verschupften<br \/>\nBergbauernkind ein grosser Naturfreund und gefragter Kenner von Kr\u00e4utern,<br \/>\nGr\u00e4sern und von Tierkrankheiten wurde. Ein eindr\u00fcckliches Dokument \u00fcber das<br \/>\nLeben im Wallis von damals bis heute.<\/p>","protected":false},"excerpt":{"rendered":"<p>Die Lebensgeschichte von Bernhard Margelisch eignet sich f\u00fcr alle, die wissen wollen, wie das Leben fr\u00fcher war, und die sich f\u00fcr Begebenheiten aus dem (fr\u00fcheren und heutigen) Wallis interessieren. Bernhard Margelisch wuchs als Bergbauernbub in einfachsten Verh\u00e4ltnissen auf. Die Kindheit erlebte er in einer H\u00fctte bei Ried\/M\u00f6rel. Die Eltern konnten unterschiedlicher kaum sein \u2013 die [&#8230;]\n","protected":false},"featured_media":41437,"template":"","meta":[],"product_brand":[],"product_cat":[21542],"product_tag":[],"class_list":{"0":"post-154339","1":"product","2":"type-product","3":"status-publish","4":"has-post-thumbnail","6":"product_cat-sachbuecher-dokumentationen","7":"pa_autor-jeanneret","8":"pa_erscheinungsjahr-21597","9":"pa_region-schweiz","10":"pa_sprache-de","12":"first","13":"instock","14":"taxable","15":"shipping-taxable","16":"purchasable","17":"product-type-simple"},"_links":{"self":[{"href":"https:\/\/pizbube.ch\/en\/wp-json\/wp\/v2\/product\/154339","targetHints":{"allow":["GET"]}}],"collection":[{"href":"https:\/\/pizbube.ch\/en\/wp-json\/wp\/v2\/product"}],"about":[{"href":"https:\/\/pizbube.ch\/en\/wp-json\/wp\/v2\/types\/product"}],"wp:featuredmedia":[{"embeddable":true,"href":"https:\/\/pizbube.ch\/en\/wp-json\/wp\/v2\/media\/41437"}],"wp:attachment":[{"href":"https:\/\/pizbube.ch\/en\/wp-json\/wp\/v2\/media?parent=154339"}],"wp:term":[{"taxonomy":"product_brand","embeddable":true,"href":"https:\/\/pizbube.ch\/en\/wp-json\/wp\/v2\/product_brand?post=154339"},{"taxonomy":"product_cat","embeddable":true,"href":"https:\/\/pizbube.ch\/en\/wp-json\/wp\/v2\/product_cat?post=154339"},{"taxonomy":"product_tag","embeddable":true,"href":"https:\/\/pizbube.ch\/en\/wp-json\/wp\/v2\/product_tag?post=154339"}],"curies":[{"name":"wp","href":"https:\/\/api.w.org\/{rel}","templated":true}]}}