{"id":154342,"date":"2021-01-15T14:28:03","date_gmt":"2021-01-15T14:28:03","guid":{"rendered":"https:\/\/codengine3.ch\/?product=import-placeholder-for-207270"},"modified":"2023-09-07T16:32:27","modified_gmt":"2023-09-07T14:32:27","slug":"simplon-125000","status":"publish","type":"product","link":"https:\/\/pizbube.ch\/en\/shop\/simplon-125000\/","title":{"rendered":"Simplon 1:25&#8217;000"},"content":{"rendered":"<p>Wanderkarte Simplon<\/p>\n<p>Geschichtstr\u00e4chtiger Alpen\u00fcbergang in den S\u00fcden<\/p>\n<p>Viele alpenquerende Weit- und Rundwanderwege kreuzen sich auf dem Simplonpass.<br \/>\nOb die Via Alpina, der Grosse Walserweg, der Alpenp\u00e4sseweg, der Stockalperweg<br \/>\nVia Stockalper, der Mineralienweg oder das Simplon-Fletschhorntrekking \u2013 die<br \/>\nvom Gletscher geschliffene Eintiefung zwischen Brig und Domodossola wurde<br \/>\nschon vor den R\u00f6mern als tiefster Passu\u0308bergang der Zentralalpen genutzt.<\/p>\n<p>Die Wanderkarte 1:25 000 zeigt im Detail alle offiziellen Wege und<br \/>\nAbschnittszeiten sowie die Postautohaltestellen und die Standorte der Kultur-<br \/>\nund Natursch\u00f6nheiten entlang des Stockalperweges.<\/p>","protected":false},"excerpt":{"rendered":"<p>Wanderkarte Simplon Geschichtstr\u00e4chtiger Alpen\u00fcbergang in den S\u00fcden Viele alpenquerende Weit- und Rundwanderwege kreuzen sich auf dem Simplonpass. Ob die Via Alpina, der Grosse Walserweg, der Alpenp\u00e4sseweg, der Stockalperweg Via Stockalper, der Mineralienweg oder das Simplon-Fletschhorntrekking \u2013 die vom Gletscher geschliffene Eintiefung zwischen Brig und Domodossola wurde schon vor den R\u00f6mern als tiefster Passu\u0308bergang der Zentralalpen [&#8230;]\n","protected":false},"featured_media":36984,"template":"","meta":[],"product_brand":[],"product_cat":[21543],"product_tag":[],"class_list":{"0":"post-154342","1":"product","2":"type-product","3":"status-publish","4":"has-post-thumbnail","6":"product_cat-landkarten","7":"pa_autor-rotten-swisstopo","8":"pa_erscheinungsjahr-21568","9":"pa_region-schweiz","10":"pa_sprache-de","12":"first","13":"instock","14":"taxable","15":"shipping-taxable","16":"purchasable","17":"product-type-simple"},"_links":{"self":[{"href":"https:\/\/pizbube.ch\/en\/wp-json\/wp\/v2\/product\/154342","targetHints":{"allow":["GET"]}}],"collection":[{"href":"https:\/\/pizbube.ch\/en\/wp-json\/wp\/v2\/product"}],"about":[{"href":"https:\/\/pizbube.ch\/en\/wp-json\/wp\/v2\/types\/product"}],"wp:featuredmedia":[{"embeddable":true,"href":"https:\/\/pizbube.ch\/en\/wp-json\/wp\/v2\/media\/36984"}],"wp:attachment":[{"href":"https:\/\/pizbube.ch\/en\/wp-json\/wp\/v2\/media?parent=154342"}],"wp:term":[{"taxonomy":"product_brand","embeddable":true,"href":"https:\/\/pizbube.ch\/en\/wp-json\/wp\/v2\/product_brand?post=154342"},{"taxonomy":"product_cat","embeddable":true,"href":"https:\/\/pizbube.ch\/en\/wp-json\/wp\/v2\/product_cat?post=154342"},{"taxonomy":"product_tag","embeddable":true,"href":"https:\/\/pizbube.ch\/en\/wp-json\/wp\/v2\/product_tag?post=154342"}],"curies":[{"name":"wp","href":"https:\/\/api.w.org\/{rel}","templated":true}]}}