{"id":154343,"date":"2021-01-15T14:28:10","date_gmt":"2021-01-15T14:28:10","guid":{"rendered":"https:\/\/codengine3.ch\/?product=import-placeholder-for-208782"},"modified":"2025-08-20T14:23:59","modified_gmt":"2025-08-20T12:23:59","slug":"bergsport-grundlagen-und-ablaeufe","status":"publish","type":"product","link":"https:\/\/pizbube.ch\/en\/shop\/bergsport-grundlagen-und-ablaeufe\/","title":{"rendered":"Bergsport &#8211; Grundlagen und Abl\u00e4ufe"},"content":{"rendered":"<p>Dieses Handbuch wurde \u2013 basierend auf den Erfahrungen von Matthias B\u00fceler als<br \/>\nBergf\u00fchrer \u2013 f\u00fcr interessierte Sportkletterer und Bergsteiger verfasst. Es<br \/>\nsoll dazu beitragen, typische und h\u00e4ufige Bergsportunf\u00e4lle zu vermeiden.<\/p>\n<p>Der Grundgedanke dieses Buchs beruht auf dem englischen Begriff \u00abSOP\u00bb, der<br \/>\nB\u00fceler aus der Rettungsfliegerei bekannt ist. Mit \u00abStandard Operating<br \/>\nProcedures\u00bb (Standard-Arbeitsabl\u00e4ufe) werden festgelegte Abl\u00e4ufe f\u00fcr<br \/>\nunterschiedlichste Einsatzarten bezeichnet. Auch im Alpinsport erh\u00f6hen<br \/>\nbew\u00e4hrte, standardisierte Abl\u00e4ufe die Sicherheit. In Anlehnung an den Begriff<br \/>\n\u00abSOP\u00bb hat der Autor versucht, m\u00f6glichst allgemeing\u00fcltige Vorgehensweisen zu<br \/>\nbeschreiben, die sowohl f\u00fcr Hobbykletterer als auch f\u00fcr Alpinisten, gef\u00fchrte<br \/>\nGruppen und sogar f\u00fcr Kinder gedacht sind. Alle Leiter und Teilnehmer der von<br \/>\nihm geleiteten Bergsportaktivit\u00e4ten halten diese Abl\u00e4ufe ein, damit f\u00fcr alle<br \/>\neine m\u00f6glichst hohe Sicherheit gew\u00e4hrleistet ist.<\/p>\n<p>Die Strukturierung des Buchs stellt die Reihenfolge der einzelnen Schritte<br \/>\nbeim Erlernen des Kletterns dar \u2013 von den einfachen Handhabungen bis hin zu<br \/>\nden schwierigen Abl\u00e4ufen. Risikoreiche Methoden werden in diesem Handbuch<br \/>\nnicht beschrieben. Jeder Bergsteiger ben\u00f6tigt eine fundierte praktische und<br \/>\ntheoretische Ausbildung. Dieses Handbuch stellt eine wichtige Erg\u00e4nzung dar.<\/p>","protected":false},"excerpt":{"rendered":"<p>Dieses Handbuch wurde \u2013 basierend auf den Erfahrungen von Matthias B\u00fceler als Bergf\u00fchrer \u2013 f\u00fcr interessierte Sportkletterer und Bergsteiger verfasst. Es soll dazu beitragen, typische und h\u00e4ufige Bergsportunf\u00e4lle zu vermeiden. Der Grundgedanke dieses Buchs beruht auf dem englischen Begriff \u00abSOP\u00bb, der B\u00fceler aus der Rettungsfliegerei bekannt ist. Mit \u00abStandard Operating Procedures\u00bb (Standard-Arbeitsabl\u00e4ufe) werden festgelegte Abl\u00e4ufe [&#8230;]\n","protected":false},"featured_media":179447,"template":"","meta":[],"product_brand":[],"product_cat":[21538],"product_tag":[],"class_list":{"0":"post-154343","1":"product","2":"type-product","3":"status-publish","4":"has-post-thumbnail","6":"product_cat-lehrbuecher","7":"pa_autor-bueeler","8":"pa_erscheinungsjahr-21550","9":"pa_region-alpin-sommer","10":"pa_sprache-de","12":"first","13":"onbackorder","14":"taxable","15":"shipping-taxable","16":"purchasable","17":"product-type-simple"},"_links":{"self":[{"href":"https:\/\/pizbube.ch\/en\/wp-json\/wp\/v2\/product\/154343","targetHints":{"allow":["GET"]}}],"collection":[{"href":"https:\/\/pizbube.ch\/en\/wp-json\/wp\/v2\/product"}],"about":[{"href":"https:\/\/pizbube.ch\/en\/wp-json\/wp\/v2\/types\/product"}],"wp:featuredmedia":[{"embeddable":true,"href":"https:\/\/pizbube.ch\/en\/wp-json\/wp\/v2\/media\/179447"}],"wp:attachment":[{"href":"https:\/\/pizbube.ch\/en\/wp-json\/wp\/v2\/media?parent=154343"}],"wp:term":[{"taxonomy":"product_brand","embeddable":true,"href":"https:\/\/pizbube.ch\/en\/wp-json\/wp\/v2\/product_brand?post=154343"},{"taxonomy":"product_cat","embeddable":true,"href":"https:\/\/pizbube.ch\/en\/wp-json\/wp\/v2\/product_cat?post=154343"},{"taxonomy":"product_tag","embeddable":true,"href":"https:\/\/pizbube.ch\/en\/wp-json\/wp\/v2\/product_tag?post=154343"}],"curies":[{"name":"wp","href":"https:\/\/api.w.org\/{rel}","templated":true}]}}