{"id":154344,"date":"2021-01-15T14:28:10","date_gmt":"2021-01-15T14:28:10","guid":{"rendered":"https:\/\/codengine3.ch\/?product=import-placeholder-for-203951"},"modified":"2022-01-11T12:20:34","modified_gmt":"2022-01-11T11:20:34","slug":"sterzing-und-umgebung-vipiteno-e-dintorni-1-25-000-wk-058","status":"publish","type":"product","link":"https:\/\/pizbube.ch\/en\/shop\/sterzing-und-umgebung-vipiteno-e-dintorni-1-25-000-wk-058\/","title":{"rendered":"Sterzing und Umgebung \/ Vipiteno e dintorni 1: 25 000, WK 058"},"content":{"rendered":"<p>Sterzing und Umgebung. Vipitento e dintorni 1 : 25 000.<br \/>\n<span class=\"value\">3in1 Wanderkarte 1:25000 mit Aktiv Guide inklusive Karte zur offline Verwendung in der KOMPASS-App. Fahrradfahren. Skitouren.<\/span><\/p>\n<p>Der topographische Inhalt wird bei aller Detailgenauigkeit leicht lesbar und<br \/>\nanschaulich dargestellt.<br \/>\nDie R\u00fcckseite (deutsch und italienisch) informiert \u00fcber Orte und Schutzh\u00fctten<br \/>\nsowie empfehlenswerte Touren, Sehensw\u00fcrdigkeiten und Freizeiteinrichtungen.<\/p>\n<p>Die 3in1 Wanderkarte ist jetzt noch \u00fcbersichtlicher und besser lesbar. Der<br \/>\nAktiv Guide informiert Sie rund um das Thema Outdoor und die kostenlose App<br \/>\nf\u00fcr unterwegs gibt es auch noch dazu. Das bildet die perfekte Grundlage f\u00fcr<br \/>\ndie Planung einer Wandertour. Die pr\u00e4zise Kartografie zeigt alle begehbaren<br \/>\nWanderwege inklusive Klassifizierung. Informationen wie Schwimmb\u00e4der,<br \/>\nKlettersteige, Kinderspielpl\u00e4tze, H\u00fctten und vieles mehr sind in der Karte<br \/>\nebenfalls enthalten.<\/p>","protected":false},"excerpt":{"rendered":"<p>Sterzing und Umgebung. Vipitento e dintorni 1 : 25 000. 3in1 Wanderkarte 1:25000 mit Aktiv Guide inklusive Karte zur offline Verwendung in der KOMPASS-App. Fahrradfahren. Skitouren. Der topographische Inhalt wird bei aller Detailgenauigkeit leicht lesbar und anschaulich dargestellt. Die R\u00fcckseite (deutsch und italienisch) informiert \u00fcber Orte und Schutzh\u00fctten sowie empfehlenswerte Touren, Sehensw\u00fcrdigkeiten und Freizeiteinrichtungen. Die [&#8230;]\n","protected":false},"featured_media":160338,"template":"","meta":[],"product_brand":[],"product_cat":[21543],"product_tag":[],"class_list":{"0":"post-154344","1":"product","2":"type-product","3":"status-publish","4":"has-post-thumbnail","6":"product_cat-landkarten","7":"pa_autor-kompass","8":"pa_erscheinungsjahr-25440","9":"pa_region-italien","10":"pa_sprache-de-it","12":"first","13":"instock","14":"taxable","15":"shipping-taxable","16":"purchasable","17":"product-type-simple"},"_links":{"self":[{"href":"https:\/\/pizbube.ch\/en\/wp-json\/wp\/v2\/product\/154344","targetHints":{"allow":["GET"]}}],"collection":[{"href":"https:\/\/pizbube.ch\/en\/wp-json\/wp\/v2\/product"}],"about":[{"href":"https:\/\/pizbube.ch\/en\/wp-json\/wp\/v2\/types\/product"}],"wp:featuredmedia":[{"embeddable":true,"href":"https:\/\/pizbube.ch\/en\/wp-json\/wp\/v2\/media\/160338"}],"wp:attachment":[{"href":"https:\/\/pizbube.ch\/en\/wp-json\/wp\/v2\/media?parent=154344"}],"wp:term":[{"taxonomy":"product_brand","embeddable":true,"href":"https:\/\/pizbube.ch\/en\/wp-json\/wp\/v2\/product_brand?post=154344"},{"taxonomy":"product_cat","embeddable":true,"href":"https:\/\/pizbube.ch\/en\/wp-json\/wp\/v2\/product_cat?post=154344"},{"taxonomy":"product_tag","embeddable":true,"href":"https:\/\/pizbube.ch\/en\/wp-json\/wp\/v2\/product_tag?post=154344"}],"curies":[{"name":"wp","href":"https:\/\/api.w.org\/{rel}","templated":true}]}}