{"id":154345,"date":"2021-01-15T14:28:10","date_gmt":"2021-01-15T14:28:10","guid":{"rendered":"https:\/\/codengine3.ch\/?product=import-placeholder-for-204400"},"modified":"2021-01-15T14:32:50","modified_gmt":"2021-01-15T14:32:50","slug":"sterzing-vipiteno-wk-44-1-50-000","status":"publish","type":"product","link":"https:\/\/pizbube.ch\/en\/shop\/sterzing-vipiteno-wk-44-1-50-000\/","title":{"rendered":"Sterzing\/ Vipiteno WK 44  1: 50 000"},"content":{"rendered":"<p>KOMPASS-Wanderkarten enthalten alles Wissenswerte f\u00fcr Wanderer wie aktuelle<br \/>\nWanderwege mit Markierungen, empfehlenswerte Radrouten, Skitourenkarte und<br \/>\nwichtige touristische Informationen.<br \/>\nDer topographische Inhalt wird bei aller Detailgenauigkeit leicht lesbar und<br \/>\nanschaulich dargestellt.<br \/>\nEin \u00fcbersichtlich gestaltetes Beiheft (deutsch und italienisch) mit<br \/>\nzahlreichen Farbfotos informiert \u00fcber Orte und Schutzh\u00fctten sowie<br \/>\nempfehlenswerte Touren, Sehensw\u00fcrdigkeiten und Freizeiteinrichtungen.<br \/>\nGPS tauglich.<\/p>","protected":false},"excerpt":{"rendered":"<p>KOMPASS-Wanderkarten enthalten alles Wissenswerte f\u00fcr Wanderer wie aktuelle Wanderwege mit Markierungen, empfehlenswerte Radrouten, Skitourenkarte und wichtige touristische Informationen. Der topographische Inhalt wird bei aller Detailgenauigkeit leicht lesbar und anschaulich dargestellt. Ein \u00fcbersichtlich gestaltetes Beiheft (deutsch und italienisch) mit zahlreichen Farbfotos informiert \u00fcber Orte und Schutzh\u00fctten sowie empfehlenswerte Touren, Sehensw\u00fcrdigkeiten und Freizeiteinrichtungen. GPS tauglich.<\/p>","protected":false},"featured_media":33168,"template":"","meta":[],"product_brand":[],"product_cat":[21543],"product_tag":[],"class_list":{"0":"post-154345","1":"product","2":"type-product","3":"status-publish","4":"has-post-thumbnail","6":"product_cat-landkarten","7":"pa_autor-kompass","8":"pa_erscheinungsjahr-21610","9":"pa_region-italien","10":"pa_sprache-de","12":"first","13":"instock","14":"taxable","15":"shipping-taxable","16":"purchasable","17":"product-type-simple"},"_links":{"self":[{"href":"https:\/\/pizbube.ch\/en\/wp-json\/wp\/v2\/product\/154345","targetHints":{"allow":["GET"]}}],"collection":[{"href":"https:\/\/pizbube.ch\/en\/wp-json\/wp\/v2\/product"}],"about":[{"href":"https:\/\/pizbube.ch\/en\/wp-json\/wp\/v2\/types\/product"}],"wp:featuredmedia":[{"embeddable":true,"href":"https:\/\/pizbube.ch\/en\/wp-json\/wp\/v2\/media\/33168"}],"wp:attachment":[{"href":"https:\/\/pizbube.ch\/en\/wp-json\/wp\/v2\/media?parent=154345"}],"wp:term":[{"taxonomy":"product_brand","embeddable":true,"href":"https:\/\/pizbube.ch\/en\/wp-json\/wp\/v2\/product_brand?post=154345"},{"taxonomy":"product_cat","embeddable":true,"href":"https:\/\/pizbube.ch\/en\/wp-json\/wp\/v2\/product_cat?post=154345"},{"taxonomy":"product_tag","embeddable":true,"href":"https:\/\/pizbube.ch\/en\/wp-json\/wp\/v2\/product_tag?post=154345"}],"curies":[{"name":"wp","href":"https:\/\/api.w.org\/{rel}","templated":true}]}}