{"id":154346,"date":"2021-01-15T14:28:10","date_gmt":"2021-01-15T14:28:10","guid":{"rendered":"https:\/\/codengine3.ch\/?product=import-placeholder-for-205395"},"modified":"2021-01-15T14:40:55","modified_gmt":"2021-01-15T14:40:55","slug":"wanderspass-im-bahnland-schweiz","status":"publish","type":"product","link":"https:\/\/pizbube.ch\/en\/shop\/wanderspass-im-bahnland-schweiz\/","title":{"rendered":"Wanderspass im Bahnland Schweiz"},"content":{"rendered":"<p>Die 30 sch\u00f6nsten Tourenvorschl\u00e4ge  <\/p>\n<p>Die Schweiz gilt als das attraktivste Bahnland der Welt &#8211; nicht nur wegen den<br \/>\nbunten &#8218;B\u00e4hnlis&#8216;, den vielen Privatbahnen, Touristenz\u00fcgen, den hohen Viadukten<br \/>\nund verwirrenden Kehrtunnels.  <\/p>\n<p>Eine Vielzahl Wanderwege durch sch\u00f6nste Landschaften bieten Privatbahn-<br \/>\nNebenstrecken in der Schweiz &#8211; sei es nun mit der Gornergratbahn zum<br \/>\nRiffelsee, in welchem sich das Mat\u00ad\u00adterhorn spiegelt, oder auf den Spuren des<br \/>\nber\u00fchmten &#8218;Glacier-Express&#8216; in der B\u00fcndner Surselva. Ausgangs- und Zielort in<br \/>\ndiesem Wanderf\u00fchrer sind immer Bahnh\u00f6fe.  <\/p>\n<p>192 Seiten, 300 farbige Abbildungen, 30 Karten<\/p>","protected":false},"excerpt":{"rendered":"<p>Die 30 sch\u00f6nsten Tourenvorschl\u00e4ge Die Schweiz gilt als das attraktivste Bahnland der Welt &#8211; nicht nur wegen den bunten &#8218;B\u00e4hnlis&#8216;, den vielen Privatbahnen, Touristenz\u00fcgen, den hohen Viadukten und verwirrenden Kehrtunnels. Eine Vielzahl Wanderwege durch sch\u00f6nste Landschaften bieten Privatbahn- Nebenstrecken in der Schweiz &#8211; sei es nun mit der Gornergratbahn zum Riffelsee, in welchem sich das [&#8230;]\n","protected":false},"featured_media":34086,"template":"","meta":[],"product_brand":[],"product_cat":[21605],"product_tag":[],"class_list":{"0":"post-154346","1":"product","2":"type-product","3":"status-publish","4":"has-post-thumbnail","6":"product_cat-wanderfuehrer-trekking","7":"pa_autor-bernet","8":"pa_erscheinungsjahr-21591","9":"pa_region-schweiz","10":"pa_sprache-de","12":"first","13":"instock","14":"taxable","15":"shipping-taxable","16":"purchasable","17":"product-type-simple"},"_links":{"self":[{"href":"https:\/\/pizbube.ch\/en\/wp-json\/wp\/v2\/product\/154346","targetHints":{"allow":["GET"]}}],"collection":[{"href":"https:\/\/pizbube.ch\/en\/wp-json\/wp\/v2\/product"}],"about":[{"href":"https:\/\/pizbube.ch\/en\/wp-json\/wp\/v2\/types\/product"}],"wp:featuredmedia":[{"embeddable":true,"href":"https:\/\/pizbube.ch\/en\/wp-json\/wp\/v2\/media\/34086"}],"wp:attachment":[{"href":"https:\/\/pizbube.ch\/en\/wp-json\/wp\/v2\/media?parent=154346"}],"wp:term":[{"taxonomy":"product_brand","embeddable":true,"href":"https:\/\/pizbube.ch\/en\/wp-json\/wp\/v2\/product_brand?post=154346"},{"taxonomy":"product_cat","embeddable":true,"href":"https:\/\/pizbube.ch\/en\/wp-json\/wp\/v2\/product_cat?post=154346"},{"taxonomy":"product_tag","embeddable":true,"href":"https:\/\/pizbube.ch\/en\/wp-json\/wp\/v2\/product_tag?post=154346"}],"curies":[{"name":"wp","href":"https:\/\/api.w.org\/{rel}","templated":true}]}}