{"id":154347,"date":"2021-01-15T14:28:11","date_gmt":"2021-01-15T14:28:11","guid":{"rendered":"https:\/\/codengine3.ch\/?product=import-placeholder-for-207176"},"modified":"2021-01-15T14:55:53","modified_gmt":"2021-01-15T14:55:53","slug":"orte-des-staunens","status":"publish","type":"product","link":"https:\/\/pizbube.ch\/en\/shop\/orte-des-staunens\/","title":{"rendered":"Orte des Staunens"},"content":{"rendered":"<p>15 Wanderungen zu 55 kraftvollen Pl\u00e4tzen in der Ferienregion Heidiland  <\/p>\n<p>Zahlreiche Kulturen haben in der Ferienregion Heidiland ihre Spuren<br \/>\nhinterlassen. Sagen, Legenden und kraftvolle Pl\u00e4tze zeugen auch heute noch<br \/>\ndavon, wie die Menschen in fr\u00fcherer Zeit gelebt, woran sie geglaubt und wovor<br \/>\nsie sich gef\u00fcrchtet haben. Diesen Spuren folgt das Buch &#8218;Orte des Staunens&#8216;.<br \/>\nEs stellt 15 abwechslungsreiche Wanderungen vor, die an insgesamt 55<br \/>\nbesonderen Pl\u00e4tzen vorbeif\u00fchren. Schon seit Menschengedenken laden diese Orte<br \/>\nzum Innehalten, Abschalten und Energie tanken ein. Mit dem vorliegenden<br \/>\nWanderf\u00fchrer der besonderen Art l\u00e4sst sich nun der geheimnisvolle Zauber einer<br \/>\nfaszinierenden Gegend auf eigene Faust erkunden. Das Buch weist dabei nicht<br \/>\nnur auf energetische Beobachtungen an den einzelnen Orten hin, sondern erz\u00e4hlt<br \/>\nauch von historischen Fakten, Sagen und \u00dcberlieferungen. Dabei entdeckt der<br \/>\nLeser zahlreiche kulturelle und landschaftliche Sch\u00e4tze, die dem hastigen<br \/>\nBesucher verborgen bleiben.  <\/p>","protected":false},"excerpt":{"rendered":"<p>15 Wanderungen zu 55 kraftvollen Pl\u00e4tzen in der Ferienregion Heidiland Zahlreiche Kulturen haben in der Ferienregion Heidiland ihre Spuren hinterlassen. Sagen, Legenden und kraftvolle Pl\u00e4tze zeugen auch heute noch davon, wie die Menschen in fr\u00fcherer Zeit gelebt, woran sie geglaubt und wovor sie sich gef\u00fcrchtet haben. Diesen Spuren folgt das Buch &#8218;Orte des Staunens&#8216;. Es [&#8230;]\n","protected":false},"featured_media":36806,"template":"","meta":[],"product_brand":[],"product_cat":[21605],"product_tag":[],"class_list":{"0":"post-154347","1":"product","2":"type-product","3":"status-publish","4":"has-post-thumbnail","6":"product_cat-wanderfuehrer-trekking","7":"pa_autor-fischbacher","8":"pa_erscheinungsjahr-21621","9":"pa_region-schweiz","10":"pa_sprache-de","12":"first","13":"instock","14":"taxable","15":"shipping-taxable","16":"purchasable","17":"product-type-simple"},"_links":{"self":[{"href":"https:\/\/pizbube.ch\/en\/wp-json\/wp\/v2\/product\/154347","targetHints":{"allow":["GET"]}}],"collection":[{"href":"https:\/\/pizbube.ch\/en\/wp-json\/wp\/v2\/product"}],"about":[{"href":"https:\/\/pizbube.ch\/en\/wp-json\/wp\/v2\/types\/product"}],"wp:featuredmedia":[{"embeddable":true,"href":"https:\/\/pizbube.ch\/en\/wp-json\/wp\/v2\/media\/36806"}],"wp:attachment":[{"href":"https:\/\/pizbube.ch\/en\/wp-json\/wp\/v2\/media?parent=154347"}],"wp:term":[{"taxonomy":"product_brand","embeddable":true,"href":"https:\/\/pizbube.ch\/en\/wp-json\/wp\/v2\/product_brand?post=154347"},{"taxonomy":"product_cat","embeddable":true,"href":"https:\/\/pizbube.ch\/en\/wp-json\/wp\/v2\/product_cat?post=154347"},{"taxonomy":"product_tag","embeddable":true,"href":"https:\/\/pizbube.ch\/en\/wp-json\/wp\/v2\/product_tag?post=154347"}],"curies":[{"name":"wp","href":"https:\/\/api.w.org\/{rel}","templated":true}]}}