{"id":154348,"date":"2021-01-15T14:28:11","date_gmt":"2021-01-15T14:28:11","guid":{"rendered":"https:\/\/codengine3.ch\/?product=import-placeholder-for-204494"},"modified":"2021-01-15T14:33:45","modified_gmt":"2021-01-15T14:33:45","slug":"ski-de-montagne-des-premieres-sorties-aux-raids-glaciaires","status":"publish","type":"product","link":"https:\/\/pizbube.ch\/en\/shop\/ski-de-montagne-des-premieres-sorties-aux-raids-glaciaires\/","title":{"rendered":"Ski de montagne &#8211; Des premi\u00e8res sorties aux raids glaciaires"},"content":{"rendered":"<p>\nL&#8217;ouvrage de r\u00e9f\u00e9rence de l&#8217;ENSA pour tous les skieurs-alpinistes.  <\/p>\n<p>Con\u00e7u par les professeurs\/guides de l\u2019ENSA, cet ouvrage fait le point sur<br \/>\nl\u2019\u00e9volution des techniques de progression et de s\u00e9curit\u00e9 lors de la pratique<br \/>\ndu ski en haute montagne.  <\/p>\n<p>En d\u00e9but d\u2019ouvrage, sont abord\u00e9s les fondamentaux propres aux diff\u00e9rents types<br \/>\nde sorties \u2013 \u00e0 la journ\u00e9e, sur deux jours ou raid \u2013, aux bases techniques<br \/>\nindispensables pour skier en toutes neiges et tous terrains, le tout en<br \/>\naccordant une part importante \u00e0 la d\u00e9couverte de la montagne hivernale, la<br \/>\nneige et les risques d\u2019avalanches.  <\/p>\n<p>Puis, par le parcours de sept courses r\u00e9alis\u00e9es pour l\u2019occasion, les auteurs<br \/>\nexposent les techniques et le mat\u00e9riel adapt\u00e9s au type de terrain concern\u00e9,<br \/>\navec des difficult\u00e9s progressives, en accordant une grande place \u00e0 l\u2019image. Il<br \/>\ns\u2019agit d\u2019un ouvrage vivant et tr\u00e8s visuel, plus que d\u2019un pr\u00e9cis th\u00e9orique<br \/>\nclassique.  <\/p>","protected":false},"excerpt":{"rendered":"<p>L&#8217;ouvrage de r\u00e9f\u00e9rence de l&#8217;ENSA pour tous les skieurs-alpinistes. Con\u00e7u par les professeurs\/guides de l\u2019ENSA, cet ouvrage fait le point sur l\u2019\u00e9volution des techniques de progression et de s\u00e9curit\u00e9 lors de la pratique du ski en haute montagne. En d\u00e9but d\u2019ouvrage, sont abord\u00e9s les fondamentaux propres aux diff\u00e9rents types de sorties \u2013 \u00e0 la journ\u00e9e, [&#8230;]\n","protected":false},"featured_media":32469,"template":"","meta":[],"product_brand":[],"product_cat":[21538],"product_tag":[],"class_list":{"0":"post-154348","1":"product","2":"type-product","3":"status-publish","4":"has-post-thumbnail","6":"product_cat-lehrbuecher","7":"pa_autor-ensa-annequin-hagenmuller-knoertzer","8":"pa_erscheinungsjahr-21546","9":"pa_region-alpin-winter","10":"pa_sprache-fr","12":"first","13":"instock","14":"taxable","15":"shipping-taxable","16":"purchasable","17":"product-type-simple"},"_links":{"self":[{"href":"https:\/\/pizbube.ch\/en\/wp-json\/wp\/v2\/product\/154348","targetHints":{"allow":["GET"]}}],"collection":[{"href":"https:\/\/pizbube.ch\/en\/wp-json\/wp\/v2\/product"}],"about":[{"href":"https:\/\/pizbube.ch\/en\/wp-json\/wp\/v2\/types\/product"}],"wp:featuredmedia":[{"embeddable":true,"href":"https:\/\/pizbube.ch\/en\/wp-json\/wp\/v2\/media\/32469"}],"wp:attachment":[{"href":"https:\/\/pizbube.ch\/en\/wp-json\/wp\/v2\/media?parent=154348"}],"wp:term":[{"taxonomy":"product_brand","embeddable":true,"href":"https:\/\/pizbube.ch\/en\/wp-json\/wp\/v2\/product_brand?post=154348"},{"taxonomy":"product_cat","embeddable":true,"href":"https:\/\/pizbube.ch\/en\/wp-json\/wp\/v2\/product_cat?post=154348"},{"taxonomy":"product_tag","embeddable":true,"href":"https:\/\/pizbube.ch\/en\/wp-json\/wp\/v2\/product_tag?post=154348"}],"curies":[{"name":"wp","href":"https:\/\/api.w.org\/{rel}","templated":true}]}}