{"id":154349,"date":"2021-01-15T14:28:12","date_gmt":"2021-01-15T14:28:12","guid":{"rendered":"https:\/\/codengine3.ch\/?product=import-placeholder-for-205265"},"modified":"2021-01-15T14:39:56","modified_gmt":"2021-01-15T14:39:56","slug":"wege-der-saeumer","status":"publish","type":"product","link":"https:\/\/pizbube.ch\/en\/shop\/wege-der-saeumer\/","title":{"rendered":"Wege der S\u00e4umer"},"content":{"rendered":"<p>Die Sbrinz-Route von Luzern \u00fcber die Alpen nach Domodossola \/ Italien.  <\/p>\n<p>\u00dcber 600 Jahre zogen sie einst mit ihren Saumtierkarawanen bei nahezu jedem<br \/>\nWetter und oft auf gefahrvollen Wegen von Luzern \u00fcber die Alpen nach<br \/>\nDomodossola (Oberitalien) und zur\u00fcck: die abgeh\u00e4rteten Hochgebirgss\u00e4umer als<br \/>\nWarenspediteure des Mittelalters. Nicht wenige kehrten nie zur\u00fcck. Mit dem<br \/>\naufkommenden Eisenbahntunnel- und Passstrassen-Zeitalter des ausgehenden 19.<br \/>\nJahrhunderts verloren auch sie Arbeit und Brot.<br \/>\nInzwischen sind ihre oft abenteuerlichen Wegstrecken als sog. &#8218;Sbrinz-Route&#8216;<br \/>\nin einer oft hoch-alpinen Fernwander- und Erlebnisroute f\u00fcr konditionsst\u00e4rkere<br \/>\nBergg\u00e4nger(innen) neu belebt worden. Das Buch macht mit zahlreichen Beispielen<br \/>\nu.a. sichtbar, was wir heute auf diesen We-gen erleben und was uns<br \/>\ninsbesondere an Zeitzeugen aus der S\u00e4umerepoche in der unterschied-lichsten<br \/>\nGestalt und Form auch jetzt noch begegnet. Dabei gehen das Gestern und Heute,<br \/>\ndie Wege der S\u00e4umer von einst und die &#8218;Sbrinz-Route&#8216; von heute, unmerklich in<br \/>\neinander \u00fcber zu einem einheitlichen Ganzen von grosser Faszinationskraft<br \/>\ninmitten einer grandiosen Hochge-birgswelt. Dadurch r\u00fccken manche M\u00fchsale und<br \/>\nGefahren des S\u00e4umerlebens n\u00e4her an uns heran, sie werden f\u00fcr uns am eigenen<br \/>\nLeib sp\u00fcrbar und erlebbar. Bei gar manchem und mancher wird am Schluss die<br \/>\nErkenntnis stehen: &#8218;S\u00e4umer zu sein, das war ein hartes Brot!&#8216;<br \/>\n76 farb., s\/w. Fotos. 159 S  <\/p>","protected":false},"excerpt":{"rendered":"<p>Die Sbrinz-Route von Luzern \u00fcber die Alpen nach Domodossola \/ Italien. \u00dcber 600 Jahre zogen sie einst mit ihren Saumtierkarawanen bei nahezu jedem Wetter und oft auf gefahrvollen Wegen von Luzern \u00fcber die Alpen nach Domodossola (Oberitalien) und zur\u00fcck: die abgeh\u00e4rteten Hochgebirgss\u00e4umer als Warenspediteure des Mittelalters. Nicht wenige kehrten nie zur\u00fcck. Mit dem aufkommenden Eisenbahntunnel- [&#8230;]\n","protected":false},"featured_media":33923,"template":"","meta":[],"product_brand":[],"product_cat":[21542],"product_tag":[],"class_list":{"0":"post-154349","1":"product","2":"type-product","3":"status-publish","4":"has-post-thumbnail","6":"product_cat-sachbuecher-dokumentationen","7":"pa_autor-pachtenfels","8":"pa_erscheinungsjahr-21776","9":"pa_region-schweiz","10":"pa_sprache-de","12":"first","13":"outofstock","14":"taxable","15":"shipping-taxable","16":"purchasable","17":"product-type-simple"},"_links":{"self":[{"href":"https:\/\/pizbube.ch\/en\/wp-json\/wp\/v2\/product\/154349","targetHints":{"allow":["GET"]}}],"collection":[{"href":"https:\/\/pizbube.ch\/en\/wp-json\/wp\/v2\/product"}],"about":[{"href":"https:\/\/pizbube.ch\/en\/wp-json\/wp\/v2\/types\/product"}],"wp:featuredmedia":[{"embeddable":true,"href":"https:\/\/pizbube.ch\/en\/wp-json\/wp\/v2\/media\/33923"}],"wp:attachment":[{"href":"https:\/\/pizbube.ch\/en\/wp-json\/wp\/v2\/media?parent=154349"}],"wp:term":[{"taxonomy":"product_brand","embeddable":true,"href":"https:\/\/pizbube.ch\/en\/wp-json\/wp\/v2\/product_brand?post=154349"},{"taxonomy":"product_cat","embeddable":true,"href":"https:\/\/pizbube.ch\/en\/wp-json\/wp\/v2\/product_cat?post=154349"},{"taxonomy":"product_tag","embeddable":true,"href":"https:\/\/pizbube.ch\/en\/wp-json\/wp\/v2\/product_tag?post=154349"}],"curies":[{"name":"wp","href":"https:\/\/api.w.org\/{rel}","templated":true}]}}