{"id":154350,"date":"2021-01-15T14:28:20","date_gmt":"2021-01-15T14:28:20","guid":{"rendered":"https:\/\/codengine3.ch\/?product=import-placeholder-for-208600"},"modified":"2024-02-08T16:36:54","modified_gmt":"2024-02-08T15:36:54","slug":"die-101-schoensten-winterwanderungen-der-schweiz","status":"publish","type":"product","link":"https:\/\/pizbube.ch\/en\/shop\/die-101-schoensten-winterwanderungen-der-schweiz\/","title":{"rendered":"Die 101 sch\u00f6nsten Winterwanderungen der Schweiz"},"content":{"rendered":"<p>Lust auf den Schweizer Winter! Eine sonnige Winterwanderung \u00fcber dem Nebelmeer<br \/>\ngeniessen, mit Schneeschuhen durch tief verschneite W\u00e4lder stapfen oder mit<br \/>\nder Familie eine flotte Schlittelpartie unternehmen &#8211; auch in der kalten<br \/>\nJahreszeit sind tolle Naturerlebnisse garantiert.<\/p>\n<p>Die Schweiz ist ein Winterparadies! Und das Redaktionsteam der Zeitschrift<br \/>\n\u00abWandermagazin SCHWEIZ\u00bb zeigt es Ihnen. In diesem \u00fcbersichtlich gestalteten<br \/>\nBuch pr\u00e4sentieren wir 101 Winter- und Schneeschuhwanderungen in der ganzen<br \/>\nSchweiz &#8211; vom einfachen Spaziergang in Stadtn\u00e4he bis zur anspruchsvollen<br \/>\nGipfeltour.<\/p>\n<p>Ausf\u00fchrliche Tourenbeschreibungen, Wissenswertes, Praktische Informationen,<br \/>\nTipps zu Ausfl\u00fcgen und Sehensw\u00fcrdigkeiten; Wanderkarten; H\u00f6henprofile<\/p>\n<p>232 Seiten; Kartonierter Einband<\/p>","protected":false},"excerpt":{"rendered":"<p>Lust auf den Schweizer Winter! Eine sonnige Winterwanderung \u00fcber dem Nebelmeer geniessen, mit Schneeschuhen durch tief verschneite W\u00e4lder stapfen oder mit der Familie eine flotte Schlittelpartie unternehmen &#8211; auch in der kalten Jahreszeit sind tolle Naturerlebnisse garantiert. Die Schweiz ist ein Winterparadies! Und das Redaktionsteam der Zeitschrift \u00abWandermagazin SCHWEIZ\u00bb zeigt es Ihnen. In diesem \u00fcbersichtlich [&#8230;]\n","protected":false},"featured_media":171541,"template":"","meta":[],"product_brand":[],"product_cat":[21605],"product_tag":[],"class_list":{"0":"post-154350","1":"product","2":"type-product","3":"status-publish","4":"has-post-thumbnail","6":"product_cat-wanderfuehrer-trekking","7":"pa_autor-ihle-kaiser","8":"pa_erscheinungsjahr-21558","9":"pa_region-schweiz","10":"pa_sprache-de","12":"first","13":"instock","14":"taxable","15":"shipping-taxable","16":"purchasable","17":"product-type-simple"},"_links":{"self":[{"href":"https:\/\/pizbube.ch\/en\/wp-json\/wp\/v2\/product\/154350","targetHints":{"allow":["GET"]}}],"collection":[{"href":"https:\/\/pizbube.ch\/en\/wp-json\/wp\/v2\/product"}],"about":[{"href":"https:\/\/pizbube.ch\/en\/wp-json\/wp\/v2\/types\/product"}],"wp:featuredmedia":[{"embeddable":true,"href":"https:\/\/pizbube.ch\/en\/wp-json\/wp\/v2\/media\/171541"}],"wp:attachment":[{"href":"https:\/\/pizbube.ch\/en\/wp-json\/wp\/v2\/media?parent=154350"}],"wp:term":[{"taxonomy":"product_brand","embeddable":true,"href":"https:\/\/pizbube.ch\/en\/wp-json\/wp\/v2\/product_brand?post=154350"},{"taxonomy":"product_cat","embeddable":true,"href":"https:\/\/pizbube.ch\/en\/wp-json\/wp\/v2\/product_cat?post=154350"},{"taxonomy":"product_tag","embeddable":true,"href":"https:\/\/pizbube.ch\/en\/wp-json\/wp\/v2\/product_tag?post=154350"}],"curies":[{"name":"wp","href":"https:\/\/api.w.org\/{rel}","templated":true}]}}