{"id":154352,"date":"2021-01-15T14:28:29","date_gmt":"2021-01-15T14:28:29","guid":{"rendered":"https:\/\/codengine3.ch\/?product=import-placeholder-for-207423"},"modified":"2021-01-15T16:03:05","modified_gmt":"2021-01-15T16:03:05","slug":"escalade-reunion-topo-bloc","status":"publish","type":"product","link":"https:\/\/pizbube.ch\/en\/shop\/escalade-reunion-topo-bloc\/","title":{"rendered":"Escalade R\u00e9union topo bloc"},"content":{"rendered":"<p>L`ile de la R\u00e9union est un paradis pour les grimpeurs de bloc!<br \/>\nChacune renferme des blocs exceptionnels dans une ambiance magique.<br \/>\nL\u2018\u00e9dition de ce premier TOPO DE BLOC vous permettra de vous rep\u00e9rer dans cette<br \/>\npartie sauvage de la R\u00e9union.  <\/p>\n<p>Il regroupe d\u00e9j\u00e0 plus de 2200 passages sur 22 sites, du 3\u00e8me au 8\u00e8me degr\u00e9, en<br \/>\nd\u00e9vers ou en dalle, \u00e0 r\u00e9glettes ou en plats, dans les bas ou dans les hauts.<br \/>\nL\u2018ouvrage fait de la R\u00e9union une destination Bloc \u00e0 part enti\u00e8re, un<br \/>\nformidable terrain de jeu pouvant contenter aussi bien le n\u00e9ophyte d\u00e9couvrant<br \/>\nl\u2018activit\u00e9 que les plus passionn\u00e9s.<\/p>","protected":false},"excerpt":{"rendered":"<p>L`ile de la R\u00e9union est un paradis pour les grimpeurs de bloc! Chacune renferme des blocs exceptionnels dans une ambiance magique. L\u2018\u00e9dition de ce premier TOPO DE BLOC vous permettra de vous rep\u00e9rer dans cette partie sauvage de la R\u00e9union. Il regroupe d\u00e9j\u00e0 plus de 2200 passages sur 22 sites, du 3\u00e8me au 8\u00e8me degr\u00e9, [&#8230;]\n","protected":false},"featured_media":37404,"template":"","meta":[],"product_brand":[],"product_cat":[21539],"product_tag":[],"class_list":{"0":"post-154352","1":"product","2":"type-product","3":"status-publish","4":"has-post-thumbnail","6":"product_cat-fuehrerliteratur-sportklettern-bouldern","7":"pa_autor-poullain","8":"pa_erscheinungsjahr-21621","9":"pa_region-frankreich","10":"pa_sprache-fr","12":"first","13":"instock","14":"taxable","15":"shipping-taxable","16":"purchasable","17":"product-type-simple"},"_links":{"self":[{"href":"https:\/\/pizbube.ch\/en\/wp-json\/wp\/v2\/product\/154352","targetHints":{"allow":["GET"]}}],"collection":[{"href":"https:\/\/pizbube.ch\/en\/wp-json\/wp\/v2\/product"}],"about":[{"href":"https:\/\/pizbube.ch\/en\/wp-json\/wp\/v2\/types\/product"}],"wp:featuredmedia":[{"embeddable":true,"href":"https:\/\/pizbube.ch\/en\/wp-json\/wp\/v2\/media\/37404"}],"wp:attachment":[{"href":"https:\/\/pizbube.ch\/en\/wp-json\/wp\/v2\/media?parent=154352"}],"wp:term":[{"taxonomy":"product_brand","embeddable":true,"href":"https:\/\/pizbube.ch\/en\/wp-json\/wp\/v2\/product_brand?post=154352"},{"taxonomy":"product_cat","embeddable":true,"href":"https:\/\/pizbube.ch\/en\/wp-json\/wp\/v2\/product_cat?post=154352"},{"taxonomy":"product_tag","embeddable":true,"href":"https:\/\/pizbube.ch\/en\/wp-json\/wp\/v2\/product_tag?post=154352"}],"curies":[{"name":"wp","href":"https:\/\/api.w.org\/{rel}","templated":true}]}}