{"id":154353,"date":"2021-01-15T14:28:30","date_gmt":"2021-01-15T14:28:30","guid":{"rendered":"https:\/\/codengine3.ch\/?product=import-placeholder-for-205711"},"modified":"2025-05-24T09:15:25","modified_gmt":"2025-05-24T07:15:25","slug":"gr-5-genfer-see-bis-nizza","status":"publish","type":"product","link":"https:\/\/pizbube.ch\/en\/shop\/gr-5-genfer-see-bis-nizza\/","title":{"rendered":"Gr 5: Genfer See -Nizza"},"content":{"rendered":"<p>Grande Travers\u00e9e des Alpes (GTA)<\/p>\n<p>Die Grande Travers\u00e9e des Alpes (GTA) ist der spektakul\u00e4re letzte Abschnitt des Fernwanderwegs GR 5, der die franz\u00f6sischen Alpen einmal durchquert. Mit dem Mont Blanc wird dabei auch der h\u00f6chste Berg der Alpen flankiert. Die GTA f\u00fchrt von Nord nach S\u00fcd parallel zur franz\u00f6sischen Grenze auf knapp 600 km durch sechs Gebirgsgruppen: Chablais-Alpen, Mont-Blanc-Gruppe, Vanoise-Massiv, Thabor-Gruppe, Cottische Alpen und Seealpen. Jede Gebirgsgruppe hat ihren eigenen Charakter und besonderen Reiz, der auf dieser mehrw\u00f6chigen Fernwanderung ausgiebig erfahrbar ist. Im Verlauf der GTA l\u00f6st das mediterrane Klima immer mehr das hochalpine Klima ab. Die Ver\u00e4nderung von Flora, Fauna und Geologie durch diesen klimatischen Einfluss l\u00e4sst sich \u00fcber die Etappen hautnah erleben. Schlie\u00dflich wird am Stadtstrand von Nizza das azurblaue Meer erreicht.<\/p>\n<p>Der Autor liefert zu jeder Etappe eine detaillierte Wegbeschreibung, die durch Karten, H\u00f6henprofile und GPS-Tracks erg\u00e4nzt wird. Die f\u00fcr Weitwanderer besonders wichtigen Hinweise zu Unterk\u00fcnften, Verpflegungs- und Transportm\u00f6glichkeiten fehlen im Buch ebenso wenig wie Informationen zu Highlights am Weg. Ein ausf\u00fchrliches Kapitel widmet sich dem Thema Camping und Wildcamping, das die intensivste und unabh\u00e4ngigste Erfahrung sowie die gr\u00f6\u00dfte Flexibilit\u00e4t f\u00fcr das Erleben der Bergwelt bietet.<\/p>\n<p>1. Auflage 2022<br \/>\nkartoniert (16,5 x 11,5 cm)<br \/>\n192 Seiten<\/p>","protected":false},"excerpt":{"rendered":"<p>Grande Travers\u00e9e des Alpes (GTA) Die Grande Travers\u00e9e des Alpes (GTA) ist der spektakul\u00e4re letzte Abschnitt des Fernwanderwegs GR 5, der die franz\u00f6sischen Alpen einmal durchquert. Mit dem Mont Blanc wird dabei auch der h\u00f6chste Berg der Alpen flankiert. Die GTA f\u00fchrt von Nord nach S\u00fcd parallel zur franz\u00f6sischen Grenze auf knapp 600 km durch [&#8230;]\n","protected":false},"featured_media":172305,"template":"","meta":[],"product_brand":[],"product_cat":[21605],"product_tag":[],"class_list":{"0":"post-154353","1":"product","2":"type-product","3":"status-publish","4":"has-post-thumbnail","6":"product_cat-wanderfuehrer-trekking","7":"pa_autor-nostitz","8":"pa_erscheinungsjahr-27013","9":"pa_region-frankreich","10":"pa_sprache-de","12":"first","13":"outofstock","14":"taxable","15":"shipping-taxable","16":"purchasable","17":"product-type-simple"},"_links":{"self":[{"href":"https:\/\/pizbube.ch\/en\/wp-json\/wp\/v2\/product\/154353","targetHints":{"allow":["GET"]}}],"collection":[{"href":"https:\/\/pizbube.ch\/en\/wp-json\/wp\/v2\/product"}],"about":[{"href":"https:\/\/pizbube.ch\/en\/wp-json\/wp\/v2\/types\/product"}],"wp:featuredmedia":[{"embeddable":true,"href":"https:\/\/pizbube.ch\/en\/wp-json\/wp\/v2\/media\/172305"}],"wp:attachment":[{"href":"https:\/\/pizbube.ch\/en\/wp-json\/wp\/v2\/media?parent=154353"}],"wp:term":[{"taxonomy":"product_brand","embeddable":true,"href":"https:\/\/pizbube.ch\/en\/wp-json\/wp\/v2\/product_brand?post=154353"},{"taxonomy":"product_cat","embeddable":true,"href":"https:\/\/pizbube.ch\/en\/wp-json\/wp\/v2\/product_cat?post=154353"},{"taxonomy":"product_tag","embeddable":true,"href":"https:\/\/pizbube.ch\/en\/wp-json\/wp\/v2\/product_tag?post=154353"}],"curies":[{"name":"wp","href":"https:\/\/api.w.org\/{rel}","templated":true}]}}