{"id":154354,"date":"2021-01-15T14:28:30","date_gmt":"2021-01-15T14:28:30","guid":{"rendered":"https:\/\/codengine3.ch\/?product=import-placeholder-for-207788"},"modified":"2021-01-15T16:58:36","modified_gmt":"2021-01-15T16:58:36","slug":"grande-randonnee-gr-52a","status":"publish","type":"product","link":"https:\/\/pizbube.ch\/en\/shop\/grande-randonnee-gr-52a\/","title":{"rendered":"Grande Randonn\u00e9e GR 52A"},"content":{"rendered":"<p>Le Sentier Panoramique du Mercantour\u2018, so der offizielle Name des GR 52A,<br \/>\numrundet den 1979 geschaffenen Parc National du Mercantour.<\/p>\n<p>Der Wanderf\u00fchrer enth\u00e4lt die komplette Wegbeschreibung von Limonetto nach<br \/>\nColmars-les-Alpes, alle Kartenskizzen und Wegprofile (s\/w), die Sie auf dieser<br \/>\nWebsite sehen, sowie ein Verzeichnis mit \u00fcber 120 \u00dcbernachtungsm\u00f6glichkeiten<br \/>\nam Weg.<\/p>\n<p>Le Sentier Panoramique du Mercantour, so der offizielle Name des GR 52A,<br \/>\numrundet den 1979 geschaffenen Parc National du Mercantour und bietet, nomen<br \/>\nest omen, oft grandiose Panoramastrecken mit Ausblicken auf den legend\u00e4ren<br \/>\nMont B\u00e9go, den G\u00e9las, mit 3143m h\u00f6chster Berg des D\u00e9partements, und die kahle<br \/>\nPyramide des Mont Mounier. \u00dcber ca. 230 Kilometer wandern Sie auf diesem Weg<br \/>\nin 12 &#8211; 15 Tagen vom italienischen Valle Vermenagna auf dem R\u00f6merweg hinauf<br \/>\nzum Col de Tende, an dem die offizielle Route des GR 52A beginnt, bis nach<br \/>\nColmars-les-Alpes.<\/p>","protected":false},"excerpt":{"rendered":"<p>Le Sentier Panoramique du Mercantour\u2018, so der offizielle Name des GR 52A, umrundet den 1979 geschaffenen Parc National du Mercantour. Der Wanderf\u00fchrer enth\u00e4lt die komplette Wegbeschreibung von Limonetto nach Colmars-les-Alpes, alle Kartenskizzen und Wegprofile (s\/w), die Sie auf dieser Website sehen, sowie ein Verzeichnis mit \u00fcber 120 \u00dcbernachtungsm\u00f6glichkeiten am Weg. Le Sentier Panoramique du Mercantour, [&#8230;]\n","protected":false},"featured_media":38450,"template":"","meta":[],"product_brand":[],"product_cat":[21605],"product_tag":[],"class_list":{"0":"post-154354","1":"product","2":"type-product","3":"status-publish","4":"has-post-thumbnail","6":"product_cat-wanderfuehrer-trekking","7":"pa_autor-bade-mikuteit","8":"pa_erscheinungsjahr-21610","9":"pa_region-frankreich","10":"pa_sprache-de","12":"first","13":"outofstock","14":"taxable","15":"shipping-taxable","16":"purchasable","17":"product-type-simple"},"_links":{"self":[{"href":"https:\/\/pizbube.ch\/en\/wp-json\/wp\/v2\/product\/154354","targetHints":{"allow":["GET"]}}],"collection":[{"href":"https:\/\/pizbube.ch\/en\/wp-json\/wp\/v2\/product"}],"about":[{"href":"https:\/\/pizbube.ch\/en\/wp-json\/wp\/v2\/types\/product"}],"wp:featuredmedia":[{"embeddable":true,"href":"https:\/\/pizbube.ch\/en\/wp-json\/wp\/v2\/media\/38450"}],"wp:attachment":[{"href":"https:\/\/pizbube.ch\/en\/wp-json\/wp\/v2\/media?parent=154354"}],"wp:term":[{"taxonomy":"product_brand","embeddable":true,"href":"https:\/\/pizbube.ch\/en\/wp-json\/wp\/v2\/product_brand?post=154354"},{"taxonomy":"product_cat","embeddable":true,"href":"https:\/\/pizbube.ch\/en\/wp-json\/wp\/v2\/product_cat?post=154354"},{"taxonomy":"product_tag","embeddable":true,"href":"https:\/\/pizbube.ch\/en\/wp-json\/wp\/v2\/product_tag?post=154354"}],"curies":[{"name":"wp","href":"https:\/\/api.w.org\/{rel}","templated":true}]}}