{"id":154356,"date":"2021-01-15T14:28:32","date_gmt":"2021-01-15T14:28:32","guid":{"rendered":"https:\/\/codengine3.ch\/?product=import-placeholder-for-207632"},"modified":"2023-10-01T16:42:17","modified_gmt":"2023-10-01T14:42:17","slug":"bergueda-vertical","status":"publish","type":"product","link":"https:\/\/pizbube.ch\/en\/shop\/bergueda-vertical\/","title":{"rendered":"Bergued\u00e0 Vertical"},"content":{"rendered":"<p>Gu\u00eda de Bergued\u00e0 con propuestas de v\u00edas desde el IV al 9a, incluye zonas com:<br \/>\nSant Juli\u00e0 de Cerdanyola Castell de l&#8217;Areny, Cincles de Vallcebre, Berga, La<br \/>\nNou de Bergued\u00e0, Vilada<\/p>\n<p>Roc de la Lluna, Borred\u00e0, Capolat, Riugreixer, Malanyeu, etc&#8230;<\/p>","protected":false},"excerpt":{"rendered":"<p>Gu\u00eda de Bergued\u00e0 con propuestas de v\u00edas desde el IV al 9a, incluye zonas com: Sant Juli\u00e0 de Cerdanyola Castell de l&#8217;Areny, Cincles de Vallcebre, Berga, La Nou de Bergued\u00e0, Vilada Roc de la Lluna, Borred\u00e0, Capolat, Riugreixer, Malanyeu, etc&#8230;<\/p>","protected":false},"featured_media":38046,"template":"","meta":[],"product_brand":[],"product_cat":[21539],"product_tag":[],"class_list":{"0":"post-154356","1":"product","2":"type-product","3":"status-publish","4":"has-post-thumbnail","6":"product_cat-fuehrerliteratur-sportklettern-bouldern","7":"pa_autor-autoedicion","8":"pa_erscheinungsjahr-21546","9":"pa_region-spanien","10":"pa_sprache-es","12":"first","13":"outofstock","14":"taxable","15":"shipping-taxable","16":"purchasable","17":"product-type-simple"},"_links":{"self":[{"href":"https:\/\/pizbube.ch\/en\/wp-json\/wp\/v2\/product\/154356","targetHints":{"allow":["GET"]}}],"collection":[{"href":"https:\/\/pizbube.ch\/en\/wp-json\/wp\/v2\/product"}],"about":[{"href":"https:\/\/pizbube.ch\/en\/wp-json\/wp\/v2\/types\/product"}],"wp:featuredmedia":[{"embeddable":true,"href":"https:\/\/pizbube.ch\/en\/wp-json\/wp\/v2\/media\/38046"}],"wp:attachment":[{"href":"https:\/\/pizbube.ch\/en\/wp-json\/wp\/v2\/media?parent=154356"}],"wp:term":[{"taxonomy":"product_brand","embeddable":true,"href":"https:\/\/pizbube.ch\/en\/wp-json\/wp\/v2\/product_brand?post=154356"},{"taxonomy":"product_cat","embeddable":true,"href":"https:\/\/pizbube.ch\/en\/wp-json\/wp\/v2\/product_cat?post=154356"},{"taxonomy":"product_tag","embeddable":true,"href":"https:\/\/pizbube.ch\/en\/wp-json\/wp\/v2\/product_tag?post=154356"}],"curies":[{"name":"wp","href":"https:\/\/api.w.org\/{rel}","templated":true}]}}