{"id":154357,"date":"2021-01-15T14:28:32","date_gmt":"2021-01-15T14:28:32","guid":{"rendered":"https:\/\/codengine3.ch\/?product=import-placeholder-for-207960"},"modified":"2026-03-11T11:25:43","modified_gmt":"2026-03-11T10:25:43","slug":"barcelona-y-alrededores-volumen-1-parte-sur","status":"publish","type":"product","link":"https:\/\/pizbube.ch\/en\/shop\/barcelona-y-alrededores-volumen-1-parte-sur\/","title":{"rendered":"Barcelona y alrededores Volumen 1 &#8211; Parte Sur"},"content":{"rendered":"<p>Tras casi cuatro a\u00f1os de trabajo de recopilar informaci\u00f3n y actualizar daros,<br \/>\nLuis Alfonso renueva su vieja gu\u00eda Barcelona y alrededores.<\/p>\n<p>Esta vez se trata de un voluminoso trabajo con m\u00e1s de 500 p\u00e1ginas que recoge<br \/>\ntodas las zonas, unas cuarenta, de la parte sur de la provincia. Con<br \/>\ninformaci\u00f3n detallada de casi todas las escuelas que rodean Barcelona hasta<br \/>\nllegar a Tarragona, e incluso alguna peque\u00f1a concesi\u00f3n dentro de esta.<\/p>\n<p>Esta gu\u00eda no incluye ni Montserrat ni Sant Llorenc del Munt.<\/p>\n<p>Parte norte \/ Vol. 2:<br \/>\n<a href=\"https:\/\/pizbube.ch\/en\/shop\/barcelona-y-alrededores-vol-2-parte-norte\/\" target=\"_blank\" rel=\"noopener\">Barcelona y alrededores Vol. 2 \u2013 Parte Norte<\/a><\/p>","protected":false},"excerpt":{"rendered":"<p>Tras casi cuatro a\u00f1os de trabajo de recopilar informaci\u00f3n y actualizar daros, Luis Alfonso renueva su vieja gu\u00eda Barcelona y alrededores. Esta vez se trata de un voluminoso trabajo con m\u00e1s de 500 p\u00e1ginas que recoge todas las zonas, unas cuarenta, de la parte sur de la provincia. Con informaci\u00f3n detallada de casi todas las [&#8230;]\n","protected":false},"featured_media":175009,"template":"","meta":[],"product_brand":[],"product_cat":[21539],"product_tag":[],"class_list":{"0":"post-154357","1":"product","2":"type-product","3":"status-publish","4":"has-post-thumbnail","6":"product_cat-fuehrerliteratur-sportklettern-bouldern","7":"pa_autor-alfonso","8":"pa_erscheinungsjahr-21574","9":"pa_region-spanien","10":"pa_sprache-es","12":"first","13":"instock","14":"taxable","15":"shipping-taxable","16":"purchasable","17":"product-type-simple"},"_links":{"self":[{"href":"https:\/\/pizbube.ch\/en\/wp-json\/wp\/v2\/product\/154357","targetHints":{"allow":["GET"]}}],"collection":[{"href":"https:\/\/pizbube.ch\/en\/wp-json\/wp\/v2\/product"}],"about":[{"href":"https:\/\/pizbube.ch\/en\/wp-json\/wp\/v2\/types\/product"}],"wp:featuredmedia":[{"embeddable":true,"href":"https:\/\/pizbube.ch\/en\/wp-json\/wp\/v2\/media\/175009"}],"wp:attachment":[{"href":"https:\/\/pizbube.ch\/en\/wp-json\/wp\/v2\/media?parent=154357"}],"wp:term":[{"taxonomy":"product_brand","embeddable":true,"href":"https:\/\/pizbube.ch\/en\/wp-json\/wp\/v2\/product_brand?post=154357"},{"taxonomy":"product_cat","embeddable":true,"href":"https:\/\/pizbube.ch\/en\/wp-json\/wp\/v2\/product_cat?post=154357"},{"taxonomy":"product_tag","embeddable":true,"href":"https:\/\/pizbube.ch\/en\/wp-json\/wp\/v2\/product_tag?post=154357"}],"curies":[{"name":"wp","href":"https:\/\/api.w.org\/{rel}","templated":true}]}}