{"id":154359,"date":"2021-01-15T14:28:39","date_gmt":"2021-01-15T14:28:39","guid":{"rendered":"https:\/\/codengine3.ch\/?product=import-placeholder-for-208798"},"modified":"2021-01-15T17:57:54","modified_gmt":"2021-01-15T17:57:54","slug":"handbuch-klettergarten-2","status":"publish","type":"product","link":"https:\/\/pizbube.ch\/en\/shop\/handbuch-klettergarten-2\/","title":{"rendered":"Handbuch Klettergarten"},"content":{"rendered":"<p>Handbuch Klettergarten  <\/p>\n<p>Das Handbuch Klettergarten gibt eine profunden \u00dcberblick \u00fcber die aktuellen<br \/>\nStandards zur Steigerung von Sicherheit und Qualit\u00e4t von Kletterg\u00e4rten. Es<br \/>\nsoll jene Vereine und Organisationen unterst\u00fctzen, die sich bereit erkl\u00e4ren,<br \/>\nals &#171;Erhalter&#187; von Kletterg\u00e4rten Verantwortung f\u00fcr die risikobewu\u00dfte sowie<br \/>\ndie natur- und sozialvertr\u00e4gliche F\u00f6rderung des Klettersports zu \u00fcbernehmen.<\/p>\n<p>123 Seiten  <\/p>","protected":false},"excerpt":{"rendered":"<ul>\n<li><a href=\"https:\/\/pizbube.ch\/wp-content\/uploads\/attachments\/a_032\/FDAAA17FA1351CB9AA680AAE262CA71E.pdf\" target=\"_blank\" rel=\"noopener\">PDF: Handbuch-Klettergarten-Inhalt<\/a><\/li>\n<\/ul>","protected":false},"featured_media":41380,"template":"","meta":[],"product_brand":[],"product_cat":[21538],"product_tag":[],"class_list":{"0":"post-154359","1":"product","2":"type-product","3":"status-publish","4":"has-post-thumbnail","6":"product_cat-lehrbuecher","7":"pa_autor-oeav-2","8":"pa_erscheinungsjahr-21586","9":"pa_region-orientierung-wetter-ausbildung","10":"pa_sprache-de","12":"first","13":"instock","14":"taxable","15":"shipping-taxable","16":"purchasable","17":"product-type-simple"},"_links":{"self":[{"href":"https:\/\/pizbube.ch\/en\/wp-json\/wp\/v2\/product\/154359","targetHints":{"allow":["GET"]}}],"collection":[{"href":"https:\/\/pizbube.ch\/en\/wp-json\/wp\/v2\/product"}],"about":[{"href":"https:\/\/pizbube.ch\/en\/wp-json\/wp\/v2\/types\/product"}],"wp:featuredmedia":[{"embeddable":true,"href":"https:\/\/pizbube.ch\/en\/wp-json\/wp\/v2\/media\/41380"}],"wp:attachment":[{"href":"https:\/\/pizbube.ch\/en\/wp-json\/wp\/v2\/media?parent=154359"}],"wp:term":[{"taxonomy":"product_brand","embeddable":true,"href":"https:\/\/pizbube.ch\/en\/wp-json\/wp\/v2\/product_brand?post=154359"},{"taxonomy":"product_cat","embeddable":true,"href":"https:\/\/pizbube.ch\/en\/wp-json\/wp\/v2\/product_cat?post=154359"},{"taxonomy":"product_tag","embeddable":true,"href":"https:\/\/pizbube.ch\/en\/wp-json\/wp\/v2\/product_tag?post=154359"}],"curies":[{"name":"wp","href":"https:\/\/api.w.org\/{rel}","templated":true}]}}