{"id":154362,"date":"2021-01-15T14:28:49","date_gmt":"2021-01-15T14:28:49","guid":{"rendered":"https:\/\/codengine3.ch\/?product=import-placeholder-for-206629"},"modified":"2021-10-02T10:18:31","modified_gmt":"2021-10-02T08:18:31","slug":"wanderkarte-ferienregion-elm-sernftal-125000","status":"publish","type":"product","link":"https:\/\/pizbube.ch\/en\/shop\/wanderkarte-ferienregion-elm-sernftal-125000\/","title":{"rendered":"Wanderkarte Ferienregion Elm &#8211; Sernftal 1:25&#8217;000"},"content":{"rendered":"<p>Die Wanderkarte Sernftal (Masstab 1:25&#8217;000) zeigt die zahlreichen Wanderungen<br \/>\nim Kleintal.<\/p>\n<p>Ausf\u00fchrliche Routenbeschriebe und eine \u00dcbersicht der Markierungen entlang den<br \/>\nWanderwegen erg\u00e4nzen diese Karte.<\/p>","protected":false},"excerpt":{"rendered":"<p>Die Wanderkarte Sernftal (Masstab 1:25&#8217;000) zeigt die zahlreichen Wanderungen im Kleintal. Ausf\u00fchrliche Routenbeschriebe und eine \u00dcbersicht der Markierungen entlang den Wanderwegen erg\u00e4nzen diese Karte.<\/p>","protected":false},"featured_media":35725,"template":"","meta":[],"product_brand":[],"product_cat":[21543],"product_tag":[],"class_list":{"0":"post-154362","1":"product","2":"type-product","3":"status-publish","4":"has-post-thumbnail","6":"product_cat-landkarten","7":"pa_autor-baeschlin-2","8":"pa_erscheinungsjahr-21591","9":"pa_region-schweiz","10":"pa_sprache-de","12":"first","13":"outofstock","14":"taxable","15":"shipping-taxable","16":"purchasable","17":"product-type-simple"},"_links":{"self":[{"href":"https:\/\/pizbube.ch\/en\/wp-json\/wp\/v2\/product\/154362","targetHints":{"allow":["GET"]}}],"collection":[{"href":"https:\/\/pizbube.ch\/en\/wp-json\/wp\/v2\/product"}],"about":[{"href":"https:\/\/pizbube.ch\/en\/wp-json\/wp\/v2\/types\/product"}],"wp:featuredmedia":[{"embeddable":true,"href":"https:\/\/pizbube.ch\/en\/wp-json\/wp\/v2\/media\/35725"}],"wp:attachment":[{"href":"https:\/\/pizbube.ch\/en\/wp-json\/wp\/v2\/media?parent=154362"}],"wp:term":[{"taxonomy":"product_brand","embeddable":true,"href":"https:\/\/pizbube.ch\/en\/wp-json\/wp\/v2\/product_brand?post=154362"},{"taxonomy":"product_cat","embeddable":true,"href":"https:\/\/pizbube.ch\/en\/wp-json\/wp\/v2\/product_cat?post=154362"},{"taxonomy":"product_tag","embeddable":true,"href":"https:\/\/pizbube.ch\/en\/wp-json\/wp\/v2\/product_tag?post=154362"}],"curies":[{"name":"wp","href":"https:\/\/api.w.org\/{rel}","templated":true}]}}