{"id":154367,"date":"2021-01-15T14:28:58","date_gmt":"2021-01-15T14:28:58","guid":{"rendered":"https:\/\/codengine3.ch\/?product=import-placeholder-for-206275"},"modified":"2022-12-16T09:13:32","modified_gmt":"2022-12-16T08:13:32","slug":"die-schoensten-genusstouren-in-den-schweizer-alpen","status":"publish","type":"product","link":"https:\/\/pizbube.ch\/en\/shop\/die-schoensten-genusstouren-in-den-schweizer-alpen\/","title":{"rendered":"Die sch\u00f6nsten Genusstouren in den Schweizer Alpen"},"content":{"rendered":"<p>77 leichte Wanderungen<\/p>\n<p>Dieses Buch vereinigt 77 attraktive Wanderrouten in den Schweizer Alpen, die<br \/>\nalle maximales Bergerlebnis in alpinem Ambiente mit einer leichten<br \/>\nBegehbarkeit verbinden.<\/p>\n<p>Keine der Touren geht \u00fcber den Schwierigkeitsgrad T2 hinaus, die Auf- und<br \/>\nAbstiege sind auch f\u00fcr untrainierte Kniegelenke problemlos zu bew\u00e4ltigen \u2013<br \/>\nideal also f\u00fcr Einsteiger und Hobbywanderer, die sich aus \u00dcberzeugung oder aus<br \/>\ngesundheitlichen Gr\u00fcnden keine l\u00e4ngeren Touren zumuten wollen oder k\u00f6nnen:<br \/>\nSeniorinnen und Senioren, Berufsleute mit wenig Zeit f\u00fcr sportliche<br \/>\nBet\u00e4tigung, Menschen im Aufbautraining, Vereine, Gruppen und Familien.<\/p>\n<p>Dieser sch\u00f6n gestaltete Bildband entf\u00fchrt uns in alpine Regionen, l\u00e4sst uns<br \/>\nlocker die Dreitausendergrenze \u00fcberschreiten, unbeschwert k\u00f6nigliche Aus- und<br \/>\nWeitblicke genie\u00dfen und gefahrlos die raue Wildheit der Bergwelt sp\u00fcren. Neben<br \/>\neiner ausf\u00fchrlichen Beschreibung der Touren in Wort und Bild finden sich alle<br \/>\npraktischen Informationen sowie \u00dcbersichtskarten.<\/p>","protected":false},"excerpt":{"rendered":"<p>77 leichte Wanderungen Dieses Buch vereinigt 77 attraktive Wanderrouten in den Schweizer Alpen, die alle maximales Bergerlebnis in alpinem Ambiente mit einer leichten Begehbarkeit verbinden. Keine der Touren geht \u00fcber den Schwierigkeitsgrad T2 hinaus, die Auf- und Abstiege sind auch f\u00fcr untrainierte Kniegelenke problemlos zu bew\u00e4ltigen \u2013 ideal also f\u00fcr Einsteiger und Hobbywanderer, die sich [&#8230;]\n","protected":false},"featured_media":35259,"template":"","meta":[],"product_brand":[],"product_cat":[21605],"product_tag":[],"class_list":{"0":"post-154367","1":"product","2":"type-product","3":"status-publish","4":"has-post-thumbnail","6":"product_cat-wanderfuehrer-trekking","7":"pa_autor-coulin","8":"pa_erscheinungsjahr-21568","9":"pa_region-schweiz","10":"pa_sprache-de","12":"first","13":"outofstock","14":"taxable","15":"shipping-taxable","16":"purchasable","17":"product-type-simple"},"_links":{"self":[{"href":"https:\/\/pizbube.ch\/en\/wp-json\/wp\/v2\/product\/154367","targetHints":{"allow":["GET"]}}],"collection":[{"href":"https:\/\/pizbube.ch\/en\/wp-json\/wp\/v2\/product"}],"about":[{"href":"https:\/\/pizbube.ch\/en\/wp-json\/wp\/v2\/types\/product"}],"wp:featuredmedia":[{"embeddable":true,"href":"https:\/\/pizbube.ch\/en\/wp-json\/wp\/v2\/media\/35259"}],"wp:attachment":[{"href":"https:\/\/pizbube.ch\/en\/wp-json\/wp\/v2\/media?parent=154367"}],"wp:term":[{"taxonomy":"product_brand","embeddable":true,"href":"https:\/\/pizbube.ch\/en\/wp-json\/wp\/v2\/product_brand?post=154367"},{"taxonomy":"product_cat","embeddable":true,"href":"https:\/\/pizbube.ch\/en\/wp-json\/wp\/v2\/product_cat?post=154367"},{"taxonomy":"product_tag","embeddable":true,"href":"https:\/\/pizbube.ch\/en\/wp-json\/wp\/v2\/product_tag?post=154367"}],"curies":[{"name":"wp","href":"https:\/\/api.w.org\/{rel}","templated":true}]}}