{"id":154369,"date":"2021-01-15T14:29:17","date_gmt":"2021-01-15T14:29:17","guid":{"rendered":"https:\/\/codengine3.ch\/?product=import-placeholder-for-208128"},"modified":"2024-03-18T15:06:18","modified_gmt":"2024-03-18T14:06:18","slug":"chlean-clean-klettern-in-der-schweiz","status":"publish","type":"product","link":"https:\/\/pizbube.ch\/en\/shop\/chlean-clean-klettern-in-der-schweiz\/","title":{"rendered":"C(H)lean &#8211; Clean Klettern in der Schweiz"},"content":{"rendered":"<p>Klettern mit Friends und Keilen in der Schweiz<br \/>\nGrimper en Suisse avec friends et coinceurs<\/p>\n<p>Der Auswahlf\u00fchrer stellt Kletterg\u00e4rten und Mehrseill\u00e4ngenrouten vor, welche<br \/>\nsich f\u00fcr das Absichern mit Keilen und Friends eignen. Die Freude am Clean<br \/>\nKlettern ist vielschichtig: Der Fels steht im Vordergrund, Routen lesen und<br \/>\nAntizipieren sind wichtiger als beim reinen Sportklettern.<\/p>\n<p>Es wird unterschieden zwischen \u00dcbungs- und Anwendungsrouten: \u00dcbungsrouten sind<br \/>\nganz oder teilweise eingerichtet, das Legen der mobilen Sicherungsger\u00e4te kann<br \/>\nstressfrei ge\u00fcbt werden. Anwendungsrouten erfordern Keile und Friends.<\/p>\n<p>Die Gebietsauswahl reicht vom lang etablierten Klettergarten \u00fcber vergessene<br \/>\nund \u201erenaturierte&#187; Routen bis hin zur frisch geputzen Neusch\u00f6pfung.<\/p>\n<p>Der F\u00fchrer gliedert sich in die Regionen Jura-Schwarzwald, Unterwallis,<br \/>\nOberwallis-Domodossola, Berner Oberland, Zentralschweiz, Alpstein-Ostschweiz,<br \/>\nGraub\u00fcnden, Leventina-Locarno und T\u00e4ler.<\/p>\n<p>In diesen acht Regionen werden insgesamt 64 Gebiete vorgestellt, in welchen<br \/>\ndas Klettern mit Friends, Keilen und Co. erlernt und angewendet werden kann.<br \/>\nDabei reicht die Auswahl von Granit bis Kalk und vom eingebohrten<br \/>\nKlettergarten bis hin zur hochalpinen und engagierten Trad-Route. Die meisten<br \/>\nder beschriebenen Gebiete befinden sich irgendwo zwischen den Extremen und<br \/>\ngarantieren tolle Erlebnisse am Fels. Abgerundet wird das Werk durch einen<br \/>\nkleinen Philosophieteil sowie Tipps &amp; Tricks zum Umgang mit mobilen<br \/>\nSicherungsmitteln.<\/p>\n<p>C(H)lean! Pr\u00e9sente 64 sites o\u00f9 l&#8217;escalade avec friends, coinceurs et Cie peut<br \/>\n\u00eatre apprise et appliqu\u00e9e. Le choix va du granite au calcaire et du site<br \/>\nd&#8217;escalade \u00e9quip\u00e9 \u00e0 la voie trad engag\u00e9e en haut montagne. L&#8217;ouvrage est<br \/>\ncompl\u00e9t\u00e9 par une partie philosophique ainsi que par des astuces pour le<br \/>\nmaniement des points d&#8217;assurage mobiles. R\u00e9gions : Jura-For\u00eat-Noire, Bas-<br \/>\nValais, Haut-Valais-Domodossola, Oberland bernois, Suisse centrale, Alpstein-<br \/>\nSuisse occidentale, Grisons, Leventina-Locarno.<\/p>","protected":false},"excerpt":{"rendered":"<ul>\n<li><strong><a href=\"https:\/\/pizbube.ch\/wp-content\/uploads\/attachments\/a_031\/F11CE175A77F7A53A3C8AF3124789B2A.pdf\" target=\"_blank\" rel=\"noopener\">PDF: Leseprobe_CH_clean<\/a><\/strong><\/li>\n<\/ul>","protected":false},"featured_media":156369,"template":"","meta":[],"product_brand":[],"product_cat":[21539],"product_tag":[26810,26811],"class_list":{"0":"post-154369","1":"product","2":"type-product","3":"status-publish","4":"has-post-thumbnail","6":"product_cat-fuehrerliteratur-sportklettern-bouldern","7":"product_tag-ch-clean","8":"product_tag-cleanclimbing-schweiz","9":"pa_autor-schuepbach-marklowski","10":"pa_erscheinungsjahr-21586","11":"pa_region-schweiz","12":"pa_sprache-de-fr","14":"first","15":"instock","16":"taxable","17":"shipping-taxable","18":"purchasable","19":"product-type-simple"},"_links":{"self":[{"href":"https:\/\/pizbube.ch\/en\/wp-json\/wp\/v2\/product\/154369","targetHints":{"allow":["GET"]}}],"collection":[{"href":"https:\/\/pizbube.ch\/en\/wp-json\/wp\/v2\/product"}],"about":[{"href":"https:\/\/pizbube.ch\/en\/wp-json\/wp\/v2\/types\/product"}],"wp:featuredmedia":[{"embeddable":true,"href":"https:\/\/pizbube.ch\/en\/wp-json\/wp\/v2\/media\/156369"}],"wp:attachment":[{"href":"https:\/\/pizbube.ch\/en\/wp-json\/wp\/v2\/media?parent=154369"}],"wp:term":[{"taxonomy":"product_brand","embeddable":true,"href":"https:\/\/pizbube.ch\/en\/wp-json\/wp\/v2\/product_brand?post=154369"},{"taxonomy":"product_cat","embeddable":true,"href":"https:\/\/pizbube.ch\/en\/wp-json\/wp\/v2\/product_cat?post=154369"},{"taxonomy":"product_tag","embeddable":true,"href":"https:\/\/pizbube.ch\/en\/wp-json\/wp\/v2\/product_tag?post=154369"}],"curies":[{"name":"wp","href":"https:\/\/api.w.org\/{rel}","templated":true}]}}