{"id":154372,"date":"2021-01-15T14:29:19","date_gmt":"2021-01-15T14:29:19","guid":{"rendered":"https:\/\/codengine3.ch\/?product=import-placeholder-for-206179"},"modified":"2021-01-15T14:47:01","modified_gmt":"2021-01-15T14:47:01","slug":"das-wallis-nach-dem-tunnel","status":"publish","type":"product","link":"https:\/\/pizbube.ch\/en\/shop\/das-wallis-nach-dem-tunnel\/","title":{"rendered":"Das Wallis nach dem Tunnel"},"content":{"rendered":"<p>25 Touren zwischen Rhonegletscher, Matterhorn und Genfersee  <\/p>\n<p>Um sechs Uhr in Z\u00fcrich in den Zug steigen, um neun Uhr beim Aletschgletscher<br \/>\neine Wanderung beginnen &#8211; der im Dezember 2007 er\u00f6ffnete Tunnel der NEAT<br \/>\n(Eisenbahn-Alpentransversale) durch den L\u00f6tschberg macht`s m\u00f6glich: Er<br \/>\nverk\u00fcrzt die Reise mit dem Zug ins Ober- und Mittelwallis um eine Stunde. Das<br \/>\nmilde, von einem sonnigen Klima beg\u00fcnstigte und von der Natur reich beschenkte<br \/>\nWanderparadies ist insbesondere f\u00fcr Tagesausfl\u00fcgler n\u00e4her ger\u00fcckt. Viele<br \/>\nTouren in diesem Buch sind so angelegt, dass sie aus der `\u00dcsserschwiiz ` &#8211; so<br \/>\nnennen die Walliser die \u00fcbrige Schweiz &#8211; in einem Tag unternommen werden<br \/>\nk\u00f6nnen. Wer mehr Zeit hat, kann mit dem aktuellen F\u00fchrer in aller Ruhe das<br \/>\nganze Wallis erwandern &#8211; vom Rhonegletscher bis zum Genfersee und vom Aletsch<br \/>\ngletscher bis zum Matterhorn.  <\/p>","protected":false},"excerpt":{"rendered":"<p>25 Touren zwischen Rhonegletscher, Matterhorn und Genfersee Um sechs Uhr in Z\u00fcrich in den Zug steigen, um neun Uhr beim Aletschgletscher eine Wanderung beginnen &#8211; der im Dezember 2007 er\u00f6ffnete Tunnel der NEAT (Eisenbahn-Alpentransversale) durch den L\u00f6tschberg macht`s m\u00f6glich: Er verk\u00fcrzt die Reise mit dem Zug ins Ober- und Mittelwallis um eine Stunde. Das milde, [&#8230;]\n","protected":false},"featured_media":35123,"template":"","meta":[],"product_brand":[],"product_cat":[21605],"product_tag":[],"class_list":{"0":"post-154372","1":"product","2":"type-product","3":"status-publish","4":"has-post-thumbnail","6":"product_cat-wanderfuehrer-trekking","7":"pa_autor-hagmann","8":"pa_erscheinungsjahr-21830","9":"pa_region-schweiz","10":"pa_sprache-de","12":"first","13":"instock","14":"taxable","15":"shipping-taxable","16":"purchasable","17":"product-type-simple"},"_links":{"self":[{"href":"https:\/\/pizbube.ch\/en\/wp-json\/wp\/v2\/product\/154372","targetHints":{"allow":["GET"]}}],"collection":[{"href":"https:\/\/pizbube.ch\/en\/wp-json\/wp\/v2\/product"}],"about":[{"href":"https:\/\/pizbube.ch\/en\/wp-json\/wp\/v2\/types\/product"}],"wp:featuredmedia":[{"embeddable":true,"href":"https:\/\/pizbube.ch\/en\/wp-json\/wp\/v2\/media\/35123"}],"wp:attachment":[{"href":"https:\/\/pizbube.ch\/en\/wp-json\/wp\/v2\/media?parent=154372"}],"wp:term":[{"taxonomy":"product_brand","embeddable":true,"href":"https:\/\/pizbube.ch\/en\/wp-json\/wp\/v2\/product_brand?post=154372"},{"taxonomy":"product_cat","embeddable":true,"href":"https:\/\/pizbube.ch\/en\/wp-json\/wp\/v2\/product_cat?post=154372"},{"taxonomy":"product_tag","embeddable":true,"href":"https:\/\/pizbube.ch\/en\/wp-json\/wp\/v2\/product_tag?post=154372"}],"curies":[{"name":"wp","href":"https:\/\/api.w.org\/{rel}","templated":true}]}}