{"id":154379,"date":"2021-01-15T14:29:39","date_gmt":"2021-01-15T14:29:39","guid":{"rendered":"https:\/\/codengine3.ch\/?product=import-placeholder-for-205233"},"modified":"2024-08-07T09:05:03","modified_gmt":"2024-08-07T07:05:03","slug":"lappland","status":"publish","type":"product","link":"https:\/\/pizbube.ch\/en\/shop\/lappland\/","title":{"rendered":"Lappland"},"content":{"rendered":"<p>Schweden, Finnland und Norwegen mit Lofoten und Vester\u00e5len<\/p>\n<p>Die Region, die den Norden Norwegens, Schwedens und Finnlands umfasst und<br \/>\neigentlich noch \u00f6stlich bis nach Russland reicht, wird durch einsame, teils<br \/>\nschwer zug\u00e4ngliche Gebirgslandschaften gepr\u00e4gt. Der Wanderschuh ist nach wie<br \/>\nvor das beste Mittel, Lappland kennen zu lernen. Zahlreiche Weitwanderrouten<br \/>\nwie der ber\u00fchmte Kungsleden in Schweden oder der B\u00e4renpfad in Finnland bieten<br \/>\nausreichend Gelegenheit, die ausgedehnten W\u00e4lder, die endlosen Moore, die<br \/>\nrauschenden lachsreichen Fl\u00fcsse, die kargen Fj\u00e4lls und die zauberhaften,<br \/>\nblumenerf\u00fcllten T\u00e4ler hautnah zu erleben. Gerade die Wanderrouten Lapplands<br \/>\ngeben Raum f\u00fcr den Traum des Abenteuers.<\/p>\n<p>Dieser Rother Wanderf\u00fchrer enth\u00e4lt eine ausgewogene Mischung aus Tagestouren<br \/>\nund Mehrtagestouren, ausgehend von den Lofoten an der Westk\u00fcste Norwegens,<br \/>\n\u00fcber die klassischen Touren in Schwedisch Lappland bis hin zu den<br \/>\nWildnispfaden Nordfinnlands.<\/p>\n<p>Die ausgew\u00e4hlten Routen f\u00fchren durch etliche Nationalparks Lapplands, die mit<br \/>\nklingenden Namen wie Sarek, Abisko, Padjelanta oder Oulanka weit \u00fcber<br \/>\nSkandinavien hinaus bekannt sind. Dar\u00fcber hinaus werden einfache bis<br \/>\nmittelschwere Tagestouren vorgestellt, die zahlreiche unentdeckte und stille<br \/>\nWinkel vorstellen, wie etwa die Samenheiligt\u00fcmer Paddus und Atoklinten, den<br \/>\nAlta-Ca\u00f1on als gr\u00f6\u00dfte Schlucht Skandinaviens, das echte Nordkap, die<br \/>\nhistorischen Bauwege der Nordlandeisenbahn oder das Vindelfj\u00e4ll als k\u00fcnftiger<br \/>\nNationalpark. Mehrere eindr\u00fcckliche Touren pr\u00e4sentieren schlie\u00dflich die<br \/>\nInselwelt der Lofoten und Vester\u00e5len und runden das breite Spektrum dieses<br \/>\nWanderf\u00fchrers ab.<\/p>\n<p>6. Auflage 2024<br \/>\n256 Seiten mit 167 Farbabbildungen<br \/>\n60 H\u00f6henprofile, 60 Wanderk\u00e4rtchen im Ma\u00dfstab 1:50.000, 1:75.000 und 1:150.000<br \/>\nsowie zwei \u00dcbersichtskarten im Ma\u00dfstab 1:5.500.000 und 1:7.250.000<\/p>","protected":false},"excerpt":{"rendered":"<p>.<\/p>","protected":false},"featured_media":162863,"template":"","meta":[],"product_brand":[],"product_cat":[21605],"product_tag":[],"class_list":{"0":"post-154379","1":"product","2":"type-product","3":"status-publish","4":"has-post-thumbnail","6":"product_cat-wanderfuehrer-trekking","7":"pa_autor-mertz","8":"pa_erscheinungsjahr-27339","9":"pa_region-skandinavien-norwegen-schweden-finnland","10":"pa_sprache-de","12":"first","13":"instock","14":"taxable","15":"shipping-taxable","16":"purchasable","17":"product-type-simple"},"_links":{"self":[{"href":"https:\/\/pizbube.ch\/en\/wp-json\/wp\/v2\/product\/154379","targetHints":{"allow":["GET"]}}],"collection":[{"href":"https:\/\/pizbube.ch\/en\/wp-json\/wp\/v2\/product"}],"about":[{"href":"https:\/\/pizbube.ch\/en\/wp-json\/wp\/v2\/types\/product"}],"wp:featuredmedia":[{"embeddable":true,"href":"https:\/\/pizbube.ch\/en\/wp-json\/wp\/v2\/media\/162863"}],"wp:attachment":[{"href":"https:\/\/pizbube.ch\/en\/wp-json\/wp\/v2\/media?parent=154379"}],"wp:term":[{"taxonomy":"product_brand","embeddable":true,"href":"https:\/\/pizbube.ch\/en\/wp-json\/wp\/v2\/product_brand?post=154379"},{"taxonomy":"product_cat","embeddable":true,"href":"https:\/\/pizbube.ch\/en\/wp-json\/wp\/v2\/product_cat?post=154379"},{"taxonomy":"product_tag","embeddable":true,"href":"https:\/\/pizbube.ch\/en\/wp-json\/wp\/v2\/product_tag?post=154379"}],"curies":[{"name":"wp","href":"https:\/\/api.w.org\/{rel}","templated":true}]}}