{"id":154380,"date":"2021-01-15T14:29:48","date_gmt":"2021-01-15T14:29:48","guid":{"rendered":"https:\/\/codengine3.ch\/?product=import-placeholder-for-208003"},"modified":"2021-01-15T17:49:09","modified_gmt":"2021-01-15T17:49:09","slug":"mountainbiken-am-gardasee","status":"publish","type":"product","link":"https:\/\/pizbube.ch\/en\/shop\/mountainbiken-am-gardasee\/","title":{"rendered":"Mountainbiken am Gardasee"},"content":{"rendered":"<p>Die sch\u00f6nsten Touren am Gardasee mit Seeumrundung<\/p>\n<p>45 MTB-Touren \/ Singeltrails \/ GPS-Tracks \/ Topo-Karten<br \/>\nJede Tour auf einem topografischen Ausschnitt eingezeichnet. GPS-Tracks zum<br \/>\nDownloaden. Jede Tour mit H\u00f6henprofil und Wegbeschaffenheit.<\/p>\n<p>Mauro Tumler, geb. 1960, ist seit 2004 gepr\u00fcfter Bikeguide: seit \u00fcber 30<br \/>\nJahren in S\u00fcdtirol, im Trentino und am Gardasee unterwegs. Kenner von<br \/>\nunz\u00e4hligen Mountainbikerouten dieser Regionen. Auf der Suche nach neuen Touren<br \/>\nhat er diesen einzigartigen F\u00fchrer rund um den Gardasee zusammengestellt.<\/p>","protected":false},"excerpt":{"rendered":"<p>Die sch\u00f6nsten Touren am Gardasee mit Seeumrundung 45 MTB-Touren \/ Singeltrails \/ GPS-Tracks \/ Topo-Karten Jede Tour auf einem topografischen Ausschnitt eingezeichnet. GPS-Tracks zum Downloaden. Jede Tour mit H\u00f6henprofil und Wegbeschaffenheit. Mauro Tumler, geb. 1960, ist seit 2004 gepr\u00fcfter Bikeguide: seit \u00fcber 30 Jahren in S\u00fcdtirol, im Trentino und am Gardasee unterwegs. Kenner von unz\u00e4hligen [&#8230;]\n","protected":false},"featured_media":39106,"template":"","meta":[],"product_brand":[],"product_cat":[21606],"product_tag":[],"class_list":{"0":"post-154380","1":"product","2":"type-product","3":"status-publish","4":"has-post-thumbnail","6":"product_cat-mountainbikefuehrer","7":"pa_autor-tumler","8":"pa_erscheinungsjahr-21597","9":"pa_region-italien","10":"pa_sprache-de","12":"first","13":"instock","14":"taxable","15":"shipping-taxable","16":"purchasable","17":"product-type-simple"},"_links":{"self":[{"href":"https:\/\/pizbube.ch\/en\/wp-json\/wp\/v2\/product\/154380","targetHints":{"allow":["GET"]}}],"collection":[{"href":"https:\/\/pizbube.ch\/en\/wp-json\/wp\/v2\/product"}],"about":[{"href":"https:\/\/pizbube.ch\/en\/wp-json\/wp\/v2\/types\/product"}],"wp:featuredmedia":[{"embeddable":true,"href":"https:\/\/pizbube.ch\/en\/wp-json\/wp\/v2\/media\/39106"}],"wp:attachment":[{"href":"https:\/\/pizbube.ch\/en\/wp-json\/wp\/v2\/media?parent=154380"}],"wp:term":[{"taxonomy":"product_brand","embeddable":true,"href":"https:\/\/pizbube.ch\/en\/wp-json\/wp\/v2\/product_brand?post=154380"},{"taxonomy":"product_cat","embeddable":true,"href":"https:\/\/pizbube.ch\/en\/wp-json\/wp\/v2\/product_cat?post=154380"},{"taxonomy":"product_tag","embeddable":true,"href":"https:\/\/pizbube.ch\/en\/wp-json\/wp\/v2\/product_tag?post=154380"}],"curies":[{"name":"wp","href":"https:\/\/api.w.org\/{rel}","templated":true}]}}