{"id":154382,"date":"2021-01-15T14:29:49","date_gmt":"2021-01-15T14:29:49","guid":{"rendered":"https:\/\/codengine3.ch\/?product=import-placeholder-for-207099"},"modified":"2025-04-10T16:12:42","modified_gmt":"2025-04-10T14:12:42","slug":"die-weite-fuehlen-aufzeichnungen-einer-hirtin-aus-dem-lugnez","status":"publish","type":"product","link":"https:\/\/pizbube.ch\/en\/shop\/die-weite-fuehlen-aufzeichnungen-einer-hirtin-aus-dem-lugnez\/","title":{"rendered":"Die Weite f\u00fchlen &#8211; Aufzeichnungen einer Hirtin aus dem Lugnez"},"content":{"rendered":"<p>Von der Herausforderung, Schafe zu h\u00fcten, und von der Distanz zur Welt auf der<br \/>\nAlp.<\/p>\n<p>Einfach mal weg sein \u2013 eine der gro\u00dfen Sehns\u00fcchte des zivilisierten Menschen.<br \/>\nKein iPhone, kein Internet. Oder raus, aufs Land. Doch wie f\u00fchlt es sich an,<br \/>\nschon immer einfach weg zu sein, von Berufs wegen?<\/p>\n<p>Pia Soler ist knapp 40 Jahre alt und Hirtin. Sie lebt in einem versteckten Tal<br \/>\nim schweizerischen Graub\u00fcnden. Ans B\u00fccherschreiben hat sie nie gedacht \u2013 bis<br \/>\nsie einer danach fragte. &#8218;Wer h\u00e4tte zum Beispiel gedacht, dass ich etwas zu<br \/>\nsagen habe.&#8216; Und jetzt erz\u00e4hlt sie. Im Oktober Schnee-Einbruch \u00fcber Nacht.<br \/>\nSMS k\u00f6nnen nur verschickt werden, wenn der Wind aus einer bestimmten Richtung<br \/>\nkommt. Der Hund stirbt, der Tierarzt kommt zu sp\u00e4t, sie begr\u00e4bt ihn allein.<\/p>\n<p>Die Aufzeichnungen von Pia Soler sind authentisch, allt\u00e4glich und einzigartig.<br \/>\nHier spricht kein Aussteiger, auch kein m\u00f6nchischer Eremit. Hier spricht eine<br \/>\nFrau aus der Mitte Europas, sie erz\u00e4hlt von harter Arbeit und einsamen<br \/>\nStunden, vom Fortschritt und Zerfall unserer Tage, vor allem aber erz\u00e4hlt sie<br \/>\nvom Leben in der Natur, auf 2000 Metern H\u00f6he, in der sich Weite f\u00fchlen l\u00e4sst.<\/p>","protected":false},"excerpt":{"rendered":"<p>Von der Herausforderung, Schafe zu h\u00fcten, und von der Distanz zur Welt auf der Alp. Einfach mal weg sein \u2013 eine der gro\u00dfen Sehns\u00fcchte des zivilisierten Menschen. Kein iPhone, kein Internet. Oder raus, aufs Land. Doch wie f\u00fchlt es sich an, schon immer einfach weg zu sein, von Berufs wegen? Pia Soler ist knapp 40 [&#8230;]\n","protected":false},"featured_media":179259,"template":"","meta":[],"product_brand":[],"product_cat":[21629],"product_tag":[],"class_list":{"0":"post-154382","1":"product","2":"type-product","3":"status-publish","4":"has-post-thumbnail","6":"product_cat-belletristik","7":"pa_autor-soler","8":"pa_erscheinungsjahr-27013","9":"pa_region-schweiz","10":"pa_sprache-de","12":"first","13":"instock","14":"taxable","15":"shipping-taxable","16":"purchasable","17":"product-type-simple"},"_links":{"self":[{"href":"https:\/\/pizbube.ch\/en\/wp-json\/wp\/v2\/product\/154382","targetHints":{"allow":["GET"]}}],"collection":[{"href":"https:\/\/pizbube.ch\/en\/wp-json\/wp\/v2\/product"}],"about":[{"href":"https:\/\/pizbube.ch\/en\/wp-json\/wp\/v2\/types\/product"}],"wp:featuredmedia":[{"embeddable":true,"href":"https:\/\/pizbube.ch\/en\/wp-json\/wp\/v2\/media\/179259"}],"wp:attachment":[{"href":"https:\/\/pizbube.ch\/en\/wp-json\/wp\/v2\/media?parent=154382"}],"wp:term":[{"taxonomy":"product_brand","embeddable":true,"href":"https:\/\/pizbube.ch\/en\/wp-json\/wp\/v2\/product_brand?post=154382"},{"taxonomy":"product_cat","embeddable":true,"href":"https:\/\/pizbube.ch\/en\/wp-json\/wp\/v2\/product_cat?post=154382"},{"taxonomy":"product_tag","embeddable":true,"href":"https:\/\/pizbube.ch\/en\/wp-json\/wp\/v2\/product_tag?post=154382"}],"curies":[{"name":"wp","href":"https:\/\/api.w.org\/{rel}","templated":true}]}}