{"id":154383,"date":"2021-01-15T14:29:56","date_gmt":"2021-01-15T14:29:56","guid":{"rendered":"https:\/\/codengine3.ch\/?product=import-placeholder-for-204123"},"modified":"2021-01-15T14:30:01","modified_gmt":"2021-01-15T14:30:01","slug":"el-hierro-die-schoensten-kuesten-und-bergwanderungen","status":"publish","type":"product","link":"https:\/\/pizbube.ch\/en\/shop\/el-hierro-die-schoensten-kuesten-und-bergwanderungen\/","title":{"rendered":"El Hierro &#8211; Die sch\u00f6nsten K\u00fcsten- und Bergwanderungen"},"content":{"rendered":"<p>43 ausgew\u00e4hlte Wanderungen auf der kleinsten und urspr\u00fcnglichsten Insel der<br \/>\nKanaren<\/p>\n<p>El Hierro, die kleinste und westlichste Insel des Kanarischen Archipels, wird<br \/>\nh\u00e4ufig als \u00bbvergessene\u00ab Insel bezeichnet. So harrt die urspr\u00fcnglichste<br \/>\nKanaren-Insel immer noch ihrer Entdeckung und ist ein Geheimtipp f\u00fcr alle<br \/>\nKanaren-Liebhaber, Naturfreunde und Wanderer geblieben, die ihren Urlaub<br \/>\nabseits l\u00e4rmender Touristenhochburgen verbringen wollen.<\/p>\n<p>Trotz der geringen Gr\u00f6\u00dfe und H\u00f6he \u2013 die h\u00f6chste Erhebung, der Malpaso, misst<br \/>\ngerade einmal 1500 Meter \u2013 bietet El Hierro aufgrund des engmaschigen<br \/>\nWegenetzes und der d\u00fcnnen Besiedelung vielf\u00e4ltige Wanderm\u00f6glichkeiten, die<br \/>\nunterschiedlichsten Anspr\u00fcchen gerecht werden. Die Palette reicht von<br \/>\ngem\u00fctlichen Dorf- und K\u00fcstenwanderungen bis hin zu ausgedehnten Streifz\u00fcgen<br \/>\ndurch vertr\u00e4umte Kiefern- und Nebelw\u00e4lder. Verschwiegene Buchten,<br \/>\naussichtsreiche Bergk\u00e4mme, faszinierende Lavalandschaften und immergr\u00fcne<br \/>\nWeidehochfl\u00e4chen sind ebenso Ziele wie der legend\u00e4re Wacholderwald El Sabinar<br \/>\nund die bedeutendsten Fundst\u00e4tten pr\u00e4historischer Felsgravierungen.<\/p>\n<p>Absoluter H\u00f6hepunkt aber sind die atemberaubenden Wege durch die Steilw\u00e4nde<br \/>\ndes Golftals und des Tals von Las Playas sowie der ber\u00fchmte Pilgerweg \u00bbCamino<br \/>\nde la Virgen\u00ab.<br \/>\nDie vorliegende Auflage wurde vollst\u00e4ndig \u00fcberarbeitet und um eine Tour<br \/>\nerweitert. Alle 43 Tourenvorschl\u00e4ge sind reich illustriert und mit GPS-Daten,<br \/>\nH\u00f6henprofilen und detaillierten Kartenausschnitten im Ma\u00dfstab 1:50.000 auf der<br \/>\nGrundlage der Freytag &#038; Berndt-Karte El Hierro versehen. Au\u00dferdem werden in<br \/>\neiner ausf\u00fchrlichen Einf\u00fchrung alle Orte und Sehensw\u00fcrdigkeiten der Insel<br \/>\nvorgestellt.<\/p>\n<p>4. Auflage 2016; 176 Seiten mit 167 Farbabbildungen<br \/>\n43 Wanderk\u00e4rtchen im Ma\u00dfstab 1:50.000, 45 H\u00f6henprofile, eine \u00dcbersichtskarte<br \/>\nim Ma\u00dfstab 1:150.000, GPS-Daten zum Download<\/p>","protected":false},"excerpt":{"rendered":"<ul>\n<li><a href=\"https:\/\/pizbube.ch\/wp-content\/uploads\/attachments\/a_022\/7A3ABA46A6E2E2E52629DB7BFC324B1C.pdf\" target=\"_blank\" rel=\"noopener\">PDF: inhaltsverzeichnis_el_hiero.pdf<\/a><\/li>\n<\/ul>","protected":false},"featured_media":36472,"template":"","meta":[],"product_brand":[],"product_cat":[21605],"product_tag":[],"class_list":{"0":"post-154383","1":"product","2":"type-product","3":"status-publish","4":"has-post-thumbnail","6":"product_cat-wanderfuehrer-trekking","7":"pa_autor-wolfsperger","8":"pa_erscheinungsjahr-21571","9":"pa_region-spanien","10":"pa_sprache-de","12":"first","13":"instock","14":"taxable","15":"shipping-taxable","16":"purchasable","17":"product-type-simple"},"_links":{"self":[{"href":"https:\/\/pizbube.ch\/en\/wp-json\/wp\/v2\/product\/154383","targetHints":{"allow":["GET"]}}],"collection":[{"href":"https:\/\/pizbube.ch\/en\/wp-json\/wp\/v2\/product"}],"about":[{"href":"https:\/\/pizbube.ch\/en\/wp-json\/wp\/v2\/types\/product"}],"wp:featuredmedia":[{"embeddable":true,"href":"https:\/\/pizbube.ch\/en\/wp-json\/wp\/v2\/media\/36472"}],"wp:attachment":[{"href":"https:\/\/pizbube.ch\/en\/wp-json\/wp\/v2\/media?parent=154383"}],"wp:term":[{"taxonomy":"product_brand","embeddable":true,"href":"https:\/\/pizbube.ch\/en\/wp-json\/wp\/v2\/product_brand?post=154383"},{"taxonomy":"product_cat","embeddable":true,"href":"https:\/\/pizbube.ch\/en\/wp-json\/wp\/v2\/product_cat?post=154383"},{"taxonomy":"product_tag","embeddable":true,"href":"https:\/\/pizbube.ch\/en\/wp-json\/wp\/v2\/product_tag?post=154383"}],"curies":[{"name":"wp","href":"https:\/\/api.w.org\/{rel}","templated":true}]}}