{"id":154384,"date":"2021-01-15T14:29:56","date_gmt":"2021-01-15T14:29:56","guid":{"rendered":"https:\/\/codengine3.ch\/?product=import-placeholder-for-208571"},"modified":"2025-11-14T17:53:22","modified_gmt":"2025-11-14T16:53:22","slug":"escalada-en-tenerife","status":"publish","type":"product","link":"https:\/\/pizbube.ch\/en\/shop\/escalada-en-tenerife\/","title":{"rendered":"Escalada en Tenerife"},"content":{"rendered":"<p>En esta gu\u00eda encontramos casi 1.300 v\u00edas de todos los niveles de dificultad, repartidos en 17 sectores. Localizados la mayor\u00eda en el sur de la isla, la comarca de Abona contin\u00faa siendo la referencia de la escalada isle\u00f1a. Se han rescatado sectores que hab\u00edan ca\u00eddo en el olvido, actualizando los sectores m\u00e1s conocidos e incorporando nuevos sectores equipados en los \u00faltimos a\u00f1os.<\/p>\n<p>This guide contains almost 1.300 routes of all difficulties. They are spread amongst 17 sectors (crags).<br \/>\nThe majority are located in the South of the Island which makes Abona the reference for climbing in Tenerife.<br \/>\nForgotten sectors have been re-established, other more known sectors have been updated, and new sectors have been established in recent years<\/p>\n<p>No of Pages: 287<br \/>\nPage Size: 210 x 150 mm<br \/>\nIllustrations: Full Colour Photos + Photo Topos<br \/>\n2nd edition 2022<\/p>","protected":false},"excerpt":{"rendered":"<p>En esta gu\u00eda encontramos casi 1.300 v\u00edas de todos los niveles de dificultad, repartidos en 17 sectores. Localizados la mayor\u00eda en el sur de la isla, la comarca de Abona contin\u00faa siendo la referencia de la escalada isle\u00f1a. Se han rescatado sectores que hab\u00edan ca\u00eddo en el olvido, actualizando los sectores m\u00e1s conocidos e incorporando [&#8230;]\n","protected":false},"featured_media":159520,"template":"","meta":[],"product_brand":[],"product_cat":[21539],"product_tag":[26985,26900],"class_list":{"0":"post-154384","1":"product","2":"type-product","3":"status-publish","4":"has-post-thumbnail","6":"product_cat-fuehrerliteratur-sportklettern-bouldern","7":"product_tag-teneriffa","8":"product_tag-teneriffe","9":"pa_autor-purrinos-baquero","10":"pa_erscheinungsjahr-27013","11":"pa_region-spanien","12":"pa_sprache-es-en","14":"first","15":"instock","16":"taxable","17":"shipping-taxable","18":"purchasable","19":"product-type-simple"},"_links":{"self":[{"href":"https:\/\/pizbube.ch\/en\/wp-json\/wp\/v2\/product\/154384","targetHints":{"allow":["GET"]}}],"collection":[{"href":"https:\/\/pizbube.ch\/en\/wp-json\/wp\/v2\/product"}],"about":[{"href":"https:\/\/pizbube.ch\/en\/wp-json\/wp\/v2\/types\/product"}],"wp:featuredmedia":[{"embeddable":true,"href":"https:\/\/pizbube.ch\/en\/wp-json\/wp\/v2\/media\/159520"}],"wp:attachment":[{"href":"https:\/\/pizbube.ch\/en\/wp-json\/wp\/v2\/media?parent=154384"}],"wp:term":[{"taxonomy":"product_brand","embeddable":true,"href":"https:\/\/pizbube.ch\/en\/wp-json\/wp\/v2\/product_brand?post=154384"},{"taxonomy":"product_cat","embeddable":true,"href":"https:\/\/pizbube.ch\/en\/wp-json\/wp\/v2\/product_cat?post=154384"},{"taxonomy":"product_tag","embeddable":true,"href":"https:\/\/pizbube.ch\/en\/wp-json\/wp\/v2\/product_tag?post=154384"}],"curies":[{"name":"wp","href":"https:\/\/api.w.org\/{rel}","templated":true}]}}