{"id":154387,"date":"2021-01-15T14:29:56","date_gmt":"2021-01-15T14:29:56","guid":{"rendered":"https:\/\/codengine3.ch\/?product=import-placeholder-for-206439"},"modified":"2021-01-15T14:48:56","modified_gmt":"2021-01-15T14:48:56","slug":"teneriffa-150000","status":"publish","type":"product","link":"https:\/\/pizbube.ch\/en\/shop\/teneriffa-150000\/","title":{"rendered":"Teneriffa 1:50&#8217;000"},"content":{"rendered":"<p>Teneriffa \/ Tenerife \/ T\u00e9n\u00e9rife. 1:50&#8217;000  <\/p>\n<p>Besondere Ausflugsziele, Cityplan, Ortsregister Postleitzahlen GPS<br \/>\nMit Freizeitf\u00fchrer<\/p>\n<p>Neben der \u00fcbersichtlichen Gestaltung verf\u00fcgen die Stra\u00dfenkarten \u00fcber<br \/>\nzahlreiche Zusatzinformationen wie z.B. Stra\u00dfenbeschaffenheit,<br \/>\nSehensw\u00fcrdigkeiten, Campingpl\u00e4tze und diverse Innenstadtpl\u00e4ne. Mit dem<br \/>\numfangreichen Ortsregister gelingt zudem eine rasche Orientierung. Der<br \/>\nbeiliegende, mehrsprachige Freizeitf\u00fchrer bietet Informationen zu besonderen<br \/>\nund sehenswerten Ausflugszielen der Inseln. (Sprachen: Deutsch, Englisch,<br \/>\nFranz\u00f6sisch, Italienisch, Spanisch, Niederl\u00e4ndisch, Tschechisch, Slowakisch,<br \/>\nUngarisch, Polnisch). Besondere Ausflugsziele, doppelseitig, Freizeitf\u00fchrer,<br \/>\nOrtsregister mit Postleitzahlen GPS; Citypl\u00e4ne von Los Cristianos, Playa de<br \/>\nlas Am\u00e9ricas, Puerto de la Cruz und Santa Cruz de Tenerife;<\/p>","protected":false},"excerpt":{"rendered":"<p>Teneriffa \/ Tenerife \/ T\u00e9n\u00e9rife. 1:50&#8217;000 Besondere Ausflugsziele, Cityplan, Ortsregister Postleitzahlen GPS Mit Freizeitf\u00fchrer Neben der \u00fcbersichtlichen Gestaltung verf\u00fcgen die Stra\u00dfenkarten \u00fcber zahlreiche Zusatzinformationen wie z.B. Stra\u00dfenbeschaffenheit, Sehensw\u00fcrdigkeiten, Campingpl\u00e4tze und diverse Innenstadtpl\u00e4ne. Mit dem umfangreichen Ortsregister gelingt zudem eine rasche Orientierung. Der beiliegende, mehrsprachige Freizeitf\u00fchrer bietet Informationen zu besonderen und sehenswerten Ausflugszielen der Inseln. (Sprachen: [&#8230;]\n","protected":false},"featured_media":26525,"template":"","meta":[],"product_brand":[],"product_cat":[21543],"product_tag":[],"class_list":{"0":"post-154387","1":"product","2":"type-product","3":"status-publish","4":"has-post-thumbnail","6":"product_cat-landkarten","7":"pa_autor-freytag-berndt","8":"pa_erscheinungsjahr-21571","9":"pa_region-spanien","10":"pa_sprache-de-sp","12":"first","13":"instock","14":"taxable","15":"shipping-taxable","16":"purchasable","17":"product-type-simple"},"_links":{"self":[{"href":"https:\/\/pizbube.ch\/en\/wp-json\/wp\/v2\/product\/154387","targetHints":{"allow":["GET"]}}],"collection":[{"href":"https:\/\/pizbube.ch\/en\/wp-json\/wp\/v2\/product"}],"about":[{"href":"https:\/\/pizbube.ch\/en\/wp-json\/wp\/v2\/types\/product"}],"wp:featuredmedia":[{"embeddable":true,"href":"https:\/\/pizbube.ch\/en\/wp-json\/wp\/v2\/media\/26525"}],"wp:attachment":[{"href":"https:\/\/pizbube.ch\/en\/wp-json\/wp\/v2\/media?parent=154387"}],"wp:term":[{"taxonomy":"product_brand","embeddable":true,"href":"https:\/\/pizbube.ch\/en\/wp-json\/wp\/v2\/product_brand?post=154387"},{"taxonomy":"product_cat","embeddable":true,"href":"https:\/\/pizbube.ch\/en\/wp-json\/wp\/v2\/product_cat?post=154387"},{"taxonomy":"product_tag","embeddable":true,"href":"https:\/\/pizbube.ch\/en\/wp-json\/wp\/v2\/product_tag?post=154387"}],"curies":[{"name":"wp","href":"https:\/\/api.w.org\/{rel}","templated":true}]}}