{"id":154391,"date":"2021-01-15T14:30:05","date_gmt":"2021-01-15T14:30:05","guid":{"rendered":"https:\/\/codengine3.ch\/?product=import-placeholder-for-206285"},"modified":"2023-04-12T10:02:21","modified_gmt":"2023-04-12T08:02:21","slug":"bavedda","status":"publish","type":"product","link":"https:\/\/pizbube.ch\/en\/shop\/bavedda\/","title":{"rendered":"Bavedda"},"content":{"rendered":"<p>Bavella Escalade &#8211; Escalade Bavedda, aiguilles entre ciel et torrents : grimpe<br \/>\n&#8211; rando &#8211; canyon<br \/>\nVoici le dernier topo d\u2019escalade sur les aiguilles de Bavella! Un ouvrage<br \/>\nr\u00e9f\u00e9rent \u00e0 poss\u00e9der dans sa biblioth\u00e8que.<\/p>\n<p>248 pages en couleur<br \/>\n330 voies r\u00e9pertori\u00e9es sur 80 secteurs<br \/>\n200 grandes voies et 140 voies \u00e9coles<br \/>\n26 randonn\u00e9es<br \/>\n4 canyons<br \/>\n40 voies nouvelles<br \/>\nVoies \u00e9quip\u00e9es, terrain d\u2019aventure<br \/>\n70 aquarelles, 80 histoires et anecdotes, 130 photos, 6 cartes<\/p>\n<p><strong>**SONDERPREIS AUFLG. 2010: CHF 26.00**<\/strong><\/p>","protected":false},"excerpt":{"rendered":"<p>Bavella Escalade &#8211; Escalade Bavedda, aiguilles entre ciel et torrents : grimpe &#8211; rando &#8211; canyon Voici le dernier topo d\u2019escalade sur les aiguilles de Bavella! Un ouvrage r\u00e9f\u00e9rent \u00e0 poss\u00e9der dans sa biblioth\u00e8que. 248 pages en couleur 330 voies r\u00e9pertori\u00e9es sur 80 secteurs 200 grandes voies et 140 voies \u00e9coles 26 randonn\u00e9es 4 canyons [&#8230;]\n","protected":false},"featured_media":35271,"template":"","meta":[],"product_brand":[],"product_cat":[21539],"product_tag":[],"class_list":{"0":"post-154391","1":"product","2":"type-product","3":"status-publish","4":"has-post-thumbnail","6":"product_cat-fuehrerliteratur-sportklettern-bouldern","7":"pa_autor-quilici-fenouil","8":"pa_erscheinungsjahr-21830","9":"pa_region-frankreich","10":"pa_sprache-fr","12":"first","13":"instock","14":"taxable","15":"shipping-taxable","16":"purchasable","17":"product-type-simple"},"_links":{"self":[{"href":"https:\/\/pizbube.ch\/en\/wp-json\/wp\/v2\/product\/154391","targetHints":{"allow":["GET"]}}],"collection":[{"href":"https:\/\/pizbube.ch\/en\/wp-json\/wp\/v2\/product"}],"about":[{"href":"https:\/\/pizbube.ch\/en\/wp-json\/wp\/v2\/types\/product"}],"wp:featuredmedia":[{"embeddable":true,"href":"https:\/\/pizbube.ch\/en\/wp-json\/wp\/v2\/media\/35271"}],"wp:attachment":[{"href":"https:\/\/pizbube.ch\/en\/wp-json\/wp\/v2\/media?parent=154391"}],"wp:term":[{"taxonomy":"product_brand","embeddable":true,"href":"https:\/\/pizbube.ch\/en\/wp-json\/wp\/v2\/product_brand?post=154391"},{"taxonomy":"product_cat","embeddable":true,"href":"https:\/\/pizbube.ch\/en\/wp-json\/wp\/v2\/product_cat?post=154391"},{"taxonomy":"product_tag","embeddable":true,"href":"https:\/\/pizbube.ch\/en\/wp-json\/wp\/v2\/product_tag?post=154391"}],"curies":[{"name":"wp","href":"https:\/\/api.w.org\/{rel}","templated":true}]}}