{"id":154394,"date":"2021-01-15T14:30:14","date_gmt":"2021-01-15T14:30:14","guid":{"rendered":"https:\/\/codengine3.ch\/?product=import-placeholder-for-207041"},"modified":"2021-01-15T14:54:35","modified_gmt":"2021-01-15T14:54:35","slug":"die-original-bergraetsel-des-br-rucksackradios","status":"publish","type":"product","link":"https:\/\/pizbube.ch\/en\/shop\/die-original-bergraetsel-des-br-rucksackradios\/","title":{"rendered":"Die Original Bergr\u00e4tsel des BR-Rucksackradios"},"content":{"rendered":"<p>Das spannende Karten-Quiz f\u00fcr Bergwanderer, Gipfelst\u00fcrmer und andere<br \/>\nSchlaumeier  <\/p>\n<p>Der spannende R\u00e4tselspa\u00df f\u00fcr Bergsportler und Gipfelst\u00fcrmer<br \/>\nEndlich: Das Rucksackradio-Bergr\u00e4tsel in der praktischen Box f\u00fcr unterwegs! 63<br \/>\nR\u00e4tselkarten stellen knifflige Fragen in den Kategorien Wandern, Klettern,<br \/>\nHochtouren, Natur und alpine Besonderheiten. So l\u00e4sst sich das eigene Wissen<br \/>\nspielend testen und erweitern. F\u00fcr alle Fans der legend\u00e4ren Bergsteigersendung<br \/>\nauf Bayern 1 und nat\u00fcrlich auch f\u00fcr alle anderen Wander- und<br \/>\nR\u00e4tselbegeisterten.<br \/>\n64 Seiten, Format 9,2 x 13,6 cm  <\/p>","protected":false},"excerpt":{"rendered":"<p>Das spannende Karten-Quiz f\u00fcr Bergwanderer, Gipfelst\u00fcrmer und andere Schlaumeier Der spannende R\u00e4tselspa\u00df f\u00fcr Bergsportler und Gipfelst\u00fcrmer Endlich: Das Rucksackradio-Bergr\u00e4tsel in der praktischen Box f\u00fcr unterwegs! 63 R\u00e4tselkarten stellen knifflige Fragen in den Kategorien Wandern, Klettern, Hochtouren, Natur und alpine Besonderheiten. So l\u00e4sst sich das eigene Wissen spielend testen und erweitern. F\u00fcr alle Fans der legend\u00e4ren [&#8230;]\n","protected":false},"featured_media":36621,"template":"","meta":[],"product_brand":[],"product_cat":[21836],"product_tag":[],"class_list":{"0":"post-154394","1":"product","2":"type-product","3":"status-publish","4":"has-post-thumbnail","6":"product_cat-geschenkideen","7":"pa_autor-zinnecker-vogt","8":"pa_erscheinungsjahr-21621","9":"pa_region-deutschland","10":"pa_sprache-de","12":"first","13":"outofstock","14":"taxable","15":"shipping-taxable","16":"purchasable","17":"product-type-simple"},"_links":{"self":[{"href":"https:\/\/pizbube.ch\/en\/wp-json\/wp\/v2\/product\/154394","targetHints":{"allow":["GET"]}}],"collection":[{"href":"https:\/\/pizbube.ch\/en\/wp-json\/wp\/v2\/product"}],"about":[{"href":"https:\/\/pizbube.ch\/en\/wp-json\/wp\/v2\/types\/product"}],"wp:featuredmedia":[{"embeddable":true,"href":"https:\/\/pizbube.ch\/en\/wp-json\/wp\/v2\/media\/36621"}],"wp:attachment":[{"href":"https:\/\/pizbube.ch\/en\/wp-json\/wp\/v2\/media?parent=154394"}],"wp:term":[{"taxonomy":"product_brand","embeddable":true,"href":"https:\/\/pizbube.ch\/en\/wp-json\/wp\/v2\/product_brand?post=154394"},{"taxonomy":"product_cat","embeddable":true,"href":"https:\/\/pizbube.ch\/en\/wp-json\/wp\/v2\/product_cat?post=154394"},{"taxonomy":"product_tag","embeddable":true,"href":"https:\/\/pizbube.ch\/en\/wp-json\/wp\/v2\/product_tag?post=154394"}],"curies":[{"name":"wp","href":"https:\/\/api.w.org\/{rel}","templated":true}]}}