{"id":154395,"date":"2021-01-15T14:30:14","date_gmt":"2021-01-15T14:30:14","guid":{"rendered":"https:\/\/codengine3.ch\/?product=import-placeholder-for-206085"},"modified":"2021-01-15T14:46:15","modified_gmt":"2021-01-15T14:46:15","slug":"huettenquartett-2","status":"publish","type":"product","link":"https:\/\/pizbube.ch\/en\/shop\/huettenquartett-2\/","title":{"rendered":"H\u00fcttenquartett 2"},"content":{"rendered":"<p>Welche H\u00fctte der Schweizer Alpen wurde 1944 gebaut, befindet sich auf 1727<br \/>\nMeter \u00fcber Meer und verf\u00fcgt \u00fcber 80 Schlafpl\u00e4tze? Gibt es H\u00fctten die noch<br \/>\nschneller erreichbar sind als die Britannia? Welche H\u00fctten sind besonders bei<br \/>\nKindern und Jugendlichen beliebt? Erstmals dokumentiert ein Kartenspiel die<br \/>\noptische und funktionelle Vielfalt der Schweizer Bergh\u00fctten. Auf spielerische<br \/>\nWeise werden 32 H\u00fctten vorgestellt, die sich in einem vergn\u00fcglichen Wettstreit<br \/>\nmiteinander messen. Wer also weiss, wie die Chancen stehen, mit dem Alphubel<br \/>\nandere Karten zu \u00fcbertrumpfen, avanciert vielleicht schon bald zum Supertop<br \/>\nf\u00fcr Schweizer Bergh\u00fctten. Und entdeckt nebenbei auch gleich sein n\u00e4chstes<br \/>\nAusflugsziel.  <\/p>\n<p>Das H\u00fcttenquartett umfasst 33 Blatt, davon sind 32 Bildkarten, mit jeweils<br \/>\neinem exklusiven Bildmotiv sowie den wesentlichen Kennzahlen der abgebildeten<br \/>\nObjekte. Die 33. Karte enth\u00e4lt vorder- und r\u00fcckseitig die Spielanleitung und<br \/>\neine kurze Legende zu den Kennzahlen. Der Kartenstapel ist eingefasst in eine<br \/>\nschmuck gestaltete Spielkartonbox, die einen gut gesch\u00fctzten Transport<br \/>\nerm\u00f6glicht. Karten aus Spielkartenkarton 300gr\/m2, beidseitig lackiert,<br \/>\nBlattformat 62 mm x 100 mm.<\/p>","protected":false},"excerpt":{"rendered":"<p>Welche H\u00fctte der Schweizer Alpen wurde 1944 gebaut, befindet sich auf 1727 Meter \u00fcber Meer und verf\u00fcgt \u00fcber 80 Schlafpl\u00e4tze? Gibt es H\u00fctten die noch schneller erreichbar sind als die Britannia? Welche H\u00fctten sind besonders bei Kindern und Jugendlichen beliebt? Erstmals dokumentiert ein Kartenspiel die optische und funktionelle Vielfalt der Schweizer Bergh\u00fctten. Auf spielerische Weise [&#8230;]\n","protected":false},"featured_media":34991,"template":"","meta":[],"product_brand":[],"product_cat":[21836],"product_tag":[],"class_list":{"0":"post-154395","1":"product","2":"type-product","3":"status-publish","4":"has-post-thumbnail","6":"product_cat-geschenkideen","7":"pa_autor-michel","8":"pa_erscheinungsjahr-21830","9":"pa_region-schweiz","10":"pa_sprache-d","11":"pa_sprache-f","12":"pa_sprache-i","14":"first","15":"outofstock","16":"taxable","17":"shipping-taxable","18":"purchasable","19":"product-type-simple"},"_links":{"self":[{"href":"https:\/\/pizbube.ch\/en\/wp-json\/wp\/v2\/product\/154395","targetHints":{"allow":["GET"]}}],"collection":[{"href":"https:\/\/pizbube.ch\/en\/wp-json\/wp\/v2\/product"}],"about":[{"href":"https:\/\/pizbube.ch\/en\/wp-json\/wp\/v2\/types\/product"}],"wp:featuredmedia":[{"embeddable":true,"href":"https:\/\/pizbube.ch\/en\/wp-json\/wp\/v2\/media\/34991"}],"wp:attachment":[{"href":"https:\/\/pizbube.ch\/en\/wp-json\/wp\/v2\/media?parent=154395"}],"wp:term":[{"taxonomy":"product_brand","embeddable":true,"href":"https:\/\/pizbube.ch\/en\/wp-json\/wp\/v2\/product_brand?post=154395"},{"taxonomy":"product_cat","embeddable":true,"href":"https:\/\/pizbube.ch\/en\/wp-json\/wp\/v2\/product_cat?post=154395"},{"taxonomy":"product_tag","embeddable":true,"href":"https:\/\/pizbube.ch\/en\/wp-json\/wp\/v2\/product_tag?post=154395"}],"curies":[{"name":"wp","href":"https:\/\/api.w.org\/{rel}","templated":true}]}}