{"id":154396,"date":"2021-01-15T14:30:14","date_gmt":"2021-01-15T14:30:14","guid":{"rendered":"https:\/\/codengine3.ch\/?product=import-placeholder-for-206154"},"modified":"2021-01-15T14:46:48","modified_gmt":"2021-01-15T14:46:48","slug":"climbing-the-riffelberg-riffelberg-besteigung","status":"publish","type":"product","link":"https:\/\/pizbube.ch\/en\/shop\/climbing-the-riffelberg-riffelberg-besteigung\/","title":{"rendered":"Climbing the Riffelberg \/ Riffelberg-Besteigung"},"content":{"rendered":"<p>Im August 1878 traf Mark Twain in Zermatt ein. Wie er in seinem Tagebuch<br \/>\nschreibt, verbrachte er den ersten Abend mit der Lekt\u00fcre von Bergsteiger-<br \/>\nB\u00fcchern. Die vielen Schilderungen von gl\u00fccklich und weniger gl\u00fccklich<br \/>\nverlaufenen Abenteuern und \u00fcberstandenen Gefahren interessierten ihn sehr &#8211;<br \/>\nund hier beginnt seine humorvolle Erz\u00e4hlung von der Besteigung des<br \/>\nRiffelbergs.  <\/p>\n<p>&#8218;Unsere Grosstat war getan &#8211; die M\u00f6glichkeit des Unm\u00f6glichen war bew\u00eeesen<br \/>\nworden, und Harris und ich zogen stolz in den grossen Speisesaal des<br \/>\nRiffelberg-Hotels ein und stellten unsere Alpenst\u00f6cke in die Ecke. (&#8230;)<br \/>\nEtwa f\u00fcnfundsiebzig Touristen befanden sich zu der Zeit im Hotel &#8211;<br \/>\nhaupts\u00e4chlich Damen und kleine Kinder -, und die empfingen uns voller<br \/>\nBewunderung, was uns f\u00fcr alle Entbehrungen und Leiden entsch\u00e4digte. Der<br \/>\nAufstieg war geschafft, und die Namen und die Daten stehen nun dort auf einem<br \/>\nGedenkstein verzeichnet, der es allen zuk\u00fcnftigen Reisenden beweist.&#8216;<br \/>\n74 S. Mit Panoramakarte und vielen Illustrat.  <\/p>\n<p>Mark Twain on the Riffelberg<br \/>\nMark Twain ascended the Gornergrat in August 1878 and admiringly enjoyed the<br \/>\nGornergrat panorama:<br \/>\n&#8218;From this high seat, I had a marvellous view of the Monte Rosa and what<br \/>\nappeared to be all the rest of the alpine world. A mighty group of snow-<br \/>\ncovered summits towered along the horizon. The splendour of the sun on the<br \/>\nalpine snow was unimaginable. Nowhere else is there such an exhibition of size<br \/>\nand beauty as can be seen from the summit of the Gornergrat.&#8216;  <\/p>","protected":false},"excerpt":{"rendered":"<p>Im August 1878 traf Mark Twain in Zermatt ein. Wie er in seinem Tagebuch schreibt, verbrachte er den ersten Abend mit der Lekt\u00fcre von Bergsteiger- B\u00fcchern. Die vielen Schilderungen von gl\u00fccklich und weniger gl\u00fccklich verlaufenen Abenteuern und \u00fcberstandenen Gefahren interessierten ihn sehr &#8211; und hier beginnt seine humorvolle Erz\u00e4hlung von der Besteigung des Riffelbergs. &#8218;Unsere [&#8230;]\n","protected":false},"featured_media":35092,"template":"","meta":[],"product_brand":[],"product_cat":[21629],"product_tag":[],"class_list":{"0":"post-154396","1":"product","2":"type-product","3":"status-publish","4":"has-post-thumbnail","6":"product_cat-belletristik","7":"pa_autor-twain","8":"pa_erscheinungsjahr-22657","9":"pa_region-schweiz","10":"pa_sprache-d","11":"pa_sprache-e","13":"first","14":"outofstock","15":"taxable","16":"shipping-taxable","17":"purchasable","18":"product-type-simple"},"_links":{"self":[{"href":"https:\/\/pizbube.ch\/en\/wp-json\/wp\/v2\/product\/154396","targetHints":{"allow":["GET"]}}],"collection":[{"href":"https:\/\/pizbube.ch\/en\/wp-json\/wp\/v2\/product"}],"about":[{"href":"https:\/\/pizbube.ch\/en\/wp-json\/wp\/v2\/types\/product"}],"wp:featuredmedia":[{"embeddable":true,"href":"https:\/\/pizbube.ch\/en\/wp-json\/wp\/v2\/media\/35092"}],"wp:attachment":[{"href":"https:\/\/pizbube.ch\/en\/wp-json\/wp\/v2\/media?parent=154396"}],"wp:term":[{"taxonomy":"product_brand","embeddable":true,"href":"https:\/\/pizbube.ch\/en\/wp-json\/wp\/v2\/product_brand?post=154396"},{"taxonomy":"product_cat","embeddable":true,"href":"https:\/\/pizbube.ch\/en\/wp-json\/wp\/v2\/product_cat?post=154396"},{"taxonomy":"product_tag","embeddable":true,"href":"https:\/\/pizbube.ch\/en\/wp-json\/wp\/v2\/product_tag?post=154396"}],"curies":[{"name":"wp","href":"https:\/\/api.w.org\/{rel}","templated":true}]}}