{"id":154399,"date":"2021-01-15T14:30:15","date_gmt":"2021-01-15T14:30:15","guid":{"rendered":"https:\/\/codengine3.ch\/?product=import-placeholder-for-208084"},"modified":"2021-05-18T18:10:19","modified_gmt":"2021-05-18T16:10:19","slug":"auf-eine-zigarette-am-mont-blanc","status":"publish","type":"product","link":"https:\/\/pizbube.ch\/en\/shop\/auf-eine-zigarette-am-mont-blanc\/","title":{"rendered":"Auf eine Zigarette am Mont Blanc"},"content":{"rendered":"<p>Wie ich den h\u00f6chsten Gipfel der Alpen bestieg, obwohl ich dort nichts zu<br \/>\nsuchen hatte&#8230;<\/p>\n<p>Ein unsportlicher Lektor, eine Krise und ein ziemlich hoher Berg<\/p>\n<p>Ludovic Escande ist eingefleischter Gro\u00dfstadtmensch und eher in Caf\u00e9s und<br \/>\nLiteratursalons als im Hochgebirge zu Hause. Als Lektor hat er h\u00f6chstens vom<br \/>\nSchreibtisch aus mit steilen Felsw\u00e4nden zu tun. Dies \u00e4ndert sich, als er eine<br \/>\npers\u00f6nliche Krise durchlebt. W\u00e4hrend einer langen feuchtfr\u00f6hlichen Nacht<br \/>\ngesteht er seinem Freund und Autor Sylvain Tesson, dass er ihn um seine<br \/>\nFreiheit beneidet.<\/p>\n<p>Kurzerhand schl\u00e4gt dieser vor, gemeinsam den Montblanc zu besteigen &#8211; und<br \/>\nEscande sagt zu, obwohl er untrainiert ist, an H\u00f6henangst leidet und<br \/>\nleidenschaftlicher Raucher ist. Aus der Schnapsidee wird ein Berg-Abenteuer<br \/>\nder anderen Art. Und eines der wohl unkonventionellsten und humorvollsten<br \/>\nB\u00fccher, die je \u00fcber das Bergsteigen geschrieben worden sind.<\/p>","protected":false},"excerpt":{"rendered":"<p>Wie ich den h\u00f6chsten Gipfel der Alpen bestieg, obwohl ich dort nichts zu suchen hatte&#8230; Ein unsportlicher Lektor, eine Krise und ein ziemlich hoher Berg Ludovic Escande ist eingefleischter Gro\u00dfstadtmensch und eher in Caf\u00e9s und Literatursalons als im Hochgebirge zu Hause. Als Lektor hat er h\u00f6chstens vom Schreibtisch aus mit steilen Felsw\u00e4nden zu tun. Dies [&#8230;]\n","protected":false},"featured_media":39309,"template":"","meta":[],"product_brand":[],"product_cat":[21629],"product_tag":[],"class_list":{"0":"post-154399","1":"product","2":"type-product","3":"status-publish","4":"has-post-thumbnail","6":"product_cat-belletristik","7":"pa_autor-escande","8":"pa_erscheinungsjahr-21546","9":"pa_region-deutschland","10":"pa_sprache-de","12":"first","13":"outofstock","14":"taxable","15":"shipping-taxable","16":"purchasable","17":"product-type-simple"},"_links":{"self":[{"href":"https:\/\/pizbube.ch\/en\/wp-json\/wp\/v2\/product\/154399","targetHints":{"allow":["GET"]}}],"collection":[{"href":"https:\/\/pizbube.ch\/en\/wp-json\/wp\/v2\/product"}],"about":[{"href":"https:\/\/pizbube.ch\/en\/wp-json\/wp\/v2\/types\/product"}],"wp:featuredmedia":[{"embeddable":true,"href":"https:\/\/pizbube.ch\/en\/wp-json\/wp\/v2\/media\/39309"}],"wp:attachment":[{"href":"https:\/\/pizbube.ch\/en\/wp-json\/wp\/v2\/media?parent=154399"}],"wp:term":[{"taxonomy":"product_brand","embeddable":true,"href":"https:\/\/pizbube.ch\/en\/wp-json\/wp\/v2\/product_brand?post=154399"},{"taxonomy":"product_cat","embeddable":true,"href":"https:\/\/pizbube.ch\/en\/wp-json\/wp\/v2\/product_cat?post=154399"},{"taxonomy":"product_tag","embeddable":true,"href":"https:\/\/pizbube.ch\/en\/wp-json\/wp\/v2\/product_tag?post=154399"}],"curies":[{"name":"wp","href":"https:\/\/api.w.org\/{rel}","templated":true}]}}