{"id":154400,"date":"2021-01-15T14:30:17","date_gmt":"2021-01-15T14:30:17","guid":{"rendered":"https:\/\/codengine3.ch\/?product=import-placeholder-for-206053"},"modified":"2021-01-15T14:46:01","modified_gmt":"2021-01-15T14:46:01","slug":"mountainbikeland-schweiz-band-5-highlights-ost","status":"publish","type":"product","link":"https:\/\/pizbube.ch\/en\/shop\/mountainbikeland-schweiz-band-5-highlights-ost\/","title":{"rendered":"Mountainbikeland Schweiz Band 5 Highlights Ost"},"content":{"rendered":"<p>Band 5 der Routenf\u00fchrer f\u00fcr das Mountainbikeland Schweiz enth\u00e4lt alle<br \/>\nInformationen zu 6 regionalen Routen \u00f6stlich von Olten. Dazu z\u00e4hlen folgende<br \/>\nStrecken: &#8218;Z\u00fcrich-Einsiedeln Bike&#8216; (R22), &#8218;Heidiland Bike&#8216; (R25), &#8218;H\u00f6rnli<br \/>\nBike&#8216; (R33), &#8218;Rheintal Bike&#8216; (R48), &#8218;Wildmannli Bike&#8216; (R55) und &#8218;Graub\u00fcnden<br \/>\nBike&#8216; (R90).<br \/>\nDetaillierte Angaben zu jeder Route pr\u00e4gen das Buch, dazu geben hervorragende<br \/>\nBilder einen Eindruck von den Strecken. Das Buch enth\u00e4lt zudem genaue<br \/>\nRoutenkarten im Massstab 1:100&#8217;000, die auf reiss- und wasserfestes<br \/>\nSpezialpapier gedruckt sind und herausgetrennt werden k\u00f6nnen.<br \/>\n&#8211; Detailangaben zu jeder Route<br \/>\n&#8211; Routenkarten 1:100&#8217;000 auf reiss-\/wasserfestem Spezialpapier<br \/>\n&#8211; Viele Bilder von den Strecken  <\/p>","protected":false},"excerpt":{"rendered":"<p>Band 5 der Routenf\u00fchrer f\u00fcr das Mountainbikeland Schweiz enth\u00e4lt alle Informationen zu 6 regionalen Routen \u00f6stlich von Olten. Dazu z\u00e4hlen folgende Strecken: &#8218;Z\u00fcrich-Einsiedeln Bike&#8216; (R22), &#8218;Heidiland Bike&#8216; (R25), &#8218;H\u00f6rnli Bike&#8216; (R33), &#8218;Rheintal Bike&#8216; (R48), &#8218;Wildmannli Bike&#8216; (R55) und &#8218;Graub\u00fcnden Bike&#8216; (R90). Detaillierte Angaben zu jeder Route pr\u00e4gen das Buch, dazu geben hervorragende Bilder einen Eindruck [&#8230;]\n","protected":false},"featured_media":34948,"template":"","meta":[],"product_brand":[],"product_cat":[21606],"product_tag":[],"class_list":{"0":"post-154400","1":"product","2":"type-product","3":"status-publish","4":"has-post-thumbnail","6":"product_cat-mountainbikefuehrer","7":"pa_autor-spaeth","8":"pa_erscheinungsjahr-21591","9":"pa_region-schweiz","10":"pa_sprache-de","12":"first","13":"instock","14":"taxable","15":"shipping-taxable","16":"purchasable","17":"product-type-simple"},"_links":{"self":[{"href":"https:\/\/pizbube.ch\/en\/wp-json\/wp\/v2\/product\/154400","targetHints":{"allow":["GET"]}}],"collection":[{"href":"https:\/\/pizbube.ch\/en\/wp-json\/wp\/v2\/product"}],"about":[{"href":"https:\/\/pizbube.ch\/en\/wp-json\/wp\/v2\/types\/product"}],"wp:featuredmedia":[{"embeddable":true,"href":"https:\/\/pizbube.ch\/en\/wp-json\/wp\/v2\/media\/34948"}],"wp:attachment":[{"href":"https:\/\/pizbube.ch\/en\/wp-json\/wp\/v2\/media?parent=154400"}],"wp:term":[{"taxonomy":"product_brand","embeddable":true,"href":"https:\/\/pizbube.ch\/en\/wp-json\/wp\/v2\/product_brand?post=154400"},{"taxonomy":"product_cat","embeddable":true,"href":"https:\/\/pizbube.ch\/en\/wp-json\/wp\/v2\/product_cat?post=154400"},{"taxonomy":"product_tag","embeddable":true,"href":"https:\/\/pizbube.ch\/en\/wp-json\/wp\/v2\/product_tag?post=154400"}],"curies":[{"name":"wp","href":"https:\/\/api.w.org\/{rel}","templated":true}]}}