{"id":154401,"date":"2021-01-15T14:30:18","date_gmt":"2021-01-15T14:30:18","guid":{"rendered":"https:\/\/codengine3.ch\/?product=import-placeholder-for-207927"},"modified":"2021-01-15T17:00:10","modified_gmt":"2021-01-15T17:00:10","slug":"traumziel-alpencross-die-11-schoensten-alpenueberquerungen-mit-dem-mountainbike","status":"publish","type":"product","link":"https:\/\/pizbube.ch\/en\/shop\/traumziel-alpencross-die-11-schoensten-alpenueberquerungen-mit-dem-mountainbike\/","title":{"rendered":"Traumziel Alpencross &#8211; Die 11 sch\u00f6nsten Alpen\u00fcberquerungen mit dem Mountainbike"},"content":{"rendered":"<p>\nEinmal im Leben Alpencrosser sein! Ob \u00fcber den Europ\u00e4ischen Fernwanderweg<br \/>\nM\u00fcnchen-Venedig, auf den Spuren des Transalp-Pioniers Andi Heckmair oder \u00fcber<br \/>\ndie Grande Traversata delle Alpi &#8211; M\u00f6glichkeiten des Alpencross per<br \/>\nMountainbike gibt es viele. MTB-Guru Achim Zahn stellt seine Top 11 der<br \/>\nAlpencross -Touren vor: solide geplant, detailreich beschrieben, atmosph\u00e4risch<br \/>\nbebildert. Erg\u00e4nzt um wertvolle Tipps zur Ausr\u00fcstung und Vorbereitung.<\/p>\n<p>Zur sachlichen Information gibt es je Tour eine ganze Seite, in der die<br \/>\nwichtigsten Infos wie Tourencharakter, Gesamt-H\u00f6henmeter bergauf und bergab,<br \/>\ndie Tagesetappen, Kartenempfehlungen und der Name der GPS-Tracks &#8211; die auf<br \/>\neiner CD beiliegen! &#8211; erkl\u00e4rt sind. Au\u00dferdem gibt eine Karte einen \u00dcberblick<br \/>\n\u00fcber die Route.  <\/p>","protected":false},"excerpt":{"rendered":"<p>Einmal im Leben Alpencrosser sein! Ob \u00fcber den Europ\u00e4ischen Fernwanderweg M\u00fcnchen-Venedig, auf den Spuren des Transalp-Pioniers Andi Heckmair oder \u00fcber die Grande Traversata delle Alpi &#8211; M\u00f6glichkeiten des Alpencross per Mountainbike gibt es viele. MTB-Guru Achim Zahn stellt seine Top 11 der Alpencross -Touren vor: solide geplant, detailreich beschrieben, atmosph\u00e4risch bebildert. Erg\u00e4nzt um wertvolle Tipps [&#8230;]\n","protected":false},"featured_media":38857,"template":"","meta":[],"product_brand":[],"product_cat":[21606],"product_tag":[],"class_list":{"0":"post-154401","1":"product","2":"type-product","3":"status-publish","4":"has-post-thumbnail","6":"product_cat-mountainbikefuehrer","7":"pa_autor-zahel","8":"pa_erscheinungsjahr-21571","9":"pa_region-uebrigers-europa","10":"pa_sprache-de","12":"first","13":"instock","14":"taxable","15":"shipping-taxable","16":"purchasable","17":"product-type-simple"},"_links":{"self":[{"href":"https:\/\/pizbube.ch\/en\/wp-json\/wp\/v2\/product\/154401","targetHints":{"allow":["GET"]}}],"collection":[{"href":"https:\/\/pizbube.ch\/en\/wp-json\/wp\/v2\/product"}],"about":[{"href":"https:\/\/pizbube.ch\/en\/wp-json\/wp\/v2\/types\/product"}],"wp:featuredmedia":[{"embeddable":true,"href":"https:\/\/pizbube.ch\/en\/wp-json\/wp\/v2\/media\/38857"}],"wp:attachment":[{"href":"https:\/\/pizbube.ch\/en\/wp-json\/wp\/v2\/media?parent=154401"}],"wp:term":[{"taxonomy":"product_brand","embeddable":true,"href":"https:\/\/pizbube.ch\/en\/wp-json\/wp\/v2\/product_brand?post=154401"},{"taxonomy":"product_cat","embeddable":true,"href":"https:\/\/pizbube.ch\/en\/wp-json\/wp\/v2\/product_cat?post=154401"},{"taxonomy":"product_tag","embeddable":true,"href":"https:\/\/pizbube.ch\/en\/wp-json\/wp\/v2\/product_tag?post=154401"}],"curies":[{"name":"wp","href":"https:\/\/api.w.org\/{rel}","templated":true}]}}