{"id":154403,"date":"2021-01-15T14:30:24","date_gmt":"2021-01-15T14:30:24","guid":{"rendered":"https:\/\/codengine3.ch\/?product=import-placeholder-for-204180"},"modified":"2021-01-15T14:30:39","modified_gmt":"2021-01-15T14:30:39","slug":"bellinzona-gambarogno-1-25000","status":"publish","type":"product","link":"https:\/\/pizbube.ch\/en\/shop\/bellinzona-gambarogno-1-25000\/","title":{"rendered":"Bellinzona, Gambarogno 1: 25`000"},"content":{"rendered":"<p>Region Bellinzona und Umgebung, Lago Maggiore;<br \/>\nTopografische Karten 1: 25 000 mit touristisch geeigneteren Zusammenschnitten,<br \/>\nauf der Basis der Landestopografie \/ swisstopo mit Trekking trails. Mit<br \/>\nWandervorschl\u00e4gen, Angaben zu Sehensw\u00fcrdigkeiten usw.<\/p>\n<p>Carta topografica \u00e8 tratta da quelle dell`Ufficio Federale di Topografia in<br \/>\nscala 1:25`000 ma con un`altra colorazione. Sulla carta sono indicati i<br \/>\nsentieri principali, le capanne, gli alpeggi, ecc. Le carte sono stampate sui<br \/>\n2 lati cos\u00ec con un unico foglio si copre una zona particolarmente ampia.  <\/p>\n<p>La linea topografiche da maggiori informazioni sulla topografia del luogo e<br \/>\npermette di pianificare in modo pi\u00f9 dettagliato le escursioni. Presenta le<br \/>\ncurve di livello e si appoggia alle cartine topografiche tradizionali in scala<br \/>\n1:25`000.<\/p>","protected":false},"excerpt":{"rendered":"<p>Region Bellinzona und Umgebung, Lago Maggiore; Topografische Karten 1: 25 000 mit touristisch geeigneteren Zusammenschnitten, auf der Basis der Landestopografie \/ swisstopo mit Trekking trails. Mit Wandervorschl\u00e4gen, Angaben zu Sehensw\u00fcrdigkeiten usw. Carta topografica \u00e8 tratta da quelle dell`Ufficio Federale di Topografia in scala 1:25`000 ma con un`altra colorazione. Sulla carta sono indicati i sentieri principali, [&#8230;]\n","protected":false},"featured_media":31964,"template":"","meta":[],"product_brand":[],"product_cat":[21543],"product_tag":[],"class_list":{"0":"post-154403","1":"product","2":"type-product","3":"status-publish","4":"has-post-thumbnail","6":"product_cat-landkarten","7":"pa_autor-quadraconcept","8":"pa_erscheinungsjahr-21763","9":"pa_region-schweiz","10":"pa_sprache-d","11":"pa_sprache-e","12":"pa_sprache-f","13":"pa_sprache-i","15":"first","16":"outofstock","17":"taxable","18":"shipping-taxable","19":"purchasable","20":"product-type-simple"},"_links":{"self":[{"href":"https:\/\/pizbube.ch\/en\/wp-json\/wp\/v2\/product\/154403","targetHints":{"allow":["GET"]}}],"collection":[{"href":"https:\/\/pizbube.ch\/en\/wp-json\/wp\/v2\/product"}],"about":[{"href":"https:\/\/pizbube.ch\/en\/wp-json\/wp\/v2\/types\/product"}],"wp:featuredmedia":[{"embeddable":true,"href":"https:\/\/pizbube.ch\/en\/wp-json\/wp\/v2\/media\/31964"}],"wp:attachment":[{"href":"https:\/\/pizbube.ch\/en\/wp-json\/wp\/v2\/media?parent=154403"}],"wp:term":[{"taxonomy":"product_brand","embeddable":true,"href":"https:\/\/pizbube.ch\/en\/wp-json\/wp\/v2\/product_brand?post=154403"},{"taxonomy":"product_cat","embeddable":true,"href":"https:\/\/pizbube.ch\/en\/wp-json\/wp\/v2\/product_cat?post=154403"},{"taxonomy":"product_tag","embeddable":true,"href":"https:\/\/pizbube.ch\/en\/wp-json\/wp\/v2\/product_tag?post=154403"}],"curies":[{"name":"wp","href":"https:\/\/api.w.org\/{rel}","templated":true}]}}